{"id":1419,"date":"2025-11-28T14:15:57","date_gmt":"2025-11-28T11:15:57","guid":{"rendered":"https:\/\/onabits.com\/ueber-uns\/"},"modified":"2026-01-25T19:10:15","modified_gmt":"2026-01-25T16:10:15","slug":"ueber-uns","status":"publish","type":"page","link":"https:\/\/onabits.com\/de\/ueber-uns\/","title":{"rendered":"\u00dcber uns"},"content":{"rendered":"\n<p>ONA Bits \u2013 professionelle Nagelbohrer, entwickelt gem\u00e4\u00df den europ\u00e4ischen Standards.<\/p>\n\n<p>Die Marke entstand aus einer einfachen Idee: Professionelle Bohrer sollten die Technik unterst\u00fctzen \u2013 nicht verkomplizieren.<\/p>\n\n<p>ONA Bits konzentriert sich auf sorgf\u00e4ltig ausgew\u00e4hlte Materialien und kontrollierte Produktion und bietet Werkzeuge, die f\u00fcr den professionellen Einsatz entwickelt wurden.<\/p>\n\n<p>Wir bei ONA Bits glauben, dass ein perfektes Ergebnis mit den richtigen Werkzeugen beginnt.<\/p>\n","protected":false},"excerpt":{"rendered":"<p>ONA Bits \u2013 professionelle Nagelbohrer, entwickelt gem\u00e4\u00df den europ\u00e4ischen Standards. Die Marke entstand aus einer einfachen Idee: Professionelle Bohrer sollten die Technik unterst\u00fctzen \u2013 nicht verkomplizieren. ONA Bits konzentriert sich [&hellip;]<\/p>\n","protected":false},"author":1,"featured_media":0,"parent":0,"menu_order":0,"comment_status":"closed","ping_status":"closed","template":"","meta":{"pagelayer_contact_templates":[],"_pagelayer_content":"","footnotes":""},"class_list":["post-1419","page","type-page","status-publish","hentry"],"_links":{"self":[{"href":"https:\/\/onabits.com\/de\/wp-json\/wp\/v2\/pages\/1419","targetHints":{"allow":["GET"]}}],"collection":[{"href":"https:\/\/onabits.com\/de\/wp-json\/wp\/v2\/pages"}],"about":[{"href":"https:\/\/onabits.com\/de\/wp-json\/wp\/v2\/types\/page"}],"author":[{"embeddable":true,"href":"https:\/\/onabits.com\/de\/wp-json\/wp\/v2\/users\/1"}],"replies":[{"embeddable":true,"href":"https:\/\/onabits.com\/de\/wp-json\/wp\/v2\/comments?post=1419"}],"version-history":[{"count":1,"href":"https:\/\/onabits.com\/de\/wp-json\/wp\/v2\/pages\/1419\/revisions"}],"predecessor-version":[{"id":1420,"href":"https:\/\/onabits.com\/de\/wp-json\/wp\/v2\/pages\/1419\/revisions\/1420"}],"wp:attachment":[{"href":"https:\/\/onabits.com\/de\/wp-json\/wp\/v2\/media?parent=1419"}],"curies":[{"name":"wp","href":"https:\/\/api.w.org\/{rel}","templated":true}]}}