{"id":1441,"date":"2025-11-27T23:49:04","date_gmt":"2025-11-27T20:49:04","guid":{"rendered":"https:\/\/onabits.com\/allgemeine-geschaeftsbedingungen\/"},"modified":"2026-01-25T19:18:22","modified_gmt":"2026-01-25T16:18:22","slug":"allgemeine-geschaeftsbedingungen","status":"publish","type":"page","link":"https:\/\/onabits.com\/de\/allgemeine-geschaeftsbedingungen\/","title":{"rendered":"Allgemeine Gesch\u00e4ftsbedingungen"},"content":{"rendered":"\t\t<div data-elementor-type=\"wp-page\" data-elementor-id=\"1441\" class=\"elementor elementor-1441 elementor-534\">\n\t\t\t\t<div class=\"elementor-element elementor-element-005ede4 e-flex e-con-boxed e-con e-parent\" data-id=\"005ede4\" data-element_type=\"container\">\n\t\t\t\t\t<div class=\"e-con-inner\">\n\t\t\t\t<div class=\"elementor-element elementor-element-10804ed elementor-widget elementor-widget-heading\" data-id=\"10804ed\" data-element_type=\"widget\" data-widget_type=\"heading.default\">\n\t\t\t\t\t<h2 class=\"elementor-heading-title elementor-size-default\">Allgemeine Gesch\u00e4ftsbedingungen<\/h2>\t\t\t\t<\/div>\n\t\t\t\t<div class=\"elementor-element elementor-element-ac4a274 elementor-widget elementor-widget-text-editor\" data-id=\"ac4a274\" data-element_type=\"widget\" data-widget_type=\"text-editor.default\">\n\t\t\t\t\t\t\t\t\t<p>Allgemeine Gesch\u00e4ftsbedingungen (englische Version)<\/p><p>Letzte Aktualisierung: November 2025<\/p><p>Diese Allgemeinen Gesch\u00e4ftsbedingungen (die Bedingungen) regeln die Beziehung zwischen:<br>SIA \u201eBeauty Baltic\u201c<br>Reg. Nr.: 40203077960<br>Adresse: R\u016bpniec\u012bbas iela 32B\u20131H, R\u012bga, LV-1045, Lettland<br>E-Mail: info@onabits.com<br>Telefon: +37125867806<br>(im Folgenden \u2013 das Unternehmen)<br>und jeder Person, die eine Bestellung auf onabits.com aufgibt (der Kunde).<br>Durch die Nutzung der Website oder das Aufgeben einer Bestellung stimmt der Kunde diesen Bedingungen zu.<br>\u2e3b<br>1. Definitionen<br>1.1. Website \u2013 https:\/\/onabits.com\/<br>1.2. Kunde \u2013 eine Person, die Waren \u00fcber die Website kauft<br>1.3. Waren \u2013 Sch\u00f6nheits-, Nagel- und verwandte Produkte, die auf der Website angeboten werden<br>1.4. Bestellung \u2013 ein vom Kunden eingereichter Kaufantrag<br>1.5. Vereinbarung \u2013 der Fernabsatzvertrag, der nach Auftragsbest\u00e4tigung zustande kommt<br>\u2e3b<br>2. Gegenstand der Vereinbarung<br>2.1. Das Unternehmen verpflichtet sich, die Waren zu liefern, und der Kunde verpflichtet sich, diese zu bezahlen und anzunehmen.<br>2.2. Produktbilder auf der Website dienen nur zu Informationszwecken; Farben und Aussehen k\u00f6nnen variieren.<br>2.3. Informationen k\u00f6nnen sich ohne vorherige Ank\u00fcndigung \u00e4ndern.<br>\u2e3b<br>3. Bestellvorgang<br>3.1. Bestellungen werden \u00fcber den Online-Warenkorb aufgegeben. Mindestbestellmenge: 25 \u20ac.<br>3.2. Der Kunde muss korrekte pers\u00f6nliche Daten angeben.<br>3.3. Mit der Bestellung best\u00e4tigt der Kunde die Annahme von:<br>\u2014 Allgemeine Gesch\u00e4ftsbedingungen<br>\u2014 Datenschutzrichtlinie<br>\u2014 Informationen zu Lieferung &amp; Zahlung<br>3.4. Nach dem Absenden wird eine Bestellbest\u00e4tigungs-E-Mail versendet.<br>\u2e3b<br>4. Preise und Zahlung<br>4.1. Alle Preise enthalten 21 % Mehrwertsteuer und verstehen sich zuz\u00fcglich Versandkosten.<br>4.2. Die Preise k\u00f6nnen sich jederzeit \u00e4ndern.<br>4.3. Zahlungsmethoden umfassen:<br>Bankkarte<br>Internetbanking<br>andere auf der Website aufgef\u00fchrte Optionen<br>4.4. Wenn die Zahlung fehlschl\u00e4gt, ist die Bestellung ung\u00fcltig.<br>\u2e3b<br>5. Lieferung<br>5.1. Die Lieferung ist innerhalb Lettlands, der EU und anderer Regionen (sofern zutreffend) m\u00f6glich.<br>5.2. Bestellungen werden innerhalb von 1\u20133 Werktagen nach Zahlungseingang versandt.<br>5.3. Die Versandkosten werden an der Kasse berechnet.<br>5.4. Die Gefahr des Verlusts oder der Besch\u00e4digung geht mit dem physischen Erhalt der Ware auf den Kunden \u00fcber,<br>es sei denn, der Kunde hat einen vom Unternehmen nicht angebotenen Spediteur gew\u00e4hlt.<br>5.5. Der Kunde muss das Paket bei Erhalt \u00fcberpr\u00fcfen. Sch\u00e4den m\u00fcssen beim Kurierdienst gemeldet werden.<br>\u2e3b<br>6. Widerrufsrecht und R\u00fccksendungen<br>6.1. Der Kunde kann Waren innerhalb von 14 Tagen gem\u00e4\u00df EU-Verbraucherrecht zur\u00fccksenden.<br>6.2. Der Kunde hat das Recht, ohne Angabe von Gr\u00fcnden vom Vertrag zur\u00fcckzutreten<br>innerhalb von 14 Tagen ab dem Tag, an dem der Kunde den physischen Besitz der Ware erlangt hat.<br>Um das Widerrufsrecht auszu\u00fcben, muss der Kunde das Unternehmen \u00fcber seine Entscheidung informieren,<br>vom Vertrag zur\u00fcckzutreten, per E-Mail vor Ablauf der Widerrufsfrist.<br>6.3. R\u00fccksendungen werden nur akzeptiert, wenn die Waren:<br>unbenutzt sind;<br>sich im Originalzustand und in der Originalverpackung befinden;<br>keine Gebrauchsspuren aufweisen.<br>6.4. Produkte, die aus Gr\u00fcnden des Gesundheitsschutzes oder der Hygiene versiegelt sind<br>und nach der Lieferung entsiegelt wurden, k\u00f6nnen nicht zur\u00fcckgegeben werden,<br>soweit dies nach EU-Verbraucherrecht zul\u00e4ssig und anwendbar ist.<br>6.5. Die Kosten f\u00fcr den R\u00fcckversand tr\u00e4gt der Kunde.<br>6.6. R\u00fcckerstattungen werden innerhalb von 14 Tagen auf die urspr\u00fcngliche Zahlungsmethode bearbeitet.<br>\u2e3b<br>7. Haftung<br>7.1. Das Unternehmen haftet nicht f\u00fcr:<br>Website-Unterbrechungen;<br>Anzeigeunterschiede, die durch Ger\u00e4teeinstellungen verursacht werden;<br>Kurierverz\u00f6gerungen;<br>Sch\u00e4den, die durch unsachgem\u00e4\u00dfe Verwendung der Ware entstehen.<br>7.2. Das Unternehmen ist nicht verantwortlich f\u00fcr Verluste, die durch Missbrauch durch den Kunden entstehen.<br>7.3. Nichts in diesen Bedingungen schr\u00e4nkt die gesetzlichen Rechte des Kunden nach geltendem Recht ein.<br>\u2e3b<br>8. Geistiges Eigentum<br>8.1. Alle Materialien auf der Website, einschlie\u00dflich Logos, Texte und visueller Inhalte, sind Eigentum des Unternehmens.<br>8.2. Unbefugtes Kopieren oder Verbreiten ist untersagt.<br>\u2e3b<br>9. \u00c4nderungen<br>9.1. Das Unternehmen kann diese Bedingungen jederzeit aktualisieren.<br>9.2. Aktualisierungen treten mit der Ver\u00f6ffentlichung in Kraft.<br>9.3. Die fortgesetzte Nutzung der Website stellt die Annahme der aktualisierten Bedingungen dar.<br>\u2e3b<br>10. Geltendes Recht<br>10.1. Diese Bedingungen unterliegen den Gesetzen von Lettland und der Europ\u00e4ischen Union.<br>10.2. Streitigkeiten sind vor den Gerichten Lettlands beizulegen.<br>\u2e3b<br>11. Kontaktinformationen<br>SIA \u201eBeauty Baltic\u201c<br>R\u016bpniec\u012bbas iela 32B\u20131H, R\u012bga, LV-1045, Lettland<br>E-Mail: info@onabits.com<br>Telefon: +37125867806<br>Registrierungsnummer: 40203077960<br>Umsatzsteuer-Identifikationsnummer: LV40203077960<br><br>Das Unternehmen fungiert als Verk\u00e4ufer und Importeur der Waren in der Europ\u00e4ischen Union.<\/p>\t\t\t\t\t\t\t\t<\/div>\n\t\t\t\t\t<\/div>\n\t\t\t\t<\/div>\n\t\t<div class=\"elementor-element elementor-element-9dda08a e-flex e-con-boxed e-con e-parent\" data-id=\"9dda08a\" data-element_type=\"container\">\n\t\t\t\t\t<div class=\"e-con-inner\">\n\t\t\t\t\t<\/div>\n\t\t\t\t<\/div>\n\t\t\t\t<\/div>\n\t\t","protected":false},"excerpt":{"rendered":"<p>Allgemeine Gesch\u00e4ftsbedingungen Allgemeine Gesch\u00e4ftsbedingungen (englische Version) Letzte Aktualisierung: November 2025 Diese Allgemeinen Gesch\u00e4ftsbedingungen (die Bedingungen) regeln die Beziehung zwischen:SIA \u201eBeauty Baltic\u201cReg. Nr.: 40203077960Adresse: R\u016bpniec\u012bbas iela 32B\u20131H, R\u012bga, LV-1045, LettlandE-Mail: info@onabits.comTelefon: [&hellip;]<\/p>\n","protected":false},"author":1,"featured_media":0,"parent":0,"menu_order":0,"comment_status":"closed","ping_status":"closed","template":"","meta":{"pagelayer_contact_templates":[],"_pagelayer_content":"","footnotes":""},"class_list":["post-1441","page","type-page","status-publish","hentry"],"_links":{"self":[{"href":"https:\/\/onabits.com\/de\/wp-json\/wp\/v2\/pages\/1441","targetHints":{"allow":["GET"]}}],"collection":[{"href":"https:\/\/onabits.com\/de\/wp-json\/wp\/v2\/pages"}],"about":[{"href":"https:\/\/onabits.com\/de\/wp-json\/wp\/v2\/types\/page"}],"author":[{"embeddable":true,"href":"https:\/\/onabits.com\/de\/wp-json\/wp\/v2\/users\/1"}],"replies":[{"embeddable":true,"href":"https:\/\/onabits.com\/de\/wp-json\/wp\/v2\/comments?post=1441"}],"version-history":[{"count":1,"href":"https:\/\/onabits.com\/de\/wp-json\/wp\/v2\/pages\/1441\/revisions"}],"predecessor-version":[{"id":1442,"href":"https:\/\/onabits.com\/de\/wp-json\/wp\/v2\/pages\/1441\/revisions\/1442"}],"wp:attachment":[{"href":"https:\/\/onabits.com\/de\/wp-json\/wp\/v2\/media?parent=1441"}],"curies":[{"name":"wp","href":"https:\/\/api.w.org\/{rel}","templated":true}]}}