{"id":1489,"date":"2025-11-27T00:54:37","date_gmt":"2025-11-26T21:54:37","guid":{"rendered":"https:\/\/onabits.com\/liefer-zahlungsinformationen\/"},"modified":"2026-03-12T23:48:33","modified_gmt":"2026-03-12T20:48:33","slug":"liefer-zahlungsinformationen","status":"publish","type":"page","link":"https:\/\/onabits.com\/de\/liefer-zahlungsinformationen\/","title":{"rendered":"Liefer- &amp; Zahlungsinformationen"},"content":{"rendered":"\t\t<div data-elementor-type=\"wp-page\" data-elementor-id=\"1489\" class=\"elementor elementor-1489 elementor-2\">\n\t\t\t\t<div class=\"elementor-element elementor-element-8f260d9 e-flex e-con-boxed e-con e-parent\" data-id=\"8f260d9\" data-element_type=\"container\">\n\t\t\t\t\t<div class=\"e-con-inner\">\n\t\t\t\t<div class=\"elementor-element elementor-element-3644a5b elementor-widget elementor-widget-heading\" data-id=\"3644a5b\" data-element_type=\"widget\" data-widget_type=\"heading.default\">\n\t\t\t\t\t<h2 class=\"elementor-heading-title elementor-size-default\">Liefer- &amp; Zahlungsinformationen<\/h2>\t\t\t\t<\/div>\n\t\t\t\t\t<\/div>\n\t\t\t\t<\/div>\n\t\t<div class=\"elementor-element elementor-element-77275ed0 e-flex e-con-boxed e-con e-parent\" data-id=\"77275ed0\" data-element_type=\"container\">\n\t\t\t\t\t<div class=\"e-con-inner\">\n\t\t\t\t<div class=\"elementor-element elementor-element-4d5031b7 elementor-widget elementor-widget-text-editor\" data-id=\"4d5031b7\" data-element_type=\"widget\" data-widget_type=\"text-editor.default\">\n\t\t\t\t\t\t\t\t\t<p>Um eine vollst\u00e4ndige Kundenzufriedenheit zu gew\u00e4hrleisten, sind wir bestrebt, die schnellsten, vorteilhaftesten und bequemsten M\u00f6glichkeiten zur Lieferung und Bezahlung von Produkten anzubieten.<\/p><h4 class=\"wp-block-heading\"><strong>Versandoptionen, Preise (mit MwSt.) und Zeitr\u00e4ume<\/strong><\/h4><h4 class=\"wp-block-heading\"><strong>LETTLAND<\/strong><strong>:<\/strong><\/h4><ul class=\"wp-block-list\"><li>Omniva-Paketautomaten: 2,99 \u20ac (1-3 Tage). Kostenlose Lieferung f\u00fcr Bestellungen mit einem Gesamtwert von 50,00 \u20ac und mehr. <\/li><\/ul><h4 class=\"wp-block-heading\"><strong>ESTLAND, LITAUEN:<\/strong><\/h4><ul class=\"wp-block-list\"><li>Omniva-Paketautomaten: 4,99 \u20ac (2-4 Tage). Kostenlose Lieferung f\u00fcr Bestellungen mit einem Gesamtwert von 50,00 \u20ac und mehr. <\/li><\/ul><h4 class=\"wp-block-heading\"><strong>EUROP\u00c4ISCHE UNION (EU):<\/strong><\/h4><ul class=\"wp-block-list\"><li>Omniva International (Economy) (Post): 9,99 \u20ac (7\u201321 Tage);<\/li><li>Kurierdienst (Fedex): 25,00 \u20ac (7-10 Tage).<\/li><\/ul><h4 class=\"wp-block-heading\"><strong>WELTWEIT:<\/strong><\/h4><p>Post: 25,00 \u20ac (10-30 Tage)<\/p><h5 class=\"wp-block-heading\"><em>HINWEIS<\/em><\/h5><ol class=\"wp-block-list\"><li>Die Versandoptionen basieren auf Ihrer Lieferadresse. Die Versandoptionen und -geb\u00fchren werden Ihnen an der Kasse angezeigt, bevor Sie die Bestellung annehmen und die Zahlung vornehmen.<\/li><li>F\u00fcr jede Versandart k\u00f6nnen Beschr\u00e4nkungen hinsichtlich Paketgewicht und -gr\u00f6\u00dfe gelten. Wenn das Gewicht und\/oder die Gr\u00f6\u00dfe die Transportgrenzen \u00fcberschreiten, k\u00f6nnen wir die Sendung ablehnen und die Zahlung zur\u00fcckerstatten, oder wir k\u00f6nnen Sie bitten, eine zus\u00e4tzliche Geb\u00fchr zu zahlen, wenn Sie dies akzeptieren. Wir werden Sie in jedem Fall kontaktieren, wenn dies erforderlich ist.  <\/li><li>Sobald die Sendung bearbeitet wurde, wird die Sendungsverfolgungsnummer angegeben, damit Sie Ihre Sendung verfolgen k\u00f6nnen.<\/li><li>Die Lieferzeiten sind Sch\u00e4tzungen und k\u00f6nnen je nach Zielort variieren<br>und externen Faktoren, die au\u00dferhalb der Kontrolle des Unternehmens liegen.<\/li><li>An Samstagen, Sonntagen und Feiertagen gibt es keine Zustellung und keine Sendungen.<\/li><li>F\u00fcr Lieferungen au\u00dferhalb der Europ\u00e4ischen Union k\u00f6nnen Zollgeb\u00fchren, Steuern und andere<br>Einfuhrabgaben anfallen, die in der Verantwortung des Kunden liegen.<\/li><\/ol><h5 class=\"wp-block-heading\">OMNIVA-Paketautomaten (nur Lettland, Estland &amp; Litauen)<\/h5><p>Es gibt eine Reihe von OMNIVA-Paketautomaten in Lettland, Estland und Litauen.<\/p><p>Die ungef\u00e4hre Lieferzeit betr\u00e4gt 1-3 Werktage f\u00fcr Lettland, 2-4 Werktage f\u00fcr Estland und Litauen.<\/p><p>Weitere Informationen auf der Website des Spediteurs: https:\/\/www.omniva.lv\/<\/p><h5 class=\"wp-block-heading\">International Mail \u2013 POST (EU- und weltweiter Versand)<\/h5><p>International Mail kann Pakete bis zu 2 kg versenden. Wenn Sie Waren f\u00fcr mehr als 2 kg kaufen m\u00f6chten, senden Sie uns bitte eine Anfrage per E-Mail an info@onabits.com und beschreiben Sie Ihre Anforderungen. <\/p><p>Die ungef\u00e4hre Lieferzeit betr\u00e4gt 4-7 Tage innerhalb Lettlands, 5-10 Tage nach Estland und Litauen, 7-15 Tage in die Europ\u00e4ische Union, 10-30 Tage au\u00dferhalb der Europ\u00e4ischen Union.<\/p><p>Weitere Informationen auf der Website des Spediteurs: https:\/\/pasts.lv<\/p><h4 class=\"wp-block-heading\"><strong>Zahlungsoptionen<\/strong><\/h4><p>Sie k\u00f6nnen eine der folgenden Zahlungsoptionen w\u00e4hlen:<\/p><h5 class=\"wp-block-heading\">1. Debit- &amp; Kreditkarten (verarbeitet von <a href=\"https:\/\/www.paypal.com\/\">PayPal<\/a><span class=\"s1\">)<\/span><\/h5><h5>2. <a href=\"https:\/\/www.paypal.com\/\">PayPal<\/a>-Zahlungssystem<\/h5><h5 class=\"wp-block-heading\">3. <label for=\"payment_method_bacs\">Direkte Bank\u00fcberweisung<\/label> <\/h5><p>Sie erhalten alle Zahlungsdetails per E-Mail, direkt nachdem Sie die Bestellung aufgegeben haben. Ihre Bestellung wird nach Eingang der Zahlung auf unserem Bankkonto bearbeitet. <\/p>\t\t\t\t\t\t\t\t<\/div>\n\t\t\t\t\t<\/div>\n\t\t\t\t<\/div>\n\t\t\t\t<\/div>\n\t\t","protected":false},"excerpt":{"rendered":"<p>Liefer- &amp; Zahlungsinformationen Um eine vollst\u00e4ndige Kundenzufriedenheit zu gew\u00e4hrleisten, sind wir bestrebt, die schnellsten, vorteilhaftesten und bequemsten M\u00f6glichkeiten zur Lieferung und Bezahlung von Produkten anzubieten. Versandoptionen, Preise (mit MwSt.) und [&hellip;]<\/p>\n","protected":false},"author":1,"featured_media":0,"parent":0,"menu_order":0,"comment_status":"closed","ping_status":"open","template":"","meta":{"pagelayer_contact_templates":[],"_pagelayer_content":"","footnotes":""},"class_list":["post-1489","page","type-page","status-publish","hentry"],"_links":{"self":[{"href":"https:\/\/onabits.com\/de\/wp-json\/wp\/v2\/pages\/1489","targetHints":{"allow":["GET"]}}],"collection":[{"href":"https:\/\/onabits.com\/de\/wp-json\/wp\/v2\/pages"}],"about":[{"href":"https:\/\/onabits.com\/de\/wp-json\/wp\/v2\/types\/page"}],"author":[{"embeddable":true,"href":"https:\/\/onabits.com\/de\/wp-json\/wp\/v2\/users\/1"}],"replies":[{"embeddable":true,"href":"https:\/\/onabits.com\/de\/wp-json\/wp\/v2\/comments?post=1489"}],"version-history":[{"count":2,"href":"https:\/\/onabits.com\/de\/wp-json\/wp\/v2\/pages\/1489\/revisions"}],"predecessor-version":[{"id":2557,"href":"https:\/\/onabits.com\/de\/wp-json\/wp\/v2\/pages\/1489\/revisions\/2557"}],"wp:attachment":[{"href":"https:\/\/onabits.com\/de\/wp-json\/wp\/v2\/media?parent=1489"}],"curies":[{"name":"wp","href":"https:\/\/api.w.org\/{rel}","templated":true}]}}