{"id":1499,"date":"2025-11-27T00:54:37","date_gmt":"2025-11-26T21:54:37","guid":{"rendered":"https:\/\/onabits.com\/datenschutzbestimmungen\/"},"modified":"2026-01-25T19:43:59","modified_gmt":"2026-01-25T16:43:59","slug":"datenschutzbestimmungen","status":"publish","type":"page","link":"https:\/\/onabits.com\/de\/datenschutzbestimmungen\/","title":{"rendered":"Datenschutzbestimmungen"},"content":{"rendered":"\t\t<div data-elementor-type=\"wp-page\" data-elementor-id=\"1499\" class=\"elementor elementor-1499 elementor-3\">\n\t\t\t\t<div class=\"elementor-element elementor-element-ca9eee2 e-flex e-con-boxed e-con e-parent\" data-id=\"ca9eee2\" data-element_type=\"container\">\n\t\t\t\t\t<div class=\"e-con-inner\">\n\t\t\t\t<div class=\"elementor-element elementor-element-6b46635 elementor-widget elementor-widget-heading\" data-id=\"6b46635\" data-element_type=\"widget\" data-widget_type=\"heading.default\">\n\t\t\t\t\t<h2 class=\"elementor-heading-title elementor-size-default\">Datenschutzbestimmungen<\/h2>\t\t\t\t<\/div>\n\t\t\t\t\t<\/div>\n\t\t\t\t<\/div>\n\t\t<div class=\"elementor-element elementor-element-6148264e e-flex e-con-boxed e-con e-parent\" data-id=\"6148264e\" data-element_type=\"container\">\n\t\t\t\t\t<div class=\"e-con-inner\">\n\t\t\t\t<div class=\"elementor-element elementor-element-55a2ca1f elementor-widget elementor-widget-text-editor\" data-id=\"55a2ca1f\" data-element_type=\"widget\" data-widget_type=\"text-editor.default\">\n\t\t\t\t\t\t\t\t\t<p>Letzte Aktualisierung: November 2025<\/p><p>1. Was bedeutet diese Datenschutzerkl\u00e4rung?<br>Wir legen Wert auf Ihre Privatsph\u00e4re und die Sicherheit Ihrer pers\u00f6nlichen Daten. Gem\u00e4\u00df der Verordnung (EU) 2016\/679 des Europ\u00e4ischen Parlaments und des Rates vom 27. April 2016 zum Schutz nat\u00fcrlicher Personen bei der Verarbeitung personenbezogener Daten und zum freien Datenverkehr, die die Richtlinie 95\/46\/EG aufhebt (Datenschutz-Grundverordnung), bieten wir Ihnen eine besonders transparente und faire Verarbeitung Ihrer personenbezogenen Daten.<br>Diese Datenschutzerkl\u00e4rung (im Folgenden die &#8220;Datenschutzerkl\u00e4rung&#8221;) spiegelt die Regeln wider, die von allen Besuchern der Website https:\/\/onabits.com\/ (im Folgenden die &#8220;Website&#8221;) (im Folgenden die &#8220;Besucher&#8221;) befolgt werden m\u00fcssen.<br>Es wird davon ausgegangen, dass der Besucher sich mit der Datenschutzerkl\u00e4rung vertraut gemacht hat und sich damit einverstanden erkl\u00e4rt, diese einzuhalten, wenn er die Website besucht, sich auf ihr registriert und (oder) die auf der Website zum Verkauf stehenden Produkte gekauft hat. Wenn der Besucher mit dieser Datenschutzerkl\u00e4rung nicht einverstanden ist, sind bestimmte Funktionen<br>der Website m\u00f6glicherweise nicht verf\u00fcgbar.  <\/p><p>2. Welche Informationen sammeln wir?<br>Wir erheben und verarbeiten nur relevante personenbezogene Daten, die zur Erreichung der Zwecke, f\u00fcr die sie verarbeitet werden, erforderlich sind.<br>Indem wir Ihnen Produkte auf der Website anbieten, kann SIA &#8220;Beauty Baltic&#8221;: Registrierungsnummer 40203077960, Adresse: R\u016bpniec\u012bbas iela 32B\u20131H, Riga, LV-1045 (im Folgenden der &#8220;Verk\u00e4ufer&#8221;) personenbezogene Daten erheben, speichern und verwenden.<br>Registrierung auf der Website: Vorname, Nachname, Firmenname (optional), E-Mail-Adresse, Telefonnummer.<br>Eink\u00e4ufe t\u00e4tigen: Name, Nachname, Firmenname (optional), Mobiltelefonnummer, Versandart, Lieferadresse (falls zutreffend), Zahlungsmethode, Zahlungsdetails.<br>Informationen \u00fcber Ihren Computer, Ihre Besuche und Eink\u00e4ufe auf der Website, einschlie\u00dflich Ihrer IP-Adresse sowie des Zeitpunkts und Datums Ihrer Registrierung auf der Website;<br>Alle anderen Informationen, die Sie uns bei der Nutzung unserer Website und der von uns angebotenen Dienste oder bei der Kommunikation mit uns zur Verf\u00fcgung stellen.<\/p><p>3. Cookies<br>Cookies enthalten Informationen, die von einem Webserver an einen Webbrowser gesendet und vom Webbrowser gespeichert werden. Wir verwenden Google Analytics, um die Nutzung der genannten Website zu analysieren. Diese Tools generieren Statistiken und andere Informationen \u00fcber die Nutzung der Website mit Cookies, die auf den Computern der Besucher gespeichert werden. Informationen \u00fcber den Besuch der Website werden verwendet, um Berichte \u00fcber die Netzwerknutzung zu erstellen. Diese Informationen werden von Google oder einem \u00e4hnlichen Dienstanbieter gespeichert. Wir verwenden Cookies auch, um Sie als Besucher wiederzuerkennen, der die Website bereits genutzt hat.<br>Die meisten Webbrowser erlauben es Ihnen, alle Cookies abzulehnen, einige Browser erlauben es Ihnen nur, Cookies von Drittanbietern abzulehnen. Daher k\u00f6nnen Sie je nach Webbrowser alle Cookies teilweise oder vollst\u00e4ndig ablehnen, aber wir weisen Sie darauf hin, dass das Blockieren von Cookies die Nutzung unserer Website negativ beeinflusst, ohne sie k\u00f6nnen Sie nicht alle von der Website angebotenen Funktionen nutzen.<br>Beim Besuch der Website wird dem Besucher ein Cookie-Banner angezeigt,<br>das Informationen \u00fcber die Verwendung von Cookies enth\u00e4lt.<br>Zustimmungsbed\u00fcrftige Cookies werden erst verwendet, nachdem der Besucher<br>\u00fcber das Cookie-Banner ausdr\u00fccklich zugestimmt hat. Der Besucher kann seine<br>Einwilligung jederzeit \u00fcber die Cookie-Einstellungen widerrufen oder \u00e4ndern.<br>Wenn der Besucher Fragen zur Verwendung von Cookies hat, wenden Sie sich bitte an den Dienstanbieter, indem Sie eine E-Mail an die Adresse info@onabits.com senden.       <\/p><p>4. Verwendung Ihrer pers\u00f6nlichen Daten<br>Wir verwenden die gesammelten personenbezogenen Daten nur f\u00fcr die in dieser Datenschutzerkl\u00e4rung genannten Zwecke.<br>Wir k\u00f6nnen Ihre pers\u00f6nlichen Daten verwenden, um:<br>-Ihnen die M\u00f6glichkeit zu geben, unsere Website und die angebotenen Dienste zu nutzen;<br>-einen Vertrag mit Ihnen abzuschlie\u00dfen und ihn zu erf\u00fcllen;<br>-das auf dieser Website gekaufte Produkt zu liefern;<br>-Ihnen Rechnungen und Lieferscheine auszustellen und zuzusenden;<br>-Ihre Zahlungen einzuziehen und zu sammeln;<br>-Ihnen Benachrichtigungen zu senden und mit Ihnen zu korrespondieren;<br>-Informationen \u00fcber fr\u00fchere Eink\u00e4ufe widerzuspiegeln;<br>-Ihnen per Post, E-Mail oder auf andere Weise unsere Neuigkeiten und andere Informationen im Zusammenhang mit unseren Dienstleistungen zu senden, die wir f\u00fcr Sie als notwendig erachten (wenn Sie in Zukunft keine Marketingmitteilungen mehr erhalten m\u00f6chten, k\u00f6nnen Sie den Erhalt dieser Art von Neuigkeiten und Informationen jederzeit ablehnen, indem Sie uns per E-Mail dar\u00fcber informieren oder auf den interaktiven Link unter der erhaltenen Benachrichtigung klicken).<br>Rechtsgrundlage f\u00fcr die Verarbeitung personenbezogener Daten:<br>Personenbezogene Daten werden auf den folgenden Rechtsgrundlagen gem\u00e4\u00df<br>Artikel 6 der DSGVO verarbeitet:<br>\u2013 Erf\u00fcllung eines Vertrags (Art. 6 Abs. 1 lit. b DSGVO);<br>\u2013 Erf\u00fcllung rechtlicher Verpflichtungen (Art. 6 Abs. 1 lit. c DSGVO);<br>\u2013 berechtigte Interessen des Unternehmens, wie z. B. die Gew\u00e4hrleistung des ordnungsgem\u00e4\u00dfen<br>Betriebs der Website und des Kundendienstes (Art. 6 Abs. 1 lit. f DSGVO);<br>\u2013 Einwilligung der betroffenen Person, sofern erforderlich (Art. 6 Abs. 1 lit. a DSGVO).    <br>Ihre personenbezogenen Daten werden nicht l\u00e4nger gespeichert, als es f\u00fcr den Zweck der erhobenen Daten erforderlich ist. Wenn personenbezogene Daten nicht mehr ben\u00f6tigt werden oder ablaufen, werden sie vernichtet.<br>Personenbezogene Daten werden so lange gespeichert, wie es zur Erf\u00fcllung vertraglicher<br>Verpflichtungen und zur Einhaltung geltender gesetzlicher Bestimmungen, einschlie\u00dflich<br>Rechnungslegungs- und Steuergesetze, erforderlich ist.<br>Direktmarketing<br>Das Unternehmen kann Ihnen auf elektronischem Wege (E-Mail, SMS oder andere Form) Informationen \u00fcber Produkte zusenden, die denen \u00e4hneln, die Sie auf der Website gekauft haben, und Ihre Daten an diejenigen Datenempf\u00e4nger \u00fcbermitteln, die die personenbezogenen Daten, die Sie dem Website-Administrator gegeben haben, f\u00fcr Direktmarketingzwecke verwenden. Die Liste der Empf\u00e4nger dieser Informationen kann sich \u00e4ndern, aber der Zweck bleibt derselbe; wenn Sie eine Liste der Empf\u00e4nger von Informationen erhalten m\u00f6chten, benachrichtigen Sie uns per E-Mail an die Adresse:<br>info@onabits.com.<br>Wenn Sie keine Direktmarketingangebote erhalten m\u00f6chten, k\u00f6nnen Sie uns Ihre Ablehnung mitteilen, indem Sie an die E-Mail-Adresse info@onabits.com schreiben oder auf den entsprechenden Link in jeder an Sie gesendeten Direktmarketingmitteilung klicken.  <\/p><p>5. Weitergabe von Informationen<br>Der Verk\u00e4ufer kann Informationen \u00fcber Sie an seine Mitarbeiter, Manager, Vermittler, Lieferanten und Subunternehmer weitergeben, wenn dies vern\u00fcnftigerweise erforderlich ist, um die von Ihnen auf der Website gekauften Waren zu liefern und Ihre bisherige Kaufhistorie widerzuspiegeln, oder f\u00fcr andere in dieser Datenschutzerkl\u00e4rung vorgesehene Zwecke.<br>Wir k\u00f6nnen auch Informationen \u00fcber Sie weitergeben, wenn:<br>wir dies aufgrund des Gesetzes tun m\u00fcssen;<br>um Ihre Rechte oder Interessen zu sch\u00fctzen (einschlie\u00dflich der Weitergabe von Informationen \u00fcber Sie an Dritte, um Schulden einzutreiben).<br>Personenbezogene Daten werden nicht an Dritte f\u00fcr einen Zweck weitergegeben, der in der Datenschutzerkl\u00e4rung nicht vorgesehen ist.<\/p><p>6. Sicherheit Ihrer pers\u00f6nlichen Daten<br>Ihre personenbezogenen Daten werden in \u00dcbereinstimmung mit den Gesetzen der Republik Lettland und der Europ\u00e4ischen Union verarbeitet, die die Verarbeitung und den Schutz dieser Daten regeln. Bei der Verarbeitung Ihrer personenbezogenen Daten setzen wir technische Sicherheitsma\u00dfnahmen ein, die den Schutz personenbezogener Daten vor versehentlicher oder unrechtm\u00e4\u00dfiger Zerst\u00f6rung, Ver\u00e4nderung, Offenlegung sowie jeder anderen unrechtm\u00e4\u00dfigen Verarbeitung gew\u00e4hrleisten.<br>Es ist bekannt, dass die \u00dcbertragung personenbezogener Daten \u00fcber das Internet unsicher ist, und wir k\u00f6nnen die sichere \u00dcbertragung von Daten \u00fcber das Internet nicht garantieren. <\/p><p>7. Ihre Einwilligung und Rechte<br>Indem Sie sich als Nutzer der Website registrieren oder die auf der Website angebotenen Dienste anderweitig nutzen, einschlie\u00dflich des Kaufs eines Produkts, best\u00e4tigen Sie, dass Sie mit dieser Datenschutzerkl\u00e4rung vertraut sind und ihr zustimmen, und gew\u00e4hren uns damit das Recht, alle Ihre hier genannten und uns w\u00e4hrend der Nutzung der Website \u00fcbermittelten personenbezogenen Daten zu den in dieser Datenschutzerkl\u00e4rung genannten Zwecken zu erheben, zu speichern, zu systematisieren, zu nutzen und zu verarbeiten.<br>Sie k\u00f6nnen einen schriftlichen Antrag (per Post oder E-Mail) stellen, wenn Sie Informationen \u00fcber die Quellen und die Art Ihrer personenbezogenen Daten, die der Verk\u00e4ufer erhoben hat, f\u00fcr welchen Zweck diese Daten verarbeitet werden und an welche Datenempf\u00e4nger sie \u00fcbermittelt werden, erhalten m\u00f6chten. Wir beantworten solche Antr\u00e4ge in \u00dcbereinstimmung mit den in den Rechtsakten festgelegten Verfahren und versuchen, Ihnen so schnell wie m\u00f6glich Informationen zukommen zu lassen, in der Regel jedoch innerhalb von 30 Tagen ab dem Zeitpunkt des Eingangs des Antrags.<br>Als Antwort auf Ihren Antrag werden diese Informationen schriftlich \u00fcbermittelt, indem sie an die angegebene Post- oder E-Mail-Adresse gesendet werden. Informationen \u00fcber die Quellen und die Art Ihrer personenbezogenen Daten, die erhoben wurden, f\u00fcr welchen Zweck sie verarbeitet werden und an welche Datenempf\u00e4nger sie im Laufe des letzten Jahres \u00fcbermittelt wurden, werden einmal im Kalenderjahr kostenlos zur Verf\u00fcgung gestellt. Nach Eingang des Antrags haben wir das Recht, das Ausweisdokument des Antragstellers oder eine Kopie dieses Dokuments anzufordern.<br>Sie haben auch das Recht, die Berichtigung unrichtiger personenbezogener Daten zu verlangen, die Verarbeitung (mit Ausnahme der Speicherung) Ihrer personenbezogenen Daten zu stoppen, wenn die Daten unter Versto\u00df gegen die Bestimmungen dieser Datenschutzerkl\u00e4rung verarbeitet werden; in diesen F\u00e4llen m\u00fcssen Sie uns einen schriftlichen Antrag (per Post oder E-Mail) zukommen lassen. Auf Ihren schriftlichen Antrag hin k\u00f6nnen wir alle Ihre pers\u00f6nlichen Daten l\u00f6schen, einschlie\u00dflich Ihrer Kaufhistorie. Nach Eingang des Antrags haben wir das Recht, das Ausweisdokument des Antragstellers oder eine Kopie dieses Dokuments anzufordern.<br>Sie haben auch das Recht, eine Beschwerde bei der staatlichen Dateninspektion<br>der Republik Lettland oder einer anderen zust\u00e4ndigen Aufsichtsbeh\u00f6rde einzureichen.     <\/p><p>8. Haftung<br>Mit der Registrierung auf unserer Website \u00fcbernehmen Sie die Verantwortung f\u00fcr die Vertraulichkeit Ihres Passworts und Ihrer Benutzerdaten sowie f\u00fcr jede Aktivit\u00e4t (\u00dcbermittlung von Informationen, Aufgabe von Bestellungen usw.) auf unserer Website. Wenn die auf unserer Website angebotenen Dienste von einem Dritten unter Verwendung Ihrer Registrierungsdaten genutzt werden, gehen wir davon aus, dass die Informationen von Ihnen \u00fcbermittelt und genutzt werden. Wenn Sie Ihre Registrierungsdaten verlieren, m\u00fcssen Sie uns dies per Post, Telefon oder E-Mail mitteilen.<br>Sie sind daf\u00fcr verantwortlich, dass die uns zur Verf\u00fcgung gestellten Daten richtig, korrekt und detailliert sind. Wenn sich Ihre zuvor \u00fcbermittelten Daten (Kontaktinformationen) ge\u00e4ndert haben, benachrichtigen Sie uns bitte per E-Mail. Wir sind nicht verantwortlich f\u00fcr Verluste, die dadurch entstehen, dass Sie falsche oder unzureichende Daten \u00fcbermittelt oder uns nicht \u00fcber \u00c4nderungen der Daten informiert haben.    <\/p><p>9. \u00c4nderungen der Datenschutzerkl\u00e4rung<br>Wir behalten uns das Recht vor, die Datenschutzerkl\u00e4rung jederzeit zu aktualisieren oder zu \u00e4ndern. Eine solche erneuerte oder ge\u00e4nderte Datenschutzerkl\u00e4rung ist ab dem Zeitpunkt der Ver\u00f6ffentlichung auf der Website wirksam. Damit Sie \u00fcber m\u00f6gliche \u00c4nderungen der Datenschutzerkl\u00e4rung informiert sind, sollten Sie diese Website von Zeit zu Zeit besuchen und sicherstellen, dass Sie mit der aktuellen Version der Datenschutzerkl\u00e4rung zufrieden sind.  <\/p><p>10. Kontaktinformationen<br>Wenn Sie Fragen zu den Bestimmungen dieser Datenschutzerkl\u00e4rung haben, kontaktieren Sie uns bitte unter der folgenden Adresse:<br>SIA \u201cBeauty Baltic\u201d<br>R\u016bpniec\u012bbas iela 32B\u20131H, R\u012bga, LV-1045<br>Registrierungsnummer 40203077960<br>USt-IdNr. LV40203077960 <\/p><p>E-Mail-Adresse: info@onabits.com<br>Kontakt-Telefonnummer: +371 25867806<\/p><p>Die letzte Aktualisierung der Datenschutzerkl\u00e4rung erfolgte am 01.11.2025.<\/p>\t\t\t\t\t\t\t\t<\/div>\n\t\t\t\t\t<\/div>\n\t\t\t\t<\/div>\n\t\t\t\t<\/div>\n\t\t","protected":false},"excerpt":{"rendered":"<p>Datenschutzbestimmungen Letzte Aktualisierung: November 2025 1. Was bedeutet diese Datenschutzerkl\u00e4rung?Wir legen Wert auf Ihre Privatsph\u00e4re und die Sicherheit Ihrer pers\u00f6nlichen Daten. Gem\u00e4\u00df der Verordnung (EU) 2016\/679 des Europ\u00e4ischen Parlaments und [&hellip;]<\/p>\n","protected":false},"author":1,"featured_media":0,"parent":0,"menu_order":0,"comment_status":"closed","ping_status":"closed","template":"","meta":{"pagelayer_contact_templates":[],"_pagelayer_content":"","footnotes":""},"class_list":["post-1499","page","type-page","status-publish","hentry"],"_links":{"self":[{"href":"https:\/\/onabits.com\/de\/wp-json\/wp\/v2\/pages\/1499","targetHints":{"allow":["GET"]}}],"collection":[{"href":"https:\/\/onabits.com\/de\/wp-json\/wp\/v2\/pages"}],"about":[{"href":"https:\/\/onabits.com\/de\/wp-json\/wp\/v2\/types\/page"}],"author":[{"embeddable":true,"href":"https:\/\/onabits.com\/de\/wp-json\/wp\/v2\/users\/1"}],"replies":[{"embeddable":true,"href":"https:\/\/onabits.com\/de\/wp-json\/wp\/v2\/comments?post=1499"}],"version-history":[{"count":1,"href":"https:\/\/onabits.com\/de\/wp-json\/wp\/v2\/pages\/1499\/revisions"}],"predecessor-version":[{"id":1500,"href":"https:\/\/onabits.com\/de\/wp-json\/wp\/v2\/pages\/1499\/revisions\/1500"}],"wp:attachment":[{"href":"https:\/\/onabits.com\/de\/wp-json\/wp\/v2\/media?parent=1499"}],"curies":[{"name":"wp","href":"https:\/\/api.w.org\/{rel}","templated":true}]}}