{"id":2201,"date":"2026-01-05T13:32:27","date_gmt":"2026-01-05T10:32:27","guid":{"rendered":"https:\/\/onabits.com\/product\/hartmetallfraeser-ona-907001\/"},"modified":"2026-01-05T13:32:27","modified_gmt":"2026-01-05T10:32:27","slug":"hartmetallfraeser-ona-907001","status":"publish","type":"product","link":"https:\/\/onabits.com\/de\/produkt\/hartmetallfraeser-ona-907001\/","title":{"rendered":"Hartmetallfr\u00e4ser ONA 907001"},"content":{"rendered":"<p>Professioneller Hartmetallfr\u00e4ser zum Abtragen von Material bei Manik\u00fcre- und Pedik\u00fcre-Behandlungen.<\/p>\n<p>Entwickelt f\u00fcr das sichere und effiziente Entfernen oder Verfeinern von Gel-, Gellack-, Acryl- oder Hybridbeschichtungen \u2013 abh\u00e4ngig von der K\u00f6rnung des Fr\u00e4sers.<\/p>\n<p>Gew\u00e4hrleistet einen reibungslosen, pr\u00e4zisen Betrieb ohne W\u00e4rmeentwicklung.<\/p>\n<p>Beispiele f\u00fcr Anwendungen von Nagelfr\u00e4sern werden als Referenz bereitgestellt und k\u00f6nnen je nach Arbeitstechnik des Technikers variieren.<\/p>\n<p><a href=\"https:\/\/onabits.com\/de\/anweisungen\/\">Klicke hier<\/a>, um auf Benutzerhandb\u00fccher und Sicherheitshinweise zuzugreifen.<\/p>\n","protected":false},"excerpt":{"rendered":"<p>Form: Maiskolben<\/p>\n<p>Durchmesser des Arbeitsteils, mm: 6,1<\/p>\n<p>L\u00e4nge des Arbeitsteils, mm: 13,5<\/p>\n<p>Schaftdurchmesser, mm: 2,35<\/p>\n<p>Schnittart: Kreuzschnitt (dreifach)<\/p>\n<p>K\u00f6rnung: mittel (lila)<\/p>\n<p>Modell: ONA 907001<\/p>\n","protected":false},"featured_media":907,"comment_status":"open","ping_status":"closed","template":"","meta":{"pagelayer_contact_templates":[],"_pagelayer_content":""},"product_brand":[65],"product_cat":[110,91],"product_tag":[],"class_list":{"0":"post-2201","1":"product","2":"type-product","3":"status-publish","4":"has-post-thumbnail","6":"product_brand-ona-bits","7":"product_cat-lila-mittel","8":"product_cat-ona-hartmetallfraser","10":"first","11":"instock","12":"taxable","13":"shipping-taxable","14":"purchasable","15":"product-type-simple"},"_links":{"self":[{"href":"https:\/\/onabits.com\/de\/wp-json\/wp\/v2\/product\/2201","targetHints":{"allow":["GET"]}}],"collection":[{"href":"https:\/\/onabits.com\/de\/wp-json\/wp\/v2\/product"}],"about":[{"href":"https:\/\/onabits.com\/de\/wp-json\/wp\/v2\/types\/product"}],"replies":[{"embeddable":true,"href":"https:\/\/onabits.com\/de\/wp-json\/wp\/v2\/comments?post=2201"}],"wp:featuredmedia":[{"embeddable":true,"href":"https:\/\/onabits.com\/de\/wp-json\/wp\/v2\/media\/907"}],"wp:attachment":[{"href":"https:\/\/onabits.com\/de\/wp-json\/wp\/v2\/media?parent=2201"}],"wp:term":[{"taxonomy":"product_brand","embeddable":true,"href":"https:\/\/onabits.com\/de\/wp-json\/wp\/v2\/product_brand?post=2201"},{"taxonomy":"product_cat","embeddable":true,"href":"https:\/\/onabits.com\/de\/wp-json\/wp\/v2\/product_cat?post=2201"},{"taxonomy":"product_tag","embeddable":true,"href":"https:\/\/onabits.com\/de\/wp-json\/wp\/v2\/product_tag?post=2201"}],"curies":[{"name":"wp","href":"https:\/\/api.w.org\/{rel}","templated":true}]}}