{"id":1415,"date":"2025-11-28T14:15:57","date_gmt":"2025-11-28T11:15:57","guid":{"rendered":"https:\/\/onabits.com\/sobre-nosotros\/"},"modified":"2026-01-25T19:09:29","modified_gmt":"2026-01-25T16:09:29","slug":"sobre-nosotros","status":"publish","type":"page","link":"https:\/\/onabits.com\/es\/sobre-nosotros\/","title":{"rendered":"Sobre nosotros"},"content":{"rendered":"\n<p>ONA Bits: brocas de u\u00f1as profesionales desarrolladas de acuerdo con los est\u00e1ndares europeos.<\/p>\n\n<p>La marca naci\u00f3 de una idea simple: las brocas profesionales deben respaldar la t\u00e9cnica, no complicarla.<\/p>\n\n<p>ONA Bits se centra en materiales cuidadosamente seleccionados y una producci\u00f3n controlada, ofreciendo herramientas dise\u00f1adas para uso profesional.<\/p>\n\n<p>En ONA Bits creemos que un resultado perfecto comienza con las herramientas adecuadas.<\/p>\n","protected":false},"excerpt":{"rendered":"<p>ONA Bits: brocas de u\u00f1as profesionales desarrolladas de acuerdo con los est\u00e1ndares europeos. La marca naci\u00f3 de una idea simple: las brocas profesionales deben respaldar la t\u00e9cnica, no complicarla. ONA [&hellip;]<\/p>\n","protected":false},"author":1,"featured_media":0,"parent":0,"menu_order":0,"comment_status":"closed","ping_status":"closed","template":"","meta":{"pagelayer_contact_templates":[],"_pagelayer_content":"","footnotes":""},"class_list":["post-1415","page","type-page","status-publish","hentry"],"_links":{"self":[{"href":"https:\/\/onabits.com\/es\/wp-json\/wp\/v2\/pages\/1415","targetHints":{"allow":["GET"]}}],"collection":[{"href":"https:\/\/onabits.com\/es\/wp-json\/wp\/v2\/pages"}],"about":[{"href":"https:\/\/onabits.com\/es\/wp-json\/wp\/v2\/types\/page"}],"author":[{"embeddable":true,"href":"https:\/\/onabits.com\/es\/wp-json\/wp\/v2\/users\/1"}],"replies":[{"embeddable":true,"href":"https:\/\/onabits.com\/es\/wp-json\/wp\/v2\/comments?post=1415"}],"version-history":[{"count":1,"href":"https:\/\/onabits.com\/es\/wp-json\/wp\/v2\/pages\/1415\/revisions"}],"predecessor-version":[{"id":1416,"href":"https:\/\/onabits.com\/es\/wp-json\/wp\/v2\/pages\/1415\/revisions\/1416"}],"wp:attachment":[{"href":"https:\/\/onabits.com\/es\/wp-json\/wp\/v2\/media?parent=1415"}],"curies":[{"name":"wp","href":"https:\/\/api.w.org\/{rel}","templated":true}]}}