{"id":1487,"date":"2025-11-27T00:54:37","date_gmt":"2025-11-26T21:54:37","guid":{"rendered":"https:\/\/onabits.com\/informacion-de-entrega-y-pago\/"},"modified":"2026-03-12T23:50:47","modified_gmt":"2026-03-12T20:50:47","slug":"informacion-de-entrega-y-pago","status":"publish","type":"page","link":"https:\/\/onabits.com\/es\/informacion-de-entrega-y-pago\/","title":{"rendered":"Informaci\u00f3n de entrega y pago"},"content":{"rendered":"\t\t<div data-elementor-type=\"wp-page\" data-elementor-id=\"1487\" class=\"elementor elementor-1487 elementor-2\">\n\t\t\t\t<div class=\"elementor-element elementor-element-8f260d9 e-flex e-con-boxed e-con e-parent\" data-id=\"8f260d9\" data-element_type=\"container\">\n\t\t\t\t\t<div class=\"e-con-inner\">\n\t\t\t\t<div class=\"elementor-element elementor-element-3644a5b elementor-widget elementor-widget-heading\" data-id=\"3644a5b\" data-element_type=\"widget\" data-widget_type=\"heading.default\">\n\t\t\t\t\t<h2 class=\"elementor-heading-title elementor-size-default\">Informaci\u00f3n de entrega y pago<\/h2>\t\t\t\t<\/div>\n\t\t\t\t\t<\/div>\n\t\t\t\t<\/div>\n\t\t<div class=\"elementor-element elementor-element-77275ed0 e-flex e-con-boxed e-con e-parent\" data-id=\"77275ed0\" data-element_type=\"container\">\n\t\t\t\t\t<div class=\"e-con-inner\">\n\t\t\t\t<div class=\"elementor-element elementor-element-4d5031b7 elementor-widget elementor-widget-text-editor\" data-id=\"4d5031b7\" data-element_type=\"widget\" data-widget_type=\"text-editor.default\">\n\t\t\t\t\t\t\t\t\t<p>Con el fin de garantizar la completa satisfacci\u00f3n del cliente, intentamos proporcionar las formas m\u00e1s r\u00e1pidas, ventajosas y convenientes de entregar y pagar los productos.<\/p><h4 class=\"wp-block-heading\"><strong>Opciones de env\u00edo, tarifas (con IVA) y plazos<\/strong><\/h4><h4 class=\"wp-block-heading\"><strong>LETONIA<\/strong><strong>:<\/strong><\/h4><ul class=\"wp-block-list\"><li>Terminales de paqueter\u00eda Omniva: 2,99 \u20ac (1-3 d\u00edas). Env\u00edo gratuito para pedidos con un valor total de 50,00 \u20ac o superior. <\/li><\/ul><h4 class=\"wp-block-heading\"><strong>ESTONIA, LITUANIA:<\/strong><\/h4><ul class=\"wp-block-list\"><li>Terminales de paqueter\u00eda Omniva: 4,99 \u20ac (2-4 d\u00edas). Env\u00edo gratuito para pedidos con un valor total de 50,00 \u20ac o superior. <\/li><\/ul><h4 class=\"wp-block-heading\"><strong>UNI\u00d3N EUROPEA (UE):<\/strong><\/h4><ul class=\"wp-block-list\"><li>Omniva International (econ\u00f3mico) (correo postal): 9,99 \u20ac (7-21 d\u00edas);<\/li><li>Entrega por mensajer\u00eda (Fedex): 25,00 \u20ac (7-10 d\u00edas).<\/li><\/ul><h4 class=\"wp-block-heading\"><strong>EN TODO EL MUNDO:<\/strong><\/h4><p>Correo: 25,00 \u20ac (10-30 d\u00edas)<\/p><h5 class=\"wp-block-heading\"><em>AVISO<\/em><\/h5><ol class=\"wp-block-list\"><li>Las opciones de env\u00edo se basan en su direcci\u00f3n de entrega y ver\u00e1 las opciones de entrega y las tarifas en el momento de la compra antes de aceptar el pedido y realizar el pago.<\/li><li>Puede haber limitaciones en el peso y el tama\u00f1o del paquete para cada uno de los m\u00e9todos de entrega. Si el peso y\/o el tama\u00f1o superan los l\u00edmites de transporte, podemos rechazar el env\u00edo y devolver el pago, o podemos pedirle que pague un cargo adicional si lo acepta. Nos pondremos en contacto con usted en cualquier caso si existe tal necesidad.  <\/li><li>Cuando se procesa el env\u00edo, se proporciona el n\u00famero de seguimiento para poder seguir su env\u00edo.<\/li><li>Los plazos de entrega son estimados y pueden variar en funci\u00f3n del destino<br>y de factores externos ajenos al control de la empresa.<\/li><li>No hay entregas ni env\u00edos los s\u00e1bados, domingos y festivos.<\/li><li>Para las entregas fuera de la Uni\u00f3n Europea, los derechos de aduana, los impuestos y otros<br>cargos de importaci\u00f3n pueden aplicar y son responsabilidad del Cliente.<\/li><\/ol><h5 class=\"wp-block-heading\">Terminales de paqueter\u00eda OMNIVA (solo Letonia, Estonia y Lituania)<\/h5><p>Hay un n\u00famero de terminales de paqueter\u00eda OMNIVA disponibles en Letonia, Estonia y Lituania.<\/p><p>El per\u00edodo de entrega aproximado es de 1 a 3 d\u00edas laborables para Letonia, de 2 a 4 d\u00edas laborables para Estonia y Lituania.<\/p><p>M\u00e1s informaci\u00f3n en el sitio web del transportista: https:\/\/www.omniva.lv\/<\/p><h5 class=\"wp-block-heading\">Correo internacional \u2013 CORREO (env\u00edo a la UE y a todo el mundo)<\/h5><p>El correo internacional puede enviar paquetes de hasta 2 kg. Si est\u00e1 interesado en comprar productos de m\u00e1s de 2 kg, por favor, escr\u00edbanos un correo electr\u00f3nico a info@onabits.com y describa sus requisitos. <\/p><p>El per\u00edodo de entrega aproximado es de 4 a 7 d\u00edas dentro de Letonia, de 5 a 10 d\u00edas a Estonia y Lituania, de 7 a 15 d\u00edas a la Uni\u00f3n Europea, de 10 a 30 d\u00edas fuera de la Uni\u00f3n Europea.<\/p><p>M\u00e1s informaci\u00f3n en el sitio web del transportista: https:\/\/pasts.lv<\/p><h4 class=\"wp-block-heading\"><strong>Opciones de pago<\/strong><\/h4><p>Puede elegir cualquiera de las siguientes opciones de pago:<\/p><h5 class=\"wp-block-heading\">1. Tarjetas de d\u00e9bito y cr\u00e9dito (procesadas por <a href=\"https:\/\/www.paypal.com\/\">PayPal<\/a><span class=\"s1\">)<\/span><\/h5><h5>2. Sistema de pago <a href=\"https:\/\/www.paypal.com\/\">PayPal<\/a><\/h5><h5 class=\"wp-block-heading\">3. <label for=\"payment_method_bacs\">Transferencia bancaria directa<\/label> <\/h5><p>Recibir\u00e1 todos los detalles del pago por correo electr\u00f3nico justo despu\u00e9s de realizar el pedido. Su pedido ser\u00e1 procesado despu\u00e9s de la recepci\u00f3n del pago en nuestra cuenta bancaria. <\/p>\t\t\t\t\t\t\t\t<\/div>\n\t\t\t\t\t<\/div>\n\t\t\t\t<\/div>\n\t\t\t\t<\/div>\n\t\t","protected":false},"excerpt":{"rendered":"<p>Informaci\u00f3n de entrega y pago Con el fin de garantizar la completa satisfacci\u00f3n del cliente, intentamos proporcionar las formas m\u00e1s r\u00e1pidas, ventajosas y convenientes de entregar y pagar los productos. [&hellip;]<\/p>\n","protected":false},"author":1,"featured_media":0,"parent":0,"menu_order":0,"comment_status":"closed","ping_status":"open","template":"","meta":{"pagelayer_contact_templates":[],"_pagelayer_content":"","footnotes":""},"class_list":["post-1487","page","type-page","status-publish","hentry"],"_links":{"self":[{"href":"https:\/\/onabits.com\/es\/wp-json\/wp\/v2\/pages\/1487","targetHints":{"allow":["GET"]}}],"collection":[{"href":"https:\/\/onabits.com\/es\/wp-json\/wp\/v2\/pages"}],"about":[{"href":"https:\/\/onabits.com\/es\/wp-json\/wp\/v2\/types\/page"}],"author":[{"embeddable":true,"href":"https:\/\/onabits.com\/es\/wp-json\/wp\/v2\/users\/1"}],"replies":[{"embeddable":true,"href":"https:\/\/onabits.com\/es\/wp-json\/wp\/v2\/comments?post=1487"}],"version-history":[{"count":2,"href":"https:\/\/onabits.com\/es\/wp-json\/wp\/v2\/pages\/1487\/revisions"}],"predecessor-version":[{"id":2563,"href":"https:\/\/onabits.com\/es\/wp-json\/wp\/v2\/pages\/1487\/revisions\/2563"}],"wp:attachment":[{"href":"https:\/\/onabits.com\/es\/wp-json\/wp\/v2\/media?parent=1487"}],"curies":[{"name":"wp","href":"https:\/\/api.w.org\/{rel}","templated":true}]}}