{"id":2226,"date":"2025-11-27T00:54:37","date_gmt":"2025-11-26T21:54:37","guid":{"rendered":"https:\/\/onabits.com\/politica-de-privacidad\/"},"modified":"2026-01-25T20:14:10","modified_gmt":"2026-01-25T17:14:10","slug":"politica-de-privacidad","status":"publish","type":"page","link":"https:\/\/onabits.com\/es\/politica-de-privacidad\/","title":{"rendered":"Pol\u00edtica de privacidad"},"content":{"rendered":"\t\t<div data-elementor-type=\"wp-page\" data-elementor-id=\"2226\" class=\"elementor elementor-2226 elementor-3\">\n\t\t\t\t<div class=\"elementor-element elementor-element-ca9eee2 e-flex e-con-boxed e-con e-parent\" data-id=\"ca9eee2\" data-element_type=\"container\">\n\t\t\t\t\t<div class=\"e-con-inner\">\n\t\t\t\t<div class=\"elementor-element elementor-element-6b46635 elementor-widget elementor-widget-heading\" data-id=\"6b46635\" data-element_type=\"widget\" data-widget_type=\"heading.default\">\n\t\t\t\t\t<h2 class=\"elementor-heading-title elementor-size-default\">Pol\u00edtica de privacidad<\/h2>\t\t\t\t<\/div>\n\t\t\t\t\t<\/div>\n\t\t\t\t<\/div>\n\t\t<div class=\"elementor-element elementor-element-6148264e e-flex e-con-boxed e-con e-parent\" data-id=\"6148264e\" data-element_type=\"container\">\n\t\t\t\t\t<div class=\"e-con-inner\">\n\t\t\t\t<div class=\"elementor-element elementor-element-55a2ca1f elementor-widget elementor-widget-text-editor\" data-id=\"55a2ca1f\" data-element_type=\"widget\" data-widget_type=\"text-editor.default\">\n\t\t\t\t\t\t\t\t\t<p>\u00daltima actualizaci\u00f3n: noviembre de 2025<\/p><p>1. \u00bfQu\u00e9 significa esta pol\u00edtica de privacidad?<br>Nos preocupamos por su privacidad y la seguridad de sus datos personales. En aplicaci\u00f3n del Reglamento (UE) 2016\/679 del Parlamento Europeo y del Consejo, de 27 de abril de 2016, relativo a la protecci\u00f3n de las personas f\u00edsicas en lo que respecta al tratamiento de datos personales y a la libre circulaci\u00f3n de estos datos y por el que se deroga la Directiva 95\/46\/CE (Reglamento General de Protecci\u00f3n de Datos), le proporcionamos un tratamiento de sus datos personales especialmente transparente y justo.<br>Esta pol\u00edtica de privacidad (en adelante, la \u00abPol\u00edtica de privacidad\u00bb) refleja las normas que deben seguir todos los visitantes del sitio web https:\/\/onabits.com\/ (en adelante, el \u00abSitio web\u00bb) (en adelante, los \u00abVisitantes\u00bb).<br>Se considera que el Visitante se ha familiarizado con la Pol\u00edtica de privacidad y ha aceptado cumplirla si ha visitado el Sitio web, se ha registrado en \u00e9l o ha adquirido los productos a la venta en el Sitio web. Si el Visitante no est\u00e1 de acuerdo con esta Pol\u00edtica de privacidad, es posible que algunas funciones<br>del Sitio web no est\u00e9n disponibles.<\/p><p>2. \u00bfQu\u00e9 informaci\u00f3n recopilamos?<br>Solo recopilamos y tratamos los datos personales pertinentes que son necesarios para lograr los fines para los que se tratan.<br>Al ofrecerle productos en el Sitio web, SIA \u201cBeauty Baltic\u201d: n\u00famero de registro 40203077960, direcci\u00f3n: R\u016bpniec\u012bbas iela 32B\u20131H, Riga, LV-1045 (en adelante, el \u00abVendedor\u00bb) puede recopilar, almacenar y utilizar datos personales.<br>Registro en el sitio web: nombre, apellido, nombre de la empresa (opcional), direcci\u00f3n de correo electr\u00f3nico, n\u00famero de tel\u00e9fono.<br>Realizaci\u00f3n de compras: nombre, apellido, nombre de la empresa (opcional), n\u00famero de tel\u00e9fono m\u00f3vil, m\u00e9todo de entrega, direcci\u00f3n de entrega (cuando corresponda), m\u00e9todo de pago, datos de pago.<br>informaci\u00f3n sobre su ordenador, sus visitas y compras en el Sitio web, incluida su direcci\u00f3n IP, as\u00ed como la hora y la fecha en que se registr\u00f3 en el Sitio web;<br>Cualquier otra informaci\u00f3n que pueda proporcionarnos al utilizar nuestro Sitio y los servicios que ofrecemos, o al comunicarse con nosotros.<\/p><p>3. Cookies<br>Las cookies contienen informaci\u00f3n que un servidor web env\u00eda a un navegador web y que este almacena. Utilizamos Google Analytics para analizar el uso de dicho Sitio web. Estas herramientas generan estad\u00edsticas y otra informaci\u00f3n sobre el uso del Sitio web con cookies que se almacenan en los ordenadores de los Visitantes. La informaci\u00f3n sobre las visitas al Sitio se utiliza para crear informes del uso de la red. Esta informaci\u00f3n la almacena Google o un proveedor de servicios similar. Tambi\u00e9n utilizamos cookies para reconocerle como un Visitante que ya ha utilizado el Sitio.<br>La mayor\u00eda de los navegadores web le permiten rechazar todas las cookies; algunos navegadores solo le permiten rechazar las cookies de terceros. Por lo tanto, dependiendo de su navegador web, puede rechazar parcial o completamente todas las cookies, pero le recordamos que el bloqueo de cookies afecta negativamente al uso de nuestro Sitio web, sin ellas no podr\u00e1 utilizar todas las funciones que ofrece el Sitio web.<br>Al visitar el Sitio web, se muestra un banner de cookies al Visitante<br>que proporciona informaci\u00f3n sobre el uso de cookies.<br>Las cookies que requieren consentimiento se utilizan solo despu\u00e9s de que el Visitante haya dado<br>su consentimiento expl\u00edcito a trav\u00e9s del banner de cookies. El Visitante puede retirar o<br>cambiar el consentimiento en cualquier momento a trav\u00e9s de la configuraci\u00f3n de cookies.<br>Si el Visitante tiene alguna pregunta sobre el uso de cookies, p\u00f3ngase en contacto con el Proveedor de servicios enviando un correo electr\u00f3nico a la direcci\u00f3n info@onabits.com<\/p><p>4. Uso de sus datos personales<br>Utilizamos los datos personales recopilados solo para los fines especificados en esta Pol\u00edtica de privacidad.<br>Podemos utilizar sus datos personales para:<br>-darle la oportunidad de utilizar nuestro Sitio web y los servicios ofrecidos;<br>-celebrar un contrato con usted y cumplirlo;<br>-entregar el producto adquirido en este Sitio web;<br>-redactar y enviarle facturas y albaranes;<br>-recopilar sus pagos;<br>-enviarle notificaciones y mantener correspondencia con usted;<br>-reflejar informaci\u00f3n sobre compras anteriores;<br>-enviar por correo postal, correo electr\u00f3nico o de otra manera nuestras noticias y otra informaci\u00f3n relacionada con nuestros servicios que consideremos necesaria para usted (si no desea recibir comunicaciones de marketing en el futuro, puede negarse en cualquier momento a recibir este tipo de noticias e informaci\u00f3n notific\u00e1ndonoslo por correo electr\u00f3nico o haciendo clic en el enlace interactivo que aparece debajo de la notificaci\u00f3n recibida).<br>Base legal para el tratamiento de datos personales:<br>Los datos personales se tratan sobre las siguientes bases legales de acuerdo<br>con el art\u00edculo 6 del RGPD:<br>\u2013 ejecuci\u00f3n de un contrato (art. 6, apartado 1, letra b) del RGPD);<br>\u2013 cumplimiento de las obligaciones legales (art. 6, apartado 1, letra c) del RGPD);<br>\u2013 intereses leg\u00edtimos de la Empresa, como garantizar el correcto<br>funcionamiento del Sitio web y el servicio de atenci\u00f3n al cliente (art. 6, apartado 1, letra f) del RGPD);<br>\u2013 consentimiento del interesado, cuando sea necesario (art. 6, apartado 1, letra a) del RGPD).<br>Sus datos personales no se almacenan m\u00e1s tiempo del necesario para la finalidad de los datos recopilados. Cuando los datos personales ya no son necesarios o caducan, se destruyen.<br>Los datos personales se almacenan durante el tiempo necesario para cumplir con las obligaciones contractuales<br>y cumplir con los requisitos legales aplicables, incluidas las leyes contables y fiscales.<br>Marketing directo<br>La empresa puede enviarle por medios electr\u00f3nicos de comunicaci\u00f3n (correo electr\u00f3nico, mensaje de texto u otra forma) informaci\u00f3n sobre productos similares a los que compr\u00f3 en el Sitio web y transferir sus datos a aquellos destinatarios de datos que utilicen los datos personales que ha facilitado al administrador del Sitio web para fines de marketing directo. La lista de destinatarios de esta informaci\u00f3n puede cambiar, pero el prop\u00f3sito seguir\u00e1 siendo el mismo; si desea recibir una lista de destinatarios de la informaci\u00f3n, notif\u00edquenoslo por correo electr\u00f3nico a la direcci\u00f3n:<br>info@onabits.com.<br>Si no desea recibir ofertas de marketing directo, puede notificarnos su negativa escribiendo a la direcci\u00f3n de correo electr\u00f3nico: info@onabits.com o haciendo clic en el enlace correspondiente en cada comunicaci\u00f3n de marketing directo que se le env\u00ede.<\/p><p>5. Divulgaci\u00f3n de informaci\u00f3n<br>El Vendedor puede divulgar informaci\u00f3n sobre usted a sus empleados, gerentes, intermediarios, proveedores y subcontratistas si es razonablemente necesario para entregar los productos que ha adquirido en el Sitio y para reflejar su historial de compras anterior, o para otros fines previstos en esta Pol\u00edtica de privacidad.<br>Tambi\u00e9n podemos divulgar informaci\u00f3n sobre usted si:<br>tenemos que hacerlo de acuerdo con la ley;<br>para proteger sus derechos o intereses (incluida la divulgaci\u00f3n de informaci\u00f3n sobre usted a terceros para recuperar deudas).<br>La informaci\u00f3n personal no se divulga a terceros para un prop\u00f3sito que no est\u00e9 previsto en la Pol\u00edtica de privacidad.<\/p><p>6. Seguridad de sus datos personales<br>Sus datos personales se tratan de conformidad con la legislaci\u00f3n de la Rep\u00fablica de Letonia y de la Uni\u00f3n Europea, que regula el tratamiento y la protecci\u00f3n de estos datos. Al tratar sus datos personales, utilizamos medidas de seguridad t\u00e9cnicas que garantizan la protecci\u00f3n de los datos personales contra la destrucci\u00f3n, los cambios, la divulgaci\u00f3n accidentales o ilegales, as\u00ed como cualquier otro tratamiento ilegal.<br>Se sabe que la transmisi\u00f3n de datos personales a trav\u00e9s de Internet es insegura y no podemos garantizar la transmisi\u00f3n segura de datos a trav\u00e9s de Internet.<\/p><p>7. Su consentimiento y derechos<br>Al registrarse como usuario del Sitio web o al utilizar de otro modo los servicios ofrecidos en el Sitio web, incluida la compra de un producto, confirma que est\u00e1 familiarizado con esta Pol\u00edtica de privacidad y que est\u00e1 de acuerdo con ella, y por lo tanto nos concede el derecho a recopilar, almacenar, sistematizar, utilizar y tratar para los fines especificados en esta Pol\u00edtica de privacidad todos sus datos personales mencionados aqu\u00ed y transferidos a nosotros durante el uso del Sitio web.<br>Puede presentar una solicitud por escrito (por correo postal o electr\u00f3nico) si desea recibir informaci\u00f3n sobre las fuentes y qu\u00e9 tipo de datos personales ha recopilado el Vendedor, con qu\u00e9 fines se tratan estos datos y a qu\u00e9 destinatarios de datos se transfieren. Respondemos a dichas solicitudes de acuerdo con los procedimientos establecidos en los actos jur\u00eddicos e intentamos proporcionarle informaci\u00f3n lo antes posible, pero en general en un plazo de 30 d\u00edas a partir del momento de la recepci\u00f3n de la solicitud.<br>En respuesta a su solicitud, dicha informaci\u00f3n se proporciona por escrito envi\u00e1ndola a la direcci\u00f3n postal o electr\u00f3nica indicada. La informaci\u00f3n sobre las fuentes y qu\u00e9 tipo de datos personales se han recopilado, con qu\u00e9 fines se tratan y a qu\u00e9 destinatarios de datos se han presentado durante el \u00faltimo a\u00f1o, se proporciona de forma gratuita una vez durante el a\u00f1o natural. Al recibir la solicitud, tenemos derecho a solicitar el documento de identidad del solicitante o una copia de este documento.<br>Tambi\u00e9n tiene derecho a solicitar que se corrijan los datos personales incorrectos, a detener el tratamiento (excepto el almacenamiento) de sus datos personales si los datos se tratan infringiendo las disposiciones de esta Pol\u00edtica de privacidad; en estos casos, debe presentarnos una solicitud por escrito (por correo postal o electr\u00f3nico). En funci\u00f3n de su solicitud por escrito, podemos eliminar toda su informaci\u00f3n personal, incluido su historial de compras. Al recibir la solicitud, tenemos derecho a solicitar el documento de identidad del solicitante o una copia de este documento.<br>Tambi\u00e9n tiene derecho a presentar una reclamaci\u00f3n ante la Inspecci\u00f3n Estatal de Datos<br>de la Rep\u00fablica de Letonia u otra autoridad de supervisi\u00f3n competente.<\/p><p>8. Responsabilidad<br>Al registrarse en nuestro Sitio web, asume la responsabilidad de la confidencialidad de su contrase\u00f1a y datos de usuario, as\u00ed como de cualquier actividad (transferencia de informaci\u00f3n, realizaci\u00f3n de pedidos, etc.) en nuestro Sitio web. Si los servicios ofrecidos en nuestro Sitio web son utilizados por un tercero utilizando sus datos de registro, consideramos que la informaci\u00f3n es transferida y utilizada por usted. Si pierde sus datos de registro, debe notific\u00e1rnoslo por correo postal, tel\u00e9fono o correo electr\u00f3nico.<br>Usted es responsable de garantizar que los datos que nos proporciona sean precisos, correctos y detallados. Si sus datos enviados anteriormente (informaci\u00f3n de contacto) han cambiado, notif\u00edquenoslo por correo electr\u00f3nico. No somos responsables de ninguna p\u00e9rdida incurrida debido al hecho de que usted envi\u00f3 datos incorrectos o insuficientes o no nos notific\u00f3 los cambios en los datos.<\/p><p>9. Cambios en la Pol\u00edtica de privacidad<br>Nos reservamos el derecho de actualizar o cambiar la Pol\u00edtica de privacidad en cualquier momento. Dicha Pol\u00edtica de privacidad renovada o modificada entrar\u00e1 en vigor desde el momento de su publicaci\u00f3n en el Sitio web. Para que est\u00e9 informado sobre los posibles cambios en la Pol\u00edtica de privacidad, debe visitar este Sitio web de vez en cuando y asegurarse de que est\u00e1 satisfecho con la versi\u00f3n actual de la Pol\u00edtica de privacidad.<\/p><p>10. Informaci\u00f3n de contacto<br>Si tiene alguna pregunta relacionada con las disposiciones de esta Pol\u00edtica de privacidad, p\u00f3ngase en contacto con nosotros en la siguiente direcci\u00f3n:<br>SIA \u201cBeauty Baltic\u201d<br>R\u016bpniec\u012bbas iela 32B\u20131H, R\u012bga, LV-1045<br>N\u00famero de registro 40203077960<br>N\u00famero de registro de IVA LV40203077960<\/p><p>Direcci\u00f3n de correo electr\u00f3nico: info@onabits.com<br>N\u00famero de tel\u00e9fono de contacto: +371 25867806<\/p><p>La \u00faltima actualizaci\u00f3n de la Pol\u00edtica de privacidad se realiz\u00f3 el 01.11.2025.<\/p>\t\t\t\t\t\t\t\t<\/div>\n\t\t\t\t\t<\/div>\n\t\t\t\t<\/div>\n\t\t\t\t<\/div>\n\t\t","protected":false},"excerpt":{"rendered":"<p>Pol\u00edtica de privacidad \u00daltima actualizaci\u00f3n: noviembre de 2025 1. \u00bfQu\u00e9 significa esta pol\u00edtica de privacidad?Nos preocupamos por su privacidad y la seguridad de sus datos personales. En aplicaci\u00f3n del Reglamento [&hellip;]<\/p>\n","protected":false},"author":1,"featured_media":0,"parent":0,"menu_order":0,"comment_status":"closed","ping_status":"closed","template":"","meta":{"pagelayer_contact_templates":[],"_pagelayer_content":"","footnotes":""},"class_list":["post-2226","page","type-page","status-publish","hentry"],"_links":{"self":[{"href":"https:\/\/onabits.com\/es\/wp-json\/wp\/v2\/pages\/2226","targetHints":{"allow":["GET"]}}],"collection":[{"href":"https:\/\/onabits.com\/es\/wp-json\/wp\/v2\/pages"}],"about":[{"href":"https:\/\/onabits.com\/es\/wp-json\/wp\/v2\/types\/page"}],"author":[{"embeddable":true,"href":"https:\/\/onabits.com\/es\/wp-json\/wp\/v2\/users\/1"}],"replies":[{"embeddable":true,"href":"https:\/\/onabits.com\/es\/wp-json\/wp\/v2\/comments?post=2226"}],"version-history":[{"count":1,"href":"https:\/\/onabits.com\/es\/wp-json\/wp\/v2\/pages\/2226\/revisions"}],"predecessor-version":[{"id":2227,"href":"https:\/\/onabits.com\/es\/wp-json\/wp\/v2\/pages\/2226\/revisions\/2227"}],"wp:attachment":[{"href":"https:\/\/onabits.com\/es\/wp-json\/wp\/v2\/media?parent=2226"}],"curies":[{"name":"wp","href":"https:\/\/api.w.org\/{rel}","templated":true}]}}