{"id":861,"date":"2022-10-19T13:58:34","date_gmt":"2022-10-19T10:58:34","guid":{"rendered":"https:\/\/onabits.com\/contactanos\/"},"modified":"2026-01-25T19:07:51","modified_gmt":"2026-01-25T16:07:51","slug":"contactanos","status":"publish","type":"page","link":"https:\/\/onabits.com\/es\/contactanos\/","title":{"rendered":"Cont\u00e1ctanos"},"content":{"rendered":"\t\t<div data-elementor-type=\"wp-page\" data-elementor-id=\"861\" class=\"elementor elementor-861 elementor-393\">\n\t\t\t\t\t\t<section class=\"elementor-section elementor-top-section elementor-element elementor-element-c275639 elementor-section-boxed elementor-section-height-default elementor-section-height-default\" data-id=\"c275639\" data-element_type=\"section\">\n\t\t\t\t\t\t<div class=\"elementor-container elementor-column-gap-default\">\n\t\t\t\t\t<div class=\"elementor-column elementor-col-100 elementor-top-column elementor-element elementor-element-0d095d2\" data-id=\"0d095d2\" data-element_type=\"column\">\n\t\t\t<div class=\"elementor-widget-wrap elementor-element-populated\">\n\t\t\t\t\t\t<div class=\"elementor-element elementor-element-55a89d3 elementor-invisible elementor-widget elementor-widget-heading\" data-id=\"55a89d3\" data-element_type=\"widget\" data-settings=\"{&quot;_animation&quot;:&quot;fadeInUpShorter&quot;,&quot;_animation_delay&quot;:200}\" data-widget_type=\"heading.default\">\n\t\t\t\t\t<h2 class=\"elementor-heading-title elementor-size-default\">Cont\u00e1ctanos<\/h2>\t\t\t\t<\/div>\n\t\t\t\t\t<\/div>\n\t\t<\/div>\n\t\t\t\t\t<\/div>\n\t\t<\/section>\n\t\t\t\t<section class=\"elementor-section elementor-top-section elementor-element elementor-element-6c09bab elementor-section-boxed elementor-section-height-default elementor-section-height-default elementor-invisible\" data-id=\"6c09bab\" data-element_type=\"section\" data-settings=\"{&quot;animation&quot;:&quot;fadeInUpShorter&quot;,&quot;animation_delay&quot;:400}\">\n\t\t\t\t\t\t<div class=\"elementor-container elementor-column-gap-default\">\n\t\t\t\t\t<div class=\"elementor-column elementor-col-100 elementor-top-column elementor-element elementor-element-801eab6\" data-id=\"801eab6\" data-element_type=\"column\">\n\t\t\t<div class=\"elementor-widget-wrap elementor-element-populated\">\n\t\t\t\t\t\t<div class=\"elementor-element elementor-element-fd0eb9d elementor-widget elementor-widget-google_maps\" data-id=\"fd0eb9d\" data-element_type=\"widget\" data-widget_type=\"google_maps.default\">\n\t\t\t\t\t\t\t<div class=\"elementor-custom-embed\">\n\t\t\t<iframe loading=\"lazy\"\n\t\t\t\t\tsrc=\"https:\/\/maps.google.com\/maps?q=Rupniecibas%2032B%2C%20Riga&#038;t=m&#038;z=10&#038;output=embed&#038;iwloc=near\"\n\t\t\t\t\ttitle=\"Rupniecibas 32B, Riga\"\n\t\t\t\t\taria-label=\"Rupniecibas 32B, Riga\"\n\t\t\t><\/iframe>\n\t\t<\/div>\n\t\t\t\t\t\t<\/div>\n\t\t\t\t\t<\/div>\n\t\t<\/div>\n\t\t\t\t\t<\/div>\n\t\t<\/section>\n\t\t\t\t<section class=\"elementor-section elementor-top-section elementor-element elementor-element-963138c elementor-section-boxed elementor-section-height-default elementor-section-height-default elementor-invisible\" data-id=\"963138c\" data-element_type=\"section\" data-settings=\"{&quot;animation&quot;:&quot;fadeInUpShorter&quot;,&quot;animation_delay&quot;:600}\">\n\t\t\t\t\t\t<div class=\"elementor-container elementor-column-gap-default\">\n\t\t\t\t\t<div class=\"elementor-column elementor-col-50 elementor-top-column elementor-element elementor-element-d2566ee\" data-id=\"d2566ee\" data-element_type=\"column\">\n\t\t\t<div class=\"elementor-widget-wrap elementor-element-populated\">\n\t\t\t\t\t\t<div class=\"elementor-element elementor-element-622e931 elementor-widget elementor-widget-heading\" data-id=\"622e931\" data-element_type=\"widget\" data-widget_type=\"heading.default\">\n\t\t\t\t\t<h2 class=\"elementor-heading-title elementor-size-default\">D\u00e9janos un mensaje<\/h2>\t\t\t\t<\/div>\n\t\t\t\t<div class=\"elementor-element elementor-element-596537d elementor-widget elementor-widget-wpforms\" data-id=\"596537d\" data-element_type=\"widget\" data-widget_type=\"wpforms.default\">\n\t\t\t\t<div class=\"elementor-widget-container\">\n\t\t\t\t\t<div class=\"wpforms-container wpforms-container-full\" id=\"wpforms-438\"><form id=\"wpforms-form-438\" class=\"wpforms-validate wpforms-form wpforms-ajax-form\" data-formid=\"438\" method=\"post\" enctype=\"multipart\/form-data\" action=\"\/es\/wp-json\/wp\/v2\/pages\/861\" data-token=\"36d7f269cd9fe11e9f141e620d1f9f78\" data-token-time=\"1776416302\"><noscript class=\"wpforms-error-noscript\">Por favor, activa JavaScript en tu navegador para completar este formulario.<\/noscript><div class=\"wpforms-field-container\"><div id=\"wpforms-438-field_0-container\" class=\"wpforms-field wpforms-field-name wpforms-one-half wpforms-first\" data-field-id=\"0\"><label class=\"wpforms-field-label\" for=\"wpforms-438-field_0\">Nombre <span class=\"wpforms-required-label\">*<\/span><\/label><input type=\"text\" id=\"wpforms-438-field_0\" class=\"wpforms-field-large wpforms-field-required\" name=\"wpforms[fields][0]\" required><\/div><div id=\"wpforms-438-field_1-container\" class=\"wpforms-field wpforms-field-email wpforms-one-half\" data-field-id=\"1\"><label class=\"wpforms-field-label\" for=\"wpforms-438-field_1\">Correo electr\u00f3nico <span class=\"wpforms-required-label\">*<\/span><\/label><input type=\"email\" id=\"wpforms-438-field_1\" class=\"wpforms-field-large wpforms-field-required\" name=\"wpforms[fields][1]\" spellcheck=\"false\" required><\/div><div id=\"wpforms-438-field_2-container\" class=\"wpforms-field wpforms-field-textarea\" data-field-id=\"2\"><label class=\"wpforms-field-label\" for=\"wpforms-438-field_2\">Comentario o mensaje <span class=\"wpforms-required-label\">*<\/span><\/label><textarea id=\"wpforms-438-field_2\" class=\"wpforms-field-large wpforms-field-required\" name=\"wpforms[fields][2]\" required><\/textarea><\/div><\/div><!-- .wpforms-field-container --><div class=\"wpforms-submit-container\" ><input type=\"hidden\" name=\"wpforms[id]\" value=\"438\"><input type=\"hidden\" name=\"page_title\" value=\"\"><input type=\"hidden\" name=\"page_url\" value=\"https:\/\/onabits.com\/es\/wp-json\/wp\/v2\/pages\/861\"><input type=\"hidden\" name=\"url_referer\" value=\"\"><button type=\"submit\" name=\"wpforms[submit]\" id=\"wpforms-submit-438\" class=\"wpforms-submit\" data-alt-text=\"Enviando...\" data-submit-text=\"Enviar mensaje\" aria-live=\"assertive\" value=\"wpforms-submit\">Enviar mensaje<\/button><img decoding=\"async\" src=\"https:\/\/onabits.com\/wp-content\/plugins\/wpforms-lite\/assets\/images\/submit-spin.svg\" class=\"wpforms-submit-spinner\" style=\"display: none;\" width=\"26\" height=\"26\" alt=\"Cargando\"><\/div><\/form><\/div>  <!-- .wpforms-container -->\t\t\t\t<\/div>\n\t\t\t\t<\/div>\n\t\t\t\t\t<\/div>\n\t\t<\/div>\n\t\t\t\t<div class=\"elementor-column elementor-col-50 elementor-top-column elementor-element elementor-element-dfa68f3\" data-id=\"dfa68f3\" data-element_type=\"column\">\n\t\t\t<div class=\"elementor-widget-wrap elementor-element-populated\">\n\t\t\t\t\t\t<div class=\"elementor-element elementor-element-449cc41 elementor-widget elementor-widget-heading\" data-id=\"449cc41\" data-element_type=\"widget\" data-widget_type=\"heading.default\">\n\t\t\t\t\t<h1 class=\"elementor-heading-title elementor-size-default\">Datos de la empresa:<\/h1>\t\t\t\t<\/div>\n\t\t\t\t<div class=\"elementor-element elementor-element-87e82a1 elementor-widget elementor-widget-text-editor\" data-id=\"87e82a1\" data-element_type=\"widget\" data-widget_type=\"text-editor.default\">\n\t\t\t\t\t\t\t\t\t<p><strong>SIA Beauty Baltic<\/strong><\/p><p><span style=\"letter-spacing: 0px;\">Direcci\u00f3n de registro: R\u016bpniec\u012bbas iela 32B \u2013 1H, R\u012bga, LV1045, Letonia<\/span><\/p><p>N.\u00ba de reg. n\u00famero: 40203077960<br>N\u00famero de IVA: LV40203077960<\/p><p><span style=\"letter-spacing: 0px;\">TEL\u00c9FONO: <\/span><span style=\"font-weight: var( --e-global-typography-text-font-weight ); letter-spacing: 0px;\">+371 25867806<\/span><\/p><p>CORREO ELECTR\u00d3NICO:<br><span style=\"font-weight: var( --e-global-typography-text-font-weight ); letter-spacing: 0px;\">info@onabits.com<\/span><\/p>\t\t\t\t\t\t\t\t<\/div>\n\t\t\t\t\t<\/div>\n\t\t<\/div>\n\t\t\t\t\t<\/div>\n\t\t<\/section>\n\t\t\t\t<section class=\"elementor-section elementor-top-section elementor-element elementor-element-d502af4 elementor-section-boxed elementor-section-height-default elementor-section-height-default\" data-id=\"d502af4\" data-element_type=\"section\">\n\t\t\t\t\t\t<div class=\"elementor-container elementor-column-gap-default\">\n\t\t\t\t\t<div class=\"elementor-column elementor-col-100 elementor-top-column elementor-element elementor-element-4bef3e5\" data-id=\"4bef3e5\" data-element_type=\"column\">\n\t\t\t<div class=\"elementor-widget-wrap elementor-element-populated\">\n\t\t\t\t\t\t<div class=\"elementor-element elementor-element-de863e8 elementor-widget elementor-widget-spacer\" data-id=\"de863e8\" data-element_type=\"widget\" data-widget_type=\"spacer.default\">\n\t\t\t\t\t\t\t<div class=\"elementor-spacer\">\n\t\t\t<div class=\"elementor-spacer-inner\"><\/div>\n\t\t<\/div>\n\t\t\t\t\t\t<\/div>\n\t\t\t\t\t<\/div>\n\t\t<\/div>\n\t\t\t\t\t<\/div>\n\t\t<\/section>\n\t\t\t\t<\/div>\n\t\t","protected":false},"excerpt":{"rendered":"<p>Cont\u00e1ctanos D\u00e9janos un mensaje Please enable JavaScript in your browser to complete this form.Name *Email *Comment or Message * Send message Datos de la empresa: SIA Beauty Baltic Direcci\u00f3n de [&hellip;]<\/p>\n","protected":false},"author":1,"featured_media":0,"parent":0,"menu_order":0,"comment_status":"closed","ping_status":"closed","template":"elementor_header_footer","meta":{"pagelayer_contact_templates":[],"_pagelayer_content":"","footnotes":""},"class_list":["post-861","page","type-page","status-publish","hentry"],"_links":{"self":[{"href":"https:\/\/onabits.com\/es\/wp-json\/wp\/v2\/pages\/861","targetHints":{"allow":["GET"]}}],"collection":[{"href":"https:\/\/onabits.com\/es\/wp-json\/wp\/v2\/pages"}],"about":[{"href":"https:\/\/onabits.com\/es\/wp-json\/wp\/v2\/types\/page"}],"author":[{"embeddable":true,"href":"https:\/\/onabits.com\/es\/wp-json\/wp\/v2\/users\/1"}],"replies":[{"embeddable":true,"href":"https:\/\/onabits.com\/es\/wp-json\/wp\/v2\/comments?post=861"}],"version-history":[{"count":2,"href":"https:\/\/onabits.com\/es\/wp-json\/wp\/v2\/pages\/861\/revisions"}],"predecessor-version":[{"id":1410,"href":"https:\/\/onabits.com\/es\/wp-json\/wp\/v2\/pages\/861\/revisions\/1410"}],"wp:attachment":[{"href":"https:\/\/onabits.com\/es\/wp-json\/wp\/v2\/media?parent=861"}],"curies":[{"name":"wp","href":"https:\/\/api.w.org\/{rel}","templated":true}]}}