{"id":1693,"date":"2026-01-05T13:32:28","date_gmt":"2026-01-05T10:32:28","guid":{"rendered":"https:\/\/onabits.com\/product\/broca-de-carburo-ona-303101\/"},"modified":"2026-01-05T13:32:28","modified_gmt":"2026-01-05T10:32:28","slug":"broca-de-carburo-ona-303101","status":"publish","type":"product","link":"https:\/\/onabits.com\/es\/producto\/broca-de-carburo-ona-303101\/","title":{"rendered":"Broca de carburo ONA 303101"},"content":{"rendered":"<p>Fresa profesional de carburo para la eliminaci\u00f3n de material en procedimientos de manicura y pedicura.<\/p>\n<p>Dise\u00f1ada para la eliminaci\u00f3n o el refinamiento seguro y eficiente de recubrimientos de gel, esmalte de gel, acr\u00edlico o h\u00edbridos, seg\u00fan el grosor de la fresa.<\/p>\n<p>Garantiza un funcionamiento suave y preciso sin acumulaci\u00f3n de calor.<\/p>\n<p>Se proporcionan ejemplos de aplicaciones de fresas para u\u00f1as como referencia y pueden variar seg\u00fan la t\u00e9cnica de trabajo del t\u00e9cnico.<\/p>\n<p><a href=\"https:\/\/onabits.com\/es\/instrucciones\/\">Haz clic aqu\u00ed<\/a> para acceder a los manuales de usuario y a las instrucciones de seguridad.<\/p>\n","protected":false},"excerpt":{"rendered":"<p>Forma: cono<\/p>\n<p>Di\u00e1metro de la parte de trabajo, mm: 6,0<\/p>\n<p>Longitud de la parte de trabajo, mm: 14,5<\/p>\n<p>Di\u00e1metro del v\u00e1stago, mm: 2,35<\/p>\n<p>Tipo de corte: entrecruzado<\/p>\n<p>Grosor: fino (rojo)<\/p>\n<p>Modelo: ONA 303101<\/p>\n","protected":false},"featured_media":896,"comment_status":"open","ping_status":"closed","template":"","meta":{"pagelayer_contact_templates":[],"_pagelayer_content":""},"product_brand":[65],"product_cat":[86,119],"product_tag":[],"class_list":{"0":"post-1693","1":"product","2":"type-product","3":"status-publish","4":"has-post-thumbnail","6":"product_brand-ona-bits","7":"product_cat-fresas-de-carburo-ona","8":"product_cat-rojo-fina","10":"first","11":"instock","12":"taxable","13":"shipping-taxable","14":"purchasable","15":"product-type-simple"},"_links":{"self":[{"href":"https:\/\/onabits.com\/es\/wp-json\/wp\/v2\/product\/1693","targetHints":{"allow":["GET"]}}],"collection":[{"href":"https:\/\/onabits.com\/es\/wp-json\/wp\/v2\/product"}],"about":[{"href":"https:\/\/onabits.com\/es\/wp-json\/wp\/v2\/types\/product"}],"replies":[{"embeddable":true,"href":"https:\/\/onabits.com\/es\/wp-json\/wp\/v2\/comments?post=1693"}],"wp:featuredmedia":[{"embeddable":true,"href":"https:\/\/onabits.com\/es\/wp-json\/wp\/v2\/media\/896"}],"wp:attachment":[{"href":"https:\/\/onabits.com\/es\/wp-json\/wp\/v2\/media?parent=1693"}],"wp:term":[{"taxonomy":"product_brand","embeddable":true,"href":"https:\/\/onabits.com\/es\/wp-json\/wp\/v2\/product_brand?post=1693"},{"taxonomy":"product_cat","embeddable":true,"href":"https:\/\/onabits.com\/es\/wp-json\/wp\/v2\/product_cat?post=1693"},{"taxonomy":"product_tag","embeddable":true,"href":"https:\/\/onabits.com\/es\/wp-json\/wp\/v2\/product_tag?post=1693"}],"curies":[{"name":"wp","href":"https:\/\/api.w.org\/{rel}","templated":true}]}}