{"id":1427,"date":"2025-11-27T23:49:04","date_gmt":"2025-11-27T20:49:04","guid":{"rendered":"https:\/\/onabits.com\/tingimused\/"},"modified":"2026-01-25T19:12:55","modified_gmt":"2026-01-25T16:12:55","slug":"tingimused","status":"publish","type":"page","link":"https:\/\/onabits.com\/et\/tingimused\/","title":{"rendered":"Tingimused"},"content":{"rendered":"\t\t<div data-elementor-type=\"wp-page\" data-elementor-id=\"1427\" class=\"elementor elementor-1427 elementor-534\">\n\t\t\t\t<div class=\"elementor-element elementor-element-005ede4 e-flex e-con-boxed e-con e-parent\" data-id=\"005ede4\" data-element_type=\"container\">\n\t\t\t\t\t<div class=\"e-con-inner\">\n\t\t\t\t<div class=\"elementor-element elementor-element-10804ed elementor-widget elementor-widget-heading\" data-id=\"10804ed\" data-element_type=\"widget\" data-widget_type=\"heading.default\">\n\t\t\t\t\t<h2 class=\"elementor-heading-title elementor-size-default\">Tingimused<\/h2>\t\t\t\t<\/div>\n\t\t\t\t<div class=\"elementor-element elementor-element-ac4a274 elementor-widget elementor-widget-text-editor\" data-id=\"ac4a274\" data-element_type=\"widget\" data-widget_type=\"text-editor.default\">\n\t\t\t\t\t\t\t\t\t<p>Tingimused (ingliskeelne versioon)<\/p><p>Viimati uuendatud: november 2025<\/p><p>K\u00e4esolevad tingimused reguleerivad suhet:<br>SIA \u201eBeauty Baltic\u201c<br>Reg. nr: 40203077960<br>Aadress: R\u016bpniec\u012bbas iela 32B\u20131H, R\u012bga, LV-1045, L\u00e4ti<br>E-post: info@onabits.com<br>Telefon: +37125867806<br>(edaspidi \u2013 Ettev\u00f5te)<br>ja iga isiku vahel, kes esitab tellimuse veebilehel onabits.com (edaspidi \u2013 Klient).<br>Veebilehe kasutamisega v\u00f5i tellimuse esitamisega n\u00f5ustub Klient k\u00e4esolevate tingimustega.<br>\u2e3b<br>1. M\u00f5isted<br>1.1. Veebileht \u2013 https:\/\/onabits.com\/<br>1.2. Klient \u2013 isik, kes ostab kaupu Veebilehe kaudu<br>1.3. Kaubad \u2013 ilu-, k\u00fc\u00fcne- ja nendega seotud tooted, mida Veebilehel pakutakse<br>1.4. Tellimus \u2013 Kliendi esitatud ostutaotlus<br>1.5. Leping \u2013 kaugm\u00fc\u00fcgileping, mis s\u00f5lmitakse Tellimuse kinnitamisel<br>\u2e3b<br>2. Lepingu ese<br>2.1. Ettev\u00f5te kohustub tarnima Kaubad ning Klient kohustub need tasuma ja vastu v\u00f5tma.<br>2.2. Veebilehel olevad tootekujutised on informatiivsed; v\u00e4rvid ja v\u00e4limus v\u00f5ivad erineda.<br>2.3. Teave v\u00f5ib muutuda ette teatamata.<br>\u2e3b<br>3. Tellimuse esitamise protsess<br>3.1. Tellimusi saab esitada veebipoe ostukorvi kaudu. Minimaalne tellimuse summa: 25 \u20ac.<br>3.2. Klient peab esitama t\u00e4psed isikuandmed.<br>3.3. Tellimuse esitamisega kinnitab Klient j\u00e4rgmiste dokumentide aktsepteerimist:<br>\u2014 Tingimused<br>\u2014 Privaatsuspoliitika<br>\u2014 Tarne- &amp; makseinfo<br>3.4. Tellimuse kinnituse e-kiri saadetakse p\u00e4rast esitamist.<br>\u2e3b<br>4. Hinnad ja maksmine<br>4.1. K\u00f5ik hinnad sisaldavad 21% k\u00e4ibemaksu ja ei sisalda tarnekulusid.<br>4.2. Hinnad v\u00f5ivad igal ajal muutuda.<br>4.3. Makseviisid h\u00f5lmavad:<br>pangakaart<br>internetipank<br>muud Veebilehel loetletud valikud<br>4.4. Makse eba\u00f5nnestumisel on tellimus t\u00fchistatud.<br>\u2e3b<br>5. Tarne<br>5.1. Tarne on saadaval L\u00e4tis, EL-is ja teistes piirkondades (vajaduse korral).<br>5.2. Tellimused saadetakse v\u00e4lja 1\u20133 t\u00f6\u00f6p\u00e4eva jooksul p\u00e4rast makse laekumist.<br>5.3. Tarnekulud arvutatakse kassas.<br>5.4. Kauba kaotsimineku v\u00f5i kahjustumise risk l\u00e4heb Kliendile \u00fcle Kauba f\u00fc\u00fcsilisel k\u00e4ttesaamisel,<br>v\u00e4lja arvatud juhul, kui Klient on valinud vedaja, mida Ettev\u00f5te ei paku.<br>5.5. Klient peab paki k\u00e4ttesaamisel \u00fcle vaatama. Kahjustused tuleb kulleriga fikseerida.<br>\u2e3b<br>6. Taganemis\u00f5igus ja tagastamine<br>6.1. Klient v\u00f5ib Kauba tagastada 14 p\u00e4eva jooksul vastavalt EL-i tarbija\u00f5igusele.<br>6.2. Kliendil on \u00f5igus lepingust taganeda p\u00f5hjust avaldamata<br>14 p\u00e4eva jooksul alates p\u00e4evast, mil Klient saab Kauba f\u00fc\u00fcsiliselt enda valdusesse.<br>Taganemis\u00f5iguse kasutamiseks peab Klient teavitama Ettev\u00f5tet oma otsusest<br>lepingust taganeda e-posti teel enne taganemist\u00e4htaja m\u00f6\u00f6dumist.<br>6.3. Tagastusi aktsepteeritakse ainult juhul, kui Kaubad:<br>on kasutamata;<br>on originaalkorras ja -pakendis;<br>ei n\u00e4ita kulumism\u00e4rke.<br>6.4. Tervisekaitse v\u00f5i h\u00fcgieeni p\u00f5hjustel suletud tooteid,<br>mis avati p\u00e4rast tarnimist, ei saa tagastada,<br>kui see on kohaldatav ja vastavalt EL-i tarbija\u00f5igusele.<br>6.5. Tagastamise saatmiskulud tasub Klient.<br>6.6. Tagasimaksed t\u00f6\u00f6deldakse 14 p\u00e4eva jooksul algsele makseviisile.<br>\u2e3b<br>7. Vastutus<br>7.1. Ettev\u00f5te ei vastuta:<br>Veebilehe katkestuste eest;<br>seadme seadetest tingitud kuvamiserinevuste eest;<br>kullerite viivituste eest;<br>Kauba eba\u00f5igest kasutamisest tingitud kahjustuste eest.<br>7.2. Ettev\u00f5te ei vastuta Kliendi v\u00e4\u00e4rkasutusest tingitud kahjude eest.<br>7.3. Miski k\u00e4esolevates tingimustes ei piira Kliendi seadusj\u00e4rgseid \u00f5igusi kohaldatava \u00f5iguse alusel.<br>\u2e3b<br>8. Intellektuaalomand<br>8.1. K\u00f5ik Veebilehe materjalid, sealhulgas logod, tekst ja visuaalne sisu, kuuluvad Ettev\u00f5ttele.<br>8.2. Volitamata kopeerimine v\u00f5i levitamine on keelatud.<br>\u2e3b<br>9. Muudatused<br>9.1. Ettev\u00f5te v\u00f5ib k\u00e4esolevaid tingimusi igal ajal uuendada.<br>9.2. Uuendused j\u00f5ustuvad avaldamisel.<br>9.3. Veebilehe j\u00e4tkuv kasutamine t\u00e4hendab uuendatud tingimustega n\u00f5ustumist.<br>\u2e3b<br>10. Kohaldatav \u00f5igus<br>10.1. K\u00e4esolevaid tingimusi reguleerivad L\u00e4ti ja Euroopa Liidu seadused.<br>10.2. Vaidlused lahendatakse L\u00e4ti kohtutes.<br>\u2e3b<br>11. Kontaktandmed<br>SIA \u201eBeauty Baltic\u201c<br>R\u016bpniec\u012bbas iela 32B\u20131H, R\u012bga, LV-1045, L\u00e4ti<br>E-post: info@onabits.com<br>Telefon: +37125867806<br>Registrinumber: 40203077960<br>KMKR number: LV40203077960<br><br>Ettev\u00f5te tegutseb Kauba m\u00fc\u00fcja ja importijana Euroopa Liidus.<\/p>\t\t\t\t\t\t\t\t<\/div>\n\t\t\t\t\t<\/div>\n\t\t\t\t<\/div>\n\t\t<div class=\"elementor-element elementor-element-9dda08a e-flex e-con-boxed e-con e-parent\" data-id=\"9dda08a\" data-element_type=\"container\">\n\t\t\t\t\t<div class=\"e-con-inner\">\n\t\t\t\t\t<\/div>\n\t\t\t\t<\/div>\n\t\t\t\t<\/div>\n\t\t","protected":false},"excerpt":{"rendered":"<p>Tingimused Tingimused (ingliskeelne versioon) Viimati uuendatud: november 2025 K\u00e4esolevad tingimused reguleerivad suhet:SIA \u201eBeauty Baltic\u201cReg. nr: 40203077960Aadress: R\u016bpniec\u012bbas iela 32B\u20131H, R\u012bga, LV-1045, L\u00e4tiE-post: info@onabits.comTelefon: +37125867806(edaspidi \u2013 Ettev\u00f5te)ja iga isiku vahel, kes [&hellip;]<\/p>\n","protected":false},"author":1,"featured_media":0,"parent":0,"menu_order":0,"comment_status":"closed","ping_status":"closed","template":"","meta":{"pagelayer_contact_templates":[],"_pagelayer_content":"","footnotes":""},"class_list":["post-1427","page","type-page","status-publish","hentry"],"_links":{"self":[{"href":"https:\/\/onabits.com\/et\/wp-json\/wp\/v2\/pages\/1427","targetHints":{"allow":["GET"]}}],"collection":[{"href":"https:\/\/onabits.com\/et\/wp-json\/wp\/v2\/pages"}],"about":[{"href":"https:\/\/onabits.com\/et\/wp-json\/wp\/v2\/types\/page"}],"author":[{"embeddable":true,"href":"https:\/\/onabits.com\/et\/wp-json\/wp\/v2\/users\/1"}],"replies":[{"embeddable":true,"href":"https:\/\/onabits.com\/et\/wp-json\/wp\/v2\/comments?post=1427"}],"version-history":[{"count":1,"href":"https:\/\/onabits.com\/et\/wp-json\/wp\/v2\/pages\/1427\/revisions"}],"predecessor-version":[{"id":1428,"href":"https:\/\/onabits.com\/et\/wp-json\/wp\/v2\/pages\/1427\/revisions\/1428"}],"wp:attachment":[{"href":"https:\/\/onabits.com\/et\/wp-json\/wp\/v2\/media?parent=1427"}],"curies":[{"name":"wp","href":"https:\/\/api.w.org\/{rel}","templated":true}]}}