{"id":1481,"date":"2025-11-27T00:54:37","date_gmt":"2025-11-26T21:54:37","guid":{"rendered":"https:\/\/onabits.com\/tarne-makseinfo\/"},"modified":"2026-03-12T23:49:38","modified_gmt":"2026-03-12T20:49:38","slug":"tarne-makseinfo","status":"publish","type":"page","link":"https:\/\/onabits.com\/et\/tarne-makseinfo\/","title":{"rendered":"Tarne &amp; makseinfo"},"content":{"rendered":"\t\t<div data-elementor-type=\"wp-page\" data-elementor-id=\"1481\" class=\"elementor elementor-1481 elementor-2\">\n\t\t\t\t<div class=\"elementor-element elementor-element-8f260d9 e-flex e-con-boxed e-con e-parent\" data-id=\"8f260d9\" data-element_type=\"container\">\n\t\t\t\t\t<div class=\"e-con-inner\">\n\t\t\t\t<div class=\"elementor-element elementor-element-3644a5b elementor-widget elementor-widget-heading\" data-id=\"3644a5b\" data-element_type=\"widget\" data-widget_type=\"heading.default\">\n\t\t\t\t\t<h2 class=\"elementor-heading-title elementor-size-default\">Tarne &amp; makseinfo<\/h2>\t\t\t\t<\/div>\n\t\t\t\t\t<\/div>\n\t\t\t\t<\/div>\n\t\t<div class=\"elementor-element elementor-element-77275ed0 e-flex e-con-boxed e-con e-parent\" data-id=\"77275ed0\" data-element_type=\"container\">\n\t\t\t\t\t<div class=\"e-con-inner\">\n\t\t\t\t<div class=\"elementor-element elementor-element-4d5031b7 elementor-widget elementor-widget-text-editor\" data-id=\"4d5031b7\" data-element_type=\"widget\" data-widget_type=\"text-editor.default\">\n\t\t\t\t\t\t\t\t\t<p>Klientide t\u00e4ieliku rahulolu tagamiseks p\u00fc\u00fcame pakkuda kiireimaid, soodsamaid ja mugavamaid viise toodete kohaletoimetamiseks ja tasumiseks.<\/p><h4 class=\"wp-block-heading\"><strong>Tarnev\u00f5imalused, hinnad (koos k\u00e4ibemaksuga) ja tarneajad<\/strong><\/h4><h4 class=\"wp-block-heading\"><strong>L\u00c4TI<\/strong><strong>:<\/strong><\/h4><ul class=\"wp-block-list\"><li>Omniva pakiautomaadid: 2.99\u20ac (1-3 p\u00e4eva). Tasuta tarne tellimustele alates 50.00 \u20ac. <\/li><\/ul><h4 class=\"wp-block-heading\"><strong>EESTI, LEEDU:<\/strong><\/h4><ul class=\"wp-block-list\"><li>Omniva pakiautomaadid: 4.99\u20ac (2-4 p\u00e4eva). Tasuta tarne tellimustele alates 50.00 \u20ac. <\/li><\/ul><h4 class=\"wp-block-heading\"><strong>EUROOPA LIIT (EL):<\/strong><\/h4><ul class=\"wp-block-list\"><li>Omniva International (economy) (post): 9,99 \u20ac (7\u201321 p\u00e4eva);<\/li><li>Kullerteenus (Fedex): 25.00\u20ac (7-10 p\u00e4eva).<\/li><\/ul><h4 class=\"wp-block-heading\"><strong>\u00dcLE MAAILMA:<\/strong><\/h4><p>Post: 25.00\u20ac (10-30 p\u00e4eva)<\/p><h5 class=\"wp-block-heading\"><em>TEADE<\/em><\/h5><ol class=\"wp-block-list\"><li>Tarnev\u00f5imalused s\u00f5ltuvad teie tarneaadressist ja n\u00e4ete tarnev\u00f5imalusi ning tasusid kassas enne tellimuse kinnitamist ja makse sooritamist.<\/li><li>V\u00f5ivad esineda piirangud paki kaalule ja suurusele iga tarneviisi puhul. Kui kaal ja\/v\u00f5i suurus \u00fcletab transpordipiiranguid, v\u00f5ime saadetise tagasi l\u00fckata ja makse tagastada, v\u00f5i paluda teil tasuda lisatasu, kui n\u00f5ustute. V\u00f5tame teiega igal juhul \u00fchendust, kui see on vajalik.  <\/li><li>Kui saadetis on t\u00f6\u00f6deldud, antakse teile j\u00e4lgimisnumber saadetise j\u00e4lgimiseks.<\/li><li>Tarneajad on ligikaudsed ja v\u00f5ivad varieeruda s\u00f5ltuvalt sihtkohast<br>ja ettev\u00f5tte kontrolli alt v\u00e4ljas olevatest teguritest.<\/li><li>Kohaletoimetamist ja v\u00e4ljasaatmisi ei toimu laup\u00e4eviti, p\u00fchap\u00e4eviti ja riigip\u00fchadel.<\/li><li>V\u00e4ljaspool Euroopa Liitu toimuvate tarnete puhul v\u00f5ivad kehtida tollimaksud, maksud ja muud<br>imporditasud ning need on Kliendi vastutusel.<\/li><\/ol><h5 class=\"wp-block-heading\">OMNIVA Pakiautomaadid (ainult L\u00e4ti, Eesti &amp; Leedu)<\/h5><p>L\u00e4tis, Eestis ja Leedus on saadaval mitmeid OMNIVA pakiautomaate.<\/p><p>Ligikaudne tarneaeg on L\u00e4tis 1-3 t\u00f6\u00f6p\u00e4eva, Eestis ja Leedus 2-4 t\u00f6\u00f6p\u00e4eva.<\/p><p>Lisateave vedaja veebilehel: https:\/\/www.omniva.lv\/<\/p><h5 class=\"wp-block-heading\">Rahvusvaheline post \u2013 POST (EL ja \u00fclemaailmne tarne)<\/h5><p>Rahvusvahelise postiga saab saata pakke kuni 2 kg. Kui olete huvitatud ostma kaupu \u00fcle 2 kg, palun kirjutage meile p\u00e4ring e-posti aadressile info@onabits.com ja kirjeldage oma vajadusi. <\/p><p>Ligikaudne tarneaeg on L\u00e4tis 4-7 p\u00e4eva, Eestisse ja Leedusse 5-10 p\u00e4eva, Euroopa Liitu 7-15 p\u00e4eva, v\u00e4ljaspool Euroopa Liitu 10-30 p\u00e4eva.<\/p><p>Lisateave vedaja veebilehel: https:\/\/pasts.lv<\/p><h4 class=\"wp-block-heading\"><strong>Maksev\u00f5imalused<\/strong><\/h4><p>Saate valida j\u00e4rgmiste maksev\u00f5imaluste hulgast:<\/p><h5 class=\"wp-block-heading\">1. Deebet- &amp; Krediitkaardid (t\u00f6\u00f6deldud <a href=\"https:\/\/www.paypal.com\/\">PayPal<\/a><span class=\"s1\">)<\/span><\/h5><h5>2. <a href=\"https:\/\/www.paypal.com\/\">PayPal<\/a> makses\u00fcsteem<\/h5><h5 class=\"wp-block-heading\">3. <label for=\"payment_method_bacs\">Otsene panga\u00fclekanne <\/label> <\/h5><p>K\u00f5ik makseandmed saadetakse teile e-posti teel kohe p\u00e4rast tellimuse esitamist. Teie tellimus t\u00f6\u00f6deldakse p\u00e4rast makse laekumist meie pangakontole. <\/p>\t\t\t\t\t\t\t\t<\/div>\n\t\t\t\t\t<\/div>\n\t\t\t\t<\/div>\n\t\t\t\t<\/div>\n\t\t","protected":false},"excerpt":{"rendered":"<p>Tarne &amp; makseinfo Klientide t\u00e4ieliku rahulolu tagamiseks p\u00fc\u00fcame pakkuda kiireimaid, soodsamaid ja mugavamaid viise toodete kohaletoimetamiseks ja tasumiseks. Tarnev\u00f5imalused, hinnad (koos k\u00e4ibemaksuga) ja tarneajad L\u00c4TI: Omniva pakiautomaadid: 2.99\u20ac (1-3 p\u00e4eva). [&hellip;]<\/p>\n","protected":false},"author":1,"featured_media":0,"parent":0,"menu_order":0,"comment_status":"closed","ping_status":"open","template":"","meta":{"pagelayer_contact_templates":[],"_pagelayer_content":"","footnotes":""},"class_list":["post-1481","page","type-page","status-publish","hentry"],"_links":{"self":[{"href":"https:\/\/onabits.com\/et\/wp-json\/wp\/v2\/pages\/1481","targetHints":{"allow":["GET"]}}],"collection":[{"href":"https:\/\/onabits.com\/et\/wp-json\/wp\/v2\/pages"}],"about":[{"href":"https:\/\/onabits.com\/et\/wp-json\/wp\/v2\/types\/page"}],"author":[{"embeddable":true,"href":"https:\/\/onabits.com\/et\/wp-json\/wp\/v2\/users\/1"}],"replies":[{"embeddable":true,"href":"https:\/\/onabits.com\/et\/wp-json\/wp\/v2\/comments?post=1481"}],"version-history":[{"count":4,"href":"https:\/\/onabits.com\/et\/wp-json\/wp\/v2\/pages\/1481\/revisions"}],"predecessor-version":[{"id":2560,"href":"https:\/\/onabits.com\/et\/wp-json\/wp\/v2\/pages\/1481\/revisions\/2560"}],"wp:attachment":[{"href":"https:\/\/onabits.com\/et\/wp-json\/wp\/v2\/media?parent=1481"}],"curies":[{"name":"wp","href":"https:\/\/api.w.org\/{rel}","templated":true}]}}