{"id":1994,"date":"2025-11-27T00:54:37","date_gmt":"2025-11-26T21:54:37","guid":{"rendered":"https:\/\/onabits.com\/privaatsuspoliitika\/"},"modified":"2026-01-25T20:01:48","modified_gmt":"2026-01-25T17:01:48","slug":"privaatsuspoliitika","status":"publish","type":"page","link":"https:\/\/onabits.com\/et\/privaatsuspoliitika\/","title":{"rendered":"Privaatsuspoliitika"},"content":{"rendered":"\t\t<div data-elementor-type=\"wp-page\" data-elementor-id=\"1994\" class=\"elementor elementor-1994 elementor-3\">\n\t\t\t\t<div class=\"elementor-element elementor-element-ca9eee2 e-flex e-con-boxed e-con e-parent\" data-id=\"ca9eee2\" data-element_type=\"container\">\n\t\t\t\t\t<div class=\"e-con-inner\">\n\t\t\t\t<div class=\"elementor-element elementor-element-6b46635 elementor-widget elementor-widget-heading\" data-id=\"6b46635\" data-element_type=\"widget\" data-widget_type=\"heading.default\">\n\t\t\t\t\t<h2 class=\"elementor-heading-title elementor-size-default\">Privaatsuspoliitika<\/h2>\t\t\t\t<\/div>\n\t\t\t\t\t<\/div>\n\t\t\t\t<\/div>\n\t\t<div class=\"elementor-element elementor-element-6148264e e-flex e-con-boxed e-con e-parent\" data-id=\"6148264e\" data-element_type=\"container\">\n\t\t\t\t\t<div class=\"e-con-inner\">\n\t\t\t\t<div class=\"elementor-element elementor-element-55a2ca1f elementor-widget elementor-widget-text-editor\" data-id=\"55a2ca1f\" data-element_type=\"widget\" data-widget_type=\"text-editor.default\">\n\t\t\t\t\t\t\t\t\t<p>Viimati uuendatud: november 2025<\/p><p>1. Mida see privaatsuspoliitika t\u00e4hendab?<br>Hoolime teie privaatsusest ja isikuandmete turvalisusest. Rakendades Euroopa Parlamendi ja n\u00f5ukogu m\u00e4\u00e4rust (EL) 2016\/679 (27. aprill 2016) f\u00fc\u00fcsiliste isikute kaitse kohta isikuandmete t\u00f6\u00f6tlemisel ja selliste andmete vaba liikumise kohta, millega tunnistatakse kehtetuks direktiiv 95\/46\/E\u00dc (isikuandmete kaitse \u00fcldm\u00e4\u00e4rus), pakume teile eriti l\u00e4bipaistvat ja \u00f5iglast isikuandmete t\u00f6\u00f6tlemist.<br>K\u00e4esolev privaatsuspoliitika (edaspidi Privaatsuspoliitika) kajastab reegleid, mida peavad j\u00e4rgima k\u00f5ik veebisaidi https:\/\/onabits.com\/ (edaspidi Veebisait) k\u00fclastajad (edaspidi K\u00fclastajad).<br>Loetakse, et K\u00fclastaja on Privaatsuspoliitikaga tutvunud ja n\u00f5ustunud seda j\u00e4rgima, kui ta on Veebisaiti k\u00fclastanud, sellel registreerunud ja (v\u00f5i) ostnud Veebisaidil m\u00fc\u00fcdavaid tooteid. Kui K\u00fclastaja ei n\u00f5ustu k\u00e4esoleva Privaatsuspoliitikaga, ei pruugi teatud Veebisaidi funktsioonid olla k\u00e4ttesaadavad.  <\/p><p>2. Millist teavet me kogume?<br>Kogume ja t\u00f6\u00f6tleme ainult asjakohaseid isikuandmeid, mis on vajalikud nende t\u00f6\u00f6tlemise eesm\u00e4rkide saavutamiseks.<br>Pakkudes teile Veebisaidil tooteid, v\u00f5ib SIA \u201eBeauty Baltic\u201c: registrinumber 40203077960, aadress: R\u016bpniec\u012bbas iela 32B\u20131H, Riia, LV-1045 (edaspidi M\u00fc\u00fcja) koguda, salvestada ja kasutada isikuandmeid.<br>Veebisaidil registreerimine: eesnimi, perekonnanimi, ettev\u00f5tte nimi (valikuline), e-posti aadress, telefoninumber.<br>Ostude sooritamine: eesnimi, perekonnanimi, ettev\u00f5tte nimi (valikuline), mobiiltelefoni number, tarneviis, tarneaadress (vajadusel), makseviis, makseandmed.<br>Teave teie arvuti, teie Veebisaidi k\u00fclastuste ja ostude kohta, sealhulgas teie IP-aadress, samuti Veebisaidil registreerimise aeg ja kuup\u00e4ev;<br>Mis tahes muu teave, mida v\u00f5ite meile edastada meie Veebisaidi ja pakutavate teenuste kasutamise ajal v\u00f5i meiega suheldes.<\/p><p>3. K\u00fcpsised<br>K\u00fcpsised sisaldavad teavet, mille veebiserver saadab veebibrauserile ja mille veebibrauser salvestab. Kasutame Google Analyticsit nimetatud Veebisaidi kasutamise anal\u00fc\u00fcsimiseks. Need t\u00f6\u00f6riistad genereerivad statistikat ja muud teavet Veebisaidi kasutamise kohta k\u00fcpsiste abil, mis salvestatakse K\u00fclastajate arvutitesse. Teavet Veebisaidi k\u00fclastamise kohta kasutatakse v\u00f5rgukasutuse aruannete loomiseks. Seda teavet salvestab Google v\u00f5i sarnane teenusepakkuja. Kasutame k\u00fcpsiseid ka selleks, et teid \u00e4ra tunda K\u00fclastajana, kes on Veebisaiti juba kasutanud.<br>Enamik veebibrausereid v\u00f5imaldab teil k\u00f5igist k\u00fcpsistest loobuda, m\u00f5ned brauserid v\u00f5imaldavad teil loobuda ainult kolmandate osapoolte k\u00fcpsistest. Seet\u00f5ttu saate s\u00f5ltuvalt oma veebibrauserist osaliselt v\u00f5i t\u00e4ielikult keelduda k\u00f5igist k\u00fcpsistest, kuid juhime teie t\u00e4helepanu asjaolule, et k\u00fcpsiste blokeerimine m\u00f5jutab negatiivselt meie Veebisaidi kasutamist \u2013 ilma nendeta ei saa te kasutada k\u00f5iki Veebisaidi pakutavaid funktsioone.<br>Veebisaiti k\u00fclastades kuvatakse K\u00fclastajale k\u00fcpsiste teavitusriba,<br>mis annab teavet k\u00fcpsiste kasutamise kohta.<br>N\u00f5usolekut vajavaid k\u00fcpsiseid kasutatakse ainult p\u00e4rast seda, kui K\u00fclastaja on andnud<br>selges\u00f5nalise n\u00f5usoleku k\u00fcpsiste teavitusriba kaudu. K\u00fclastaja v\u00f5ib n\u00f5usoleku tagasi v\u00f5tta v\u00f5i<br>muuta igal ajal k\u00fcpsiste seadete kaudu.<br>Kui K\u00fclastajal on k\u00fcpsiste kasutamise kohta k\u00fcsimusi, palume v\u00f5tta \u00fchendust Teenusepakkujaga, saates e-kirja aadressile info@onabits.com       <\/p><p>4. Teie isikuandmete kasutamine<br>Kogutud isikuandmeid kasutame ainult k\u00e4esolevas Privaatsuspoliitikas m\u00e4\u00e4ratletud eesm\u00e4rkidel.<br>V\u00f5ime teie isikuandmeid kasutada j\u00e4rgmisteks eesm\u00e4rkideks:<br>-anda teile v\u00f5imalus kasutada meie Veebisaiti ja pakutavaid teenuseid;<br>-s\u00f5lmida teiega leping ja seda t\u00e4ita;<br>-tarnida sellel Veebisaidil ostetud toode;<br>-v\u00e4ljastada ja saata teile arveid ja saatelehti;<br>-koguda ja vastu v\u00f5tta teie makseid;<br>-saata teile teateid ja teiega suhelda;<br>-kajastada teavet varasemate ostude kohta;<br>-saata posti, e-posti v\u00f5i muul viisil meie uudiseid ja muud meie teenustega seotud teavet, mida peame teile vajalikuks (kui te ei soovi tulevikus turundusteateid saada, v\u00f5ite igal ajal keelduda seda t\u00fc\u00fcpi uudiste ja teabe saamisest, teavitades meid sellest e-posti teel v\u00f5i kl\u00f5psates saadud teate all oleval interaktiivsel lingil).<br>Isikuandmete t\u00f6\u00f6tlemise \u00f5iguslik alus:<br>Isikuandmeid t\u00f6\u00f6deldakse j\u00e4rgmistel \u00f5iguslikel alustel vastavalt<br>GDPR-i artiklile 6:<br>\u2013 lepingu t\u00e4itmine (GDPR-i art. 6 lg 1 p b);<br>\u2013 \u00f5iguslike kohustuste t\u00e4itmine (GDPR-i art. 6 lg 1 p c);<br>\u2013 ettev\u00f5tte \u00f5igustatud huvid, n\u00e4iteks Veebisaidi n\u00f5uetekohase<br>toimimise ja klienditeeninduse tagamine (GDPR-i art. 6 lg 1 p f);<br>\u2013 andmesubjekti n\u00f5usolek, kui see on n\u00f5utav (GDPR-i art. 6 lg 1 p a).    <br>Teie isikuandmeid ei s\u00e4ilitata kauem kui kogutud andmete eesm\u00e4rgi saavutamiseks vajalik. Kui isikuandmeid enam ei vajata v\u00f5i need aeguvad, h\u00e4vitatakse need.<br>Isikuandmeid s\u00e4ilitatakse nii kaua, kui on vaja lepinguliste<br>kohustuste t\u00e4itmiseks ja kohaldatavate \u00f5igusn\u00f5uete, sealhulgas<br>raamatupidamis- ja maksuseaduste j\u00e4rgimiseks.<br>Otseturundus<br>Ettev\u00f5te v\u00f5ib saata teile elektrooniliste sidevahendite (e-post, tekstis\u00f5num v\u00f5i muu vorm) kaudu teavet toodete kohta, mis sarnanevad nendega, mida olete Veebisaidilt ostnud, ja edastada teie andmed neile andmesaajatele, kes kasutavad teie poolt Veebisaidi administraatorile antud isikuandmeid otseturunduse eesm\u00e4rkidel. Selle teabe saajate nimekiri v\u00f5ib muutuda, kuid eesm\u00e4rk j\u00e4\u00e4b samaks; kui soovite saada teabe saajate nimekirja, teavitage meid sellest e-posti teel aadressil:<br>info@onabits.com.<br>Kui te ei soovi otseturunduspakkumisi saada, v\u00f5ite meid oma keeldumisest teavitada, kirjutades e-posti aadressile: info@onabits.com v\u00f5i kl\u00f5psates igas teile saadetud otseturundusteates vastaval lingil.  <\/p><p>5. Teabe avaldamine<br>M\u00fc\u00fcja v\u00f5ib avaldada teie kohta teavet oma t\u00f6\u00f6tajatele, juhtidele, vahendajatele, tarnijatele ja allt\u00f6\u00f6v\u00f5tjatele, kui see on m\u00f5istlikult vajalik Veebisaidilt ostetud kaupade tarnimiseks ja teie varasema ostuajaloo kajastamiseks v\u00f5i muudel k\u00e4esolevas Privaatsuspoliitikas ette n\u00e4htud eesm\u00e4rkidel.<br>V\u00f5ime teie kohta teavet avaldada ka juhul, kui:<br>peame seda tegema vastavalt seadusele;<br>kaitsmaks teie \u00f5igusi v\u00f5i huve (sealhulgas teie kohta teabe avaldamine kolmandatele isikutele v\u00f5lgade sissen\u00f5udmiseks).<br>Isikuandmeid ei avaldata kolmandatele isikutele eesm\u00e4rgil, mis ei ole k\u00e4esolevas Privaatsuspoliitikas ette n\u00e4htud.<\/p><p>6. Teie isikuandmete turvalisus<br>Teie isikuandmeid t\u00f6\u00f6deldakse vastavuses L\u00e4ti Vabariigi ja Euroopa Liidu \u00f5igusaktidega, mis reguleerivad nende andmete t\u00f6\u00f6tlemist ja kaitset. Teie isikuandmete t\u00f6\u00f6tlemisel kasutame tehnilisi turvameetmeid, mis tagavad isikuandmete kaitse juhusliku v\u00f5i ebaseadusliku h\u00e4vitamise, muutmise, avaldamise, samuti mis tahes muu ebaseadusliku t\u00f6\u00f6tlemise eest.<br>Isikuandmete edastamine interneti kaudu on teadaolevalt ebaturvaline ja me ei saa tagada andmete turvalist edastamist interneti kaudu. <\/p><p>7. Teie n\u00f5usolek ja \u00f5igused<br>Veebisaidi kasutajaks registreerudes v\u00f5i muul viisil Veebisaidil pakutavaid teenuseid kasutades, sealhulgas tooteid ostes, kinnitate, et olete k\u00e4esoleva Privaatsuspoliitikaga tutvunud ja n\u00f5ustute sellega, ning annate meile \u00f5iguse koguda, s\u00e4ilitada, s\u00fcstematiseerida, kasutada ja t\u00f6\u00f6delda k\u00e4esolevas Privaatsuspoliitikas m\u00e4\u00e4ratletud eesm\u00e4rkidel k\u00f5iki siin mainitud ja Veebisaidi kasutamise k\u00e4igus meile edastatud isikuandmeid.<br>V\u00f5ite esitada kirjaliku avalduse (posti v\u00f5i e-posti teel), kui soovite saada teavet allikate ja milliseid teie isikuandmeid M\u00fc\u00fcja on kogunud, mis eesm\u00e4rgil neid andmeid t\u00f6\u00f6deldakse, millistele andmesaajatele neid edastatakse. Vastame sellistele avaldustele vastavalt \u00f5igusaktides s\u00e4testatud korrale ja p\u00fc\u00fcame teile teavet anda esimesel v\u00f5imalusel, kuid \u00fcldjuhul 30 p\u00e4eva jooksul alates avalduse saamisest.<br>Vastuseks teie avaldusele antakse selline teave kirjalikult, saates selle m\u00e4rgitud posti- v\u00f5i e-posti aadressile. Teave allikate ja milliseid teie isikuandmeid on kogutud, mis eesm\u00e4rgil neid t\u00f6\u00f6deldakse ja millistele andmesaajatele neid viimase aasta jooksul on edastatud, esitatakse tasuta \u00fcks kord kalendriaasta jooksul. Avalduse saamisel on meil \u00f5igus n\u00f5uda taotleja isikut t\u00f5endavat dokumenti v\u00f5i selle koopia.<br>Teil on ka \u00f5igus n\u00f5uda eba\u00f5igete isikuandmete parandamist, peatada oma isikuandmete t\u00f6\u00f6tlemine (v\u00e4lja arvatud s\u00e4ilitamine), kui andmeid t\u00f6\u00f6deldakse k\u00e4esoleva Privaatsuspoliitika s\u00e4tete rikkumisel; sellistel juhtudel peate esitama meile kirjaliku avalduse (posti v\u00f5i e-posti teel). Teie kirjaliku taotluse alusel v\u00f5ime kustutada k\u00f5ik teie isikuandmed, sealhulgas teie ostuajaloo. Avalduse saamisel on meil \u00f5igus n\u00f5uda taotleja isikut t\u00f5endavat dokumenti v\u00f5i selle koopia.<br>Teil on ka \u00f5igus esitada kaebus L\u00e4ti Vabariigi Andmekaitse Inspektsioonile<br>v\u00f5i teisele p\u00e4devale j\u00e4relevalveasutusele.     <\/p><p>8. Vastutus<br>Meie Veebisaidil registreerudes v\u00f5tate vastutuse oma parooli ja kasutajaandmete konfidentsiaalsuse, samuti mis tahes tegevuse (teabe edastamine, tellimuste esitamine jne) eest meie Veebisaidil. Kui meie Veebisaidil pakutavaid teenuseid kasutab kolmas isik teie registreerimisandmeid kasutades, loeme, et teabe edastasite ja kasutasite teie. Kui kaotate oma registreerimisandmed, peate meid sellest teavitama posti, telefoni v\u00f5i e-posti teel.<br>Te vastutate selle eest, et meile esitatud andmed oleksid t\u00e4psed, \u00f5iged ja \u00fcksikasjalikud. Kui teie varem esitatud andmed (kontaktandmed) on muutunud, palume meid sellest e-posti teel teavitada. Me ei vastuta kahjude eest, mis on tekkinud seet\u00f5ttu, et esitasite eba\u00f5igeid v\u00f5i ebapiisavaid andmeid v\u00f5i ei teavitanud meid andmete muutumisest.    <\/p><p>9. Privaatsuspoliitika muudatused<br>J\u00e4tame endale \u00f5iguse Privaatsuspoliitikat igal ajal uuendada v\u00f5i muuta. Selline uuendatud v\u00f5i muudetud Privaatsuspoliitika j\u00f5ustub Veebisaidil avaldamise hetkest. Selleks, et oleksite kursis v\u00f5imalike muudatustega Privaatsuspoliitikas, peaksite aeg-ajalt seda Veebisaiti k\u00fclastama ja veenduma, et olete Privaatsuspoliitika kehtiva versiooniga rahul.  <\/p><p>10. Kontaktandmed<br>Kui teil on k\u00fcsimusi seoses k\u00e4esoleva Privaatsuspoliitika s\u00e4tetega, v\u00f5tke meiega \u00fchendust j\u00e4rgmisel aadressil:<br>SIA \u201eBeauty Baltic\u201c<br>R\u016bpniec\u012bbas iela 32B\u20131H, R\u012bga, LV-1045<br>Registrinumber 40203077960<br>KMKR number LV40203077960 <\/p><p>E-posti aadress: info@onabits.com<br>Kontakttelefon: +371 25867806<\/p><p>Privaatsuspoliitika viimane uuendus tehti 01.11.2025.<\/p>\t\t\t\t\t\t\t\t<\/div>\n\t\t\t\t\t<\/div>\n\t\t\t\t<\/div>\n\t\t\t\t<\/div>\n\t\t","protected":false},"excerpt":{"rendered":"<p>Privaatsuspoliitika Viimati uuendatud: november 2025 1. Mida see privaatsuspoliitika t\u00e4hendab?Hoolime teie privaatsusest ja isikuandmete turvalisusest. Rakendades Euroopa Parlamendi ja n\u00f5ukogu m\u00e4\u00e4rust (EL) 2016\/679 (27. aprill 2016) f\u00fc\u00fcsiliste isikute kaitse kohta [&hellip;]<\/p>\n","protected":false},"author":1,"featured_media":0,"parent":0,"menu_order":0,"comment_status":"closed","ping_status":"closed","template":"","meta":{"pagelayer_contact_templates":[],"_pagelayer_content":"","footnotes":""},"class_list":["post-1994","page","type-page","status-publish","hentry"],"_links":{"self":[{"href":"https:\/\/onabits.com\/et\/wp-json\/wp\/v2\/pages\/1994","targetHints":{"allow":["GET"]}}],"collection":[{"href":"https:\/\/onabits.com\/et\/wp-json\/wp\/v2\/pages"}],"about":[{"href":"https:\/\/onabits.com\/et\/wp-json\/wp\/v2\/types\/page"}],"author":[{"embeddable":true,"href":"https:\/\/onabits.com\/et\/wp-json\/wp\/v2\/users\/1"}],"replies":[{"embeddable":true,"href":"https:\/\/onabits.com\/et\/wp-json\/wp\/v2\/comments?post=1994"}],"version-history":[{"count":1,"href":"https:\/\/onabits.com\/et\/wp-json\/wp\/v2\/pages\/1994\/revisions"}],"predecessor-version":[{"id":1995,"href":"https:\/\/onabits.com\/et\/wp-json\/wp\/v2\/pages\/1994\/revisions\/1995"}],"wp:attachment":[{"href":"https:\/\/onabits.com\/et\/wp-json\/wp\/v2\/media?parent=1994"}],"curies":[{"name":"wp","href":"https:\/\/api.w.org\/{rel}","templated":true}]}}