{"id":2527,"date":"2026-03-03T23:02:22","date_gmt":"2026-03-03T20:02:22","guid":{"rendered":"https:\/\/onabits.com\/product\/kovasulamotsak-ona-406803\/"},"modified":"2026-03-03T23:02:22","modified_gmt":"2026-03-03T20:02:22","slug":"kovasulamotsak-ona-406803","status":"publish","type":"product","link":"https:\/\/onabits.com\/et\/toode\/kovasulamotsak-ona-406803\/","title":{"rendered":"K\u00f5vasulamotsak ONA 406803"},"content":{"rendered":"<p>Professionaalne karbbiidotsik materjali eemaldamiseks manik\u00fc\u00fcri- ja pedik\u00fc\u00fcriprotseduuridel.<\/p>\n<p>M\u00f5eldud geeli, geellaki, akr\u00fc\u00fcli v\u00f5i h\u00fcbriidkatete ohutuks ja t\u00f5husaks eemaldamiseks v\u00f5i viimistlemiseks \u2014 olenevalt otsiku karedusest.<\/p>\n<p>Tagab sujuva, t\u00e4pse t\u00f6\u00f6 ilma kuumenemiseta.<\/p>\n<p>K\u00fc\u00fcneotsiku kasutusn\u00e4ited on esitatud viitena ja v\u00f5ivad erineda s\u00f5ltuvalt tehniku t\u00f6\u00f6tehnikast.<\/p>\n<p><a href=\"https:\/\/beautybaltic.com\/?page_id=24026\">Kliki siia<\/a> kasutusjuhendite ja ohutusn\u00f5uetega tutvumiseks.<\/p>\n","protected":false},"excerpt":{"rendered":"<p>Kuju: koonus<\/p>\n<p>T\u00f6\u00f6osa l\u00e4bim\u00f5\u00f5t, mm: 3,5<\/p>\n<p>T\u00f6\u00f6osa pikkus, mm: 14,0<\/p>\n<p>Saba l\u00e4bim\u00f5\u00f5t, mm: 2,35<\/p>\n<p>L\u00f5iket\u00fc\u00fcp: ristuv<\/p>\n<p>Karedus: kare (roheline)<\/p>\n<p>Mudel: ONA 406803<\/p>\n","protected":false},"featured_media":2431,"comment_status":"open","ping_status":"closed","template":"","meta":{"pagelayer_contact_templates":[],"_pagelayer_content":""},"product_brand":[65],"product_cat":[83,85],"product_tag":[],"class_list":{"0":"post-2527","1":"product","2":"type-product","3":"status-publish","4":"has-post-thumbnail","6":"product_brand-ona-bits","7":"product_cat-ona-karbbiidotsikud","8":"product_cat-roheline-jame","10":"first","11":"instock","12":"taxable","13":"shipping-taxable","14":"purchasable","15":"product-type-simple"},"_links":{"self":[{"href":"https:\/\/onabits.com\/et\/wp-json\/wp\/v2\/product\/2527","targetHints":{"allow":["GET"]}}],"collection":[{"href":"https:\/\/onabits.com\/et\/wp-json\/wp\/v2\/product"}],"about":[{"href":"https:\/\/onabits.com\/et\/wp-json\/wp\/v2\/types\/product"}],"replies":[{"embeddable":true,"href":"https:\/\/onabits.com\/et\/wp-json\/wp\/v2\/comments?post=2527"}],"wp:featuredmedia":[{"embeddable":true,"href":"https:\/\/onabits.com\/et\/wp-json\/wp\/v2\/media\/2431"}],"wp:attachment":[{"href":"https:\/\/onabits.com\/et\/wp-json\/wp\/v2\/media?parent=2527"}],"wp:term":[{"taxonomy":"product_brand","embeddable":true,"href":"https:\/\/onabits.com\/et\/wp-json\/wp\/v2\/product_brand?post=2527"},{"taxonomy":"product_cat","embeddable":true,"href":"https:\/\/onabits.com\/et\/wp-json\/wp\/v2\/product_cat?post=2527"},{"taxonomy":"product_tag","embeddable":true,"href":"https:\/\/onabits.com\/et\/wp-json\/wp\/v2\/product_tag?post=2527"}],"curies":[{"name":"wp","href":"https:\/\/api.w.org\/{rel}","templated":true}]}}