{"id":1417,"date":"2025-11-28T14:15:57","date_gmt":"2025-11-28T11:15:57","guid":{"rendered":"https:\/\/onabits.com\/a-propos-de-nous\/"},"modified":"2026-01-25T19:09:51","modified_gmt":"2026-01-25T16:09:51","slug":"a-propos-de-nous","status":"publish","type":"page","link":"https:\/\/onabits.com\/fr\/a-propos-de-nous\/","title":{"rendered":"\u00c0 propos de nous"},"content":{"rendered":"\n<p>ONA Bits \u2014 des embouts de ponceuse professionnels d\u00e9velopp\u00e9s conform\u00e9ment aux normes europ\u00e9ennes.<\/p>\n\n<p>La marque est n\u00e9e d&#8217;une id\u00e9e simple : les embouts de ponceuse professionnels doivent soutenir la technique, et non la compliquer.<\/p>\n\n<p>ONA Bits se concentre sur des mat\u00e9riaux soigneusement s\u00e9lectionn\u00e9s et une production contr\u00f4l\u00e9e, offrant des outils con\u00e7us pour un usage professionnel.<\/p>\n\n<p>Chez ONA Bits, nous pensons qu&#8217;un r\u00e9sultat parfait commence avec les bons outils.<\/p>\n","protected":false},"excerpt":{"rendered":"<p>ONA Bits \u2014 des embouts de ponceuse professionnels d\u00e9velopp\u00e9s conform\u00e9ment aux normes europ\u00e9ennes. La marque est n\u00e9e d&#8217;une id\u00e9e simple : les embouts de ponceuse professionnels doivent soutenir la technique, [&hellip;]<\/p>\n","protected":false},"author":1,"featured_media":0,"parent":0,"menu_order":0,"comment_status":"closed","ping_status":"closed","template":"","meta":{"pagelayer_contact_templates":[],"_pagelayer_content":"","footnotes":""},"class_list":["post-1417","page","type-page","status-publish","hentry"],"_links":{"self":[{"href":"https:\/\/onabits.com\/fr\/wp-json\/wp\/v2\/pages\/1417","targetHints":{"allow":["GET"]}}],"collection":[{"href":"https:\/\/onabits.com\/fr\/wp-json\/wp\/v2\/pages"}],"about":[{"href":"https:\/\/onabits.com\/fr\/wp-json\/wp\/v2\/types\/page"}],"author":[{"embeddable":true,"href":"https:\/\/onabits.com\/fr\/wp-json\/wp\/v2\/users\/1"}],"replies":[{"embeddable":true,"href":"https:\/\/onabits.com\/fr\/wp-json\/wp\/v2\/comments?post=1417"}],"version-history":[{"count":1,"href":"https:\/\/onabits.com\/fr\/wp-json\/wp\/v2\/pages\/1417\/revisions"}],"predecessor-version":[{"id":1418,"href":"https:\/\/onabits.com\/fr\/wp-json\/wp\/v2\/pages\/1417\/revisions\/1418"}],"wp:attachment":[{"href":"https:\/\/onabits.com\/fr\/wp-json\/wp\/v2\/media?parent=1417"}],"curies":[{"name":"wp","href":"https:\/\/api.w.org\/{rel}","templated":true}]}}