{"id":1479,"date":"2025-11-27T00:54:37","date_gmt":"2025-11-26T21:54:37","guid":{"rendered":"https:\/\/onabits.com\/informations-sur-la-livraison-et-le-paiement\/"},"modified":"2026-03-12T23:51:17","modified_gmt":"2026-03-12T20:51:17","slug":"informations-sur-la-livraison-et-le-paiement","status":"publish","type":"page","link":"https:\/\/onabits.com\/fr\/informations-sur-la-livraison-et-le-paiement\/","title":{"rendered":"Informations sur la livraison et le paiement"},"content":{"rendered":"\t\t<div data-elementor-type=\"wp-page\" data-elementor-id=\"1479\" class=\"elementor elementor-1479 elementor-2\">\n\t\t\t\t<div class=\"elementor-element elementor-element-8f260d9 e-flex e-con-boxed e-con e-parent\" data-id=\"8f260d9\" data-element_type=\"container\">\n\t\t\t\t\t<div class=\"e-con-inner\">\n\t\t\t\t<div class=\"elementor-element elementor-element-3644a5b elementor-widget elementor-widget-heading\" data-id=\"3644a5b\" data-element_type=\"widget\" data-widget_type=\"heading.default\">\n\t\t\t\t\t<h2 class=\"elementor-heading-title elementor-size-default\">Informations sur la livraison et le paiement<\/h2>\t\t\t\t<\/div>\n\t\t\t\t\t<\/div>\n\t\t\t\t<\/div>\n\t\t<div class=\"elementor-element elementor-element-77275ed0 e-flex e-con-boxed e-con e-parent\" data-id=\"77275ed0\" data-element_type=\"container\">\n\t\t\t\t\t<div class=\"e-con-inner\">\n\t\t\t\t<div class=\"elementor-element elementor-element-4d5031b7 elementor-widget elementor-widget-text-editor\" data-id=\"4d5031b7\" data-element_type=\"widget\" data-widget_type=\"text-editor.default\">\n\t\t\t\t\t\t\t\t\t<p>Afin de garantir la satisfaction totale de nos clients, nous nous effor\u00e7ons de fournir les moyens de livraison et de paiement les plus rapides, les plus avantageux et les plus pratiques.<\/p><h4 class=\"wp-block-heading\"><strong>Options d\u2019exp\u00e9dition, tarifs (TVA comprise) et d\u00e9lais<\/strong><\/h4><h4 class=\"wp-block-heading\"><strong>LETTONIE<\/strong><strong>&nbsp;:<\/strong><\/h4><ul class=\"wp-block-list\"><li>Terminaux de colis Omniva&nbsp;: 2,99&nbsp;\u20ac (1 \u00e0 3&nbsp;jours). Livraison gratuite pour les commandes d\u2019une valeur totale de 50,00&nbsp;\u20ac et plus.<\/li><\/ul><h4 class=\"wp-block-heading\"><strong>ESTONIE, LITUANIE&nbsp;:<\/strong><\/h4><ul class=\"wp-block-list\"><li>Terminaux de colis Omniva&nbsp;: 4,99&nbsp;\u20ac (2 \u00e0 4&nbsp;jours). Livraison gratuite pour les commandes d\u2019une valeur totale de 50,00&nbsp;\u20ac et plus.<\/li><\/ul><h4 class=\"wp-block-heading\"><strong>UNION EUROP\u00c9ENNE (UE)&nbsp;:<\/strong><\/h4><ul class=\"wp-block-list\"><li>Omniva International (\u00e9conomie) (Poste) : 9,99 \u20ac (7-21 jours) ;<\/li><li>Livraison par coursier (Fedex)&nbsp;: 25,00&nbsp;\u20ac (7 \u00e0 10&nbsp;jours).<\/li><\/ul><h4 class=\"wp-block-heading\"><strong>MONDE ENTIER&nbsp;:<\/strong><\/h4><p>Poste&nbsp;: 25,00&nbsp;\u20ac (10 \u00e0 30&nbsp;jours)<\/p><h5 class=\"wp-block-heading\"><em>REMARQUE<\/em><\/h5><ol class=\"wp-block-list\"><li>Les options d\u2019exp\u00e9dition sont bas\u00e9es sur votre adresse de livraison et vous verrez les options et les frais de livraison \u00e0 la caisse avant d\u2019accepter la commande et d\u2019effectuer le paiement.<\/li><li>Il peut y avoir des limitations sur le poids et la taille des colis pour chacune des m\u00e9thodes de livraison. Si le poids et\/ou la taille d\u00e9passent les limites de transport, nous pouvons refuser l\u2019exp\u00e9dition et retourner le paiement, ou nous pouvons demander \u00e0 payer des frais suppl\u00e9mentaires si vous acceptez. Nous vous contacterons dans tous les cas s\u2019il y a une telle n\u00e9cessit\u00e9.<\/li><li>Lorsque l\u2019envoi est trait\u00e9, le num\u00e9ro de suivi est fourni afin de suivre votre envoi.<\/li><li>Les d\u00e9lais de livraison sont estim\u00e9s et peuvent varier en fonction de la destination<br>et des facteurs externes ind\u00e9pendants de la volont\u00e9 de la Soci\u00e9t\u00e9.<\/li><li>Il n\u2019y a pas de livraison ni d\u2019envoi les samedis, dimanches et jours f\u00e9ri\u00e9s.<\/li><li>Pour les livraisons en dehors de l\u2019Union europ\u00e9enne, des droits de douane, des taxes et autres<br>frais d\u2019importation peuvent s\u2019appliquer et sont \u00e0 la charge du client.<\/li><\/ol><h5 class=\"wp-block-heading\">Terminaux de colis OMNIVA (Lettonie, Estonie et Lituanie uniquement)<\/h5><p>Il existe un certain nombre de terminaux de colis OMNIVA disponibles en Lettonie, en Estonie et en Lituanie.<\/p><p>Le d\u00e9lai de livraison approximatif est de 1 \u00e0 3&nbsp;jours ouvrables pour la Lettonie, de 2 \u00e0 4&nbsp;jours ouvrables pour l\u2019Estonie et la Lituanie.<\/p><p>Plus d\u2019informations sur le site Web du transporteur&nbsp;: https:\/\/www.omniva.lv\/<\/p><h5 class=\"wp-block-heading\">Courrier international \u2013 POSTE (exp\u00e9dition dans l\u2019UE et dans le monde entier)<\/h5><p>Le courrier international peut exp\u00e9dier des colis jusqu\u2019\u00e0 2&nbsp;kg. Si vous souhaitez acheter des marchandises de plus de 2&nbsp;kg, veuillez nous envoyer un courriel de demande \u00e0 info@onabits.com et d\u00e9crire vos besoins.<\/p><p>Le d\u00e9lai de livraison approximatif est de 4 \u00e0 7&nbsp;jours \u00e0 l\u2019int\u00e9rieur de la Lettonie, de 5 \u00e0 10&nbsp;jours vers l\u2019Estonie et la Lituanie, de 7 \u00e0 15&nbsp;jours vers l\u2019Union europ\u00e9enne, de 10 \u00e0 30&nbsp;jours \u00e0 l\u2019ext\u00e9rieur de l\u2019Union europ\u00e9enne.<\/p><p>Plus d\u2019informations sur le site Web du transporteur&nbsp;: https:\/\/pasts.lv<\/p><h4 class=\"wp-block-heading\"><strong>Options de paiement<\/strong><\/h4><p>Vous pouvez choisir l\u2019une des options de paiement suivantes&nbsp;:<\/p><h5 class=\"wp-block-heading\">1. Cartes de d\u00e9bit et de cr\u00e9dit (trait\u00e9es par <a href=\"https:\/\/www.paypal.com\/\">PayPal<\/a><span class=\"s1\">)<\/span><\/h5><h5>2. Syst\u00e8me de paiement <a href=\"https:\/\/www.paypal.com\/\">PayPal<\/a><\/h5><h5 class=\"wp-block-heading\">3. <label for=\"payment_method_bacs\">Virement bancaire direct<\/label> <\/h5><p>Vous recevrez tous les d\u00e9tails de paiement par courriel juste apr\u00e8s avoir pass\u00e9 la commande. Votre commande sera trait\u00e9e apr\u00e8s r\u00e9ception du paiement sur notre compte bancaire.<\/p>\t\t\t\t\t\t\t\t<\/div>\n\t\t\t\t\t<\/div>\n\t\t\t\t<\/div>\n\t\t\t\t<\/div>\n\t\t","protected":false},"excerpt":{"rendered":"<p>Informations sur la livraison et le paiement Afin de garantir la satisfaction totale de nos clients, nous nous effor\u00e7ons de fournir les moyens de livraison et de paiement les plus [&hellip;]<\/p>\n","protected":false},"author":1,"featured_media":0,"parent":0,"menu_order":0,"comment_status":"closed","ping_status":"open","template":"","meta":{"pagelayer_contact_templates":[],"_pagelayer_content":"","footnotes":""},"class_list":["post-1479","page","type-page","status-publish","hentry"],"_links":{"self":[{"href":"https:\/\/onabits.com\/fr\/wp-json\/wp\/v2\/pages\/1479","targetHints":{"allow":["GET"]}}],"collection":[{"href":"https:\/\/onabits.com\/fr\/wp-json\/wp\/v2\/pages"}],"about":[{"href":"https:\/\/onabits.com\/fr\/wp-json\/wp\/v2\/types\/page"}],"author":[{"embeddable":true,"href":"https:\/\/onabits.com\/fr\/wp-json\/wp\/v2\/users\/1"}],"replies":[{"embeddable":true,"href":"https:\/\/onabits.com\/fr\/wp-json\/wp\/v2\/comments?post=1479"}],"version-history":[{"count":2,"href":"https:\/\/onabits.com\/fr\/wp-json\/wp\/v2\/pages\/1479\/revisions"}],"predecessor-version":[{"id":2564,"href":"https:\/\/onabits.com\/fr\/wp-json\/wp\/v2\/pages\/1479\/revisions\/2564"}],"wp:attachment":[{"href":"https:\/\/onabits.com\/fr\/wp-json\/wp\/v2\/media?parent=1479"}],"curies":[{"name":"wp","href":"https:\/\/api.w.org\/{rel}","templated":true}]}}