{"id":1987,"date":"2025-11-27T00:54:37","date_gmt":"2025-11-26T21:54:37","guid":{"rendered":"https:\/\/onabits.com\/politique-de-confidentialite\/"},"modified":"2026-01-25T20:00:35","modified_gmt":"2026-01-25T17:00:35","slug":"politique-de-confidentialite","status":"publish","type":"page","link":"https:\/\/onabits.com\/fr\/politique-de-confidentialite\/","title":{"rendered":"Politique de confidentialit\u00e9"},"content":{"rendered":"\t\t<div data-elementor-type=\"wp-page\" data-elementor-id=\"1987\" class=\"elementor elementor-1987 elementor-3\">\n\t\t\t\t<div class=\"elementor-element elementor-element-ca9eee2 e-flex e-con-boxed e-con e-parent\" data-id=\"ca9eee2\" data-element_type=\"container\">\n\t\t\t\t\t<div class=\"e-con-inner\">\n\t\t\t\t<div class=\"elementor-element elementor-element-6b46635 elementor-widget elementor-widget-heading\" data-id=\"6b46635\" data-element_type=\"widget\" data-widget_type=\"heading.default\">\n\t\t\t\t\t<h2 class=\"elementor-heading-title elementor-size-default\">Politique de confidentialit\u00e9<\/h2>\t\t\t\t<\/div>\n\t\t\t\t\t<\/div>\n\t\t\t\t<\/div>\n\t\t<div class=\"elementor-element elementor-element-6148264e e-flex e-con-boxed e-con e-parent\" data-id=\"6148264e\" data-element_type=\"container\">\n\t\t\t\t\t<div class=\"e-con-inner\">\n\t\t\t\t<div class=\"elementor-element elementor-element-55a2ca1f elementor-widget elementor-widget-text-editor\" data-id=\"55a2ca1f\" data-element_type=\"widget\" data-widget_type=\"text-editor.default\">\n\t\t\t\t\t\t\t\t\t<p>Derni\u00e8re mise \u00e0 jour : novembre 2025<\/p><p>1. Que signifie cette politique de confidentialit\u00e9&nbsp;?<br>Nous accordons une grande importance \u00e0 la confidentialit\u00e9 et \u00e0 la s\u00e9curit\u00e9 de vos donn\u00e9es personnelles. Conform\u00e9ment au r\u00e8glement d\u2019ex\u00e9cution (UE) 2016\/679 du Parlement europ\u00e9en et du Conseil (27&nbsp;avril&nbsp;2016) relatif \u00e0 la protection des personnes physiques \u00e0 l\u2019\u00e9gard du traitement des donn\u00e9es \u00e0 caract\u00e8re personnel et \u00e0 la libre circulation de ces donn\u00e9es, et abrogeant la directive 95\/46\/CE (r\u00e8glement g\u00e9n\u00e9ral sur la protection des donn\u00e9es), nous vous assurons un traitement particuli\u00e8rement transparent et \u00e9quitable de vos donn\u00e9es personnelles.<br>La pr\u00e9sente politique de confidentialit\u00e9 (ci-apr\u00e8s la \u00ab&nbsp;Politique de confidentialit\u00e9&nbsp;\u00bb) refl\u00e8te les r\u00e8gles que doivent respecter tous les visiteurs du site web https:\/\/onabits.com\/ (ci-apr\u00e8s le \u00ab&nbsp;Site web&nbsp;\u00bb) (ci-apr\u00e8s les \u00ab&nbsp;Visiteurs&nbsp;\u00bb).<br>Le Visiteur est r\u00e9put\u00e9 avoir pris connaissance de la Politique de confidentialit\u00e9 et accept\u00e9 de s\u2019y conformer s\u2019il a visit\u00e9 le Site web, s\u2019y est inscrit et (ou) a achet\u00e9 les produits en vente sur le Site web. Si le Visiteur n\u2019accepte pas la pr\u00e9sente Politique de confidentialit\u00e9, certaines fonctionnalit\u00e9s<br>du Site web peuvent ne pas \u00eatre disponibles.  <\/p><p>2. Quelles informations collectons-nous&nbsp;?<br>Nous collectons et traitons uniquement les donn\u00e9es personnelles pertinentes qui sont n\u00e9cessaires pour atteindre les objectifs pour lesquels elles sont trait\u00e9es.<br>En vous proposant des produits sur le Site web, SIA \u00ab&nbsp;Beauty Baltic&nbsp;\u00bb, num\u00e9ro d\u2019enregistrement 40203077960, adresse&nbsp;: R\u016bpniec\u012bbas iela 32B\u20131H, Riga, LV-1045 (ci-apr\u00e8s le \u00ab&nbsp;Vendeur&nbsp;\u00bb) peut collecter, stocker et utiliser des donn\u00e9es personnelles.<br>Inscription sur le site web&nbsp;: pr\u00e9nom, nom, nom de l\u2019entreprise (facultatif), adresse e-mail, num\u00e9ro de t\u00e9l\u00e9phone.<br>Achats&nbsp;: nom, pr\u00e9nom, nom de l\u2019entreprise (facultatif), num\u00e9ro de t\u00e9l\u00e9phone portable, mode de livraison, adresse de livraison (le cas \u00e9ch\u00e9ant), mode de paiement, informations de paiement.<br>Informations sur votre ordinateur, vos visites et vos achats sur le Site web, y compris votre adresse IP, ainsi que l\u2019heure et la date de votre inscription sur le Site web&nbsp;;<br>Toute autre information que vous pouvez nous fournir lors de l\u2019utilisation de notre Site et des services que nous proposons, ou lors de nos \u00e9changes.<\/p><p>3. Cookies<br>Les cookies contiennent des informations qui sont envoy\u00e9es par un serveur web \u00e0 un navigateur web et stock\u00e9es par le navigateur web. Nous utilisons Google Analytics pour analyser l\u2019utilisation dudit Site web. Ces outils g\u00e9n\u00e8rent des statistiques et d\u2019autres informations sur l\u2019utilisation du Site web avec des cookies qui sont stock\u00e9s sur les ordinateurs des Visiteurs. Les informations relatives \u00e0 la visite du Site sont utilis\u00e9es pour cr\u00e9er des rapports sur l\u2019utilisation du r\u00e9seau. Ces informations sont stock\u00e9es par Google ou un prestataire de services similaire. Nous utilisons \u00e9galement des cookies pour vous reconna\u00eetre en tant que Visiteur ayant d\u00e9j\u00e0 utilis\u00e9 le Site.<br>La plupart des navigateurs web vous permettent de refuser tous les cookies, certains navigateurs vous permettent uniquement de refuser les cookies tiers. Par cons\u00e9quent, selon votre navigateur web, vous pouvez refuser partiellement ou compl\u00e8tement tous les cookies, mais nous attirons votre attention sur le fait que le blocage des cookies affecte n\u00e9gativement l\u2019utilisation de notre Site web, sans eux, vous ne pourrez pas utiliser toutes les fonctionnalit\u00e9s offertes par le Site web.<br>Lors de la visite du Site web, une banni\u00e8re de cookies s\u2019affiche pour le Visiteur<br>fournissant des informations sur l\u2019utilisation des cookies.<br>Les cookies n\u00e9cessitant un consentement ne sont utilis\u00e9s qu\u2019apr\u00e8s que le Visiteur a donn\u00e9<br>consentement explicite via la banni\u00e8re de cookies. Le Visiteur peut retirer ou<br>modifier son consentement \u00e0 tout moment via les param\u00e8tres des cookies.<br>Si le Visiteur a des questions sur l\u2019utilisation des cookies, veuillez contacter le Prestataire de services en envoyant un e-mail \u00e0 l\u2019adresse info@onabits.com       <\/p><p>4. Utilisation de vos donn\u00e9es personnelles<br>Nous utilisons les donn\u00e9es personnelles collect\u00e9es uniquement aux fins sp\u00e9cifi\u00e9es dans la pr\u00e9sente Politique de confidentialit\u00e9.<br>Nous pouvons utiliser vos donn\u00e9es personnelles pour&nbsp;:<br>-vous donner la possibilit\u00e9 d\u2019utiliser notre Site web et les services propos\u00e9s&nbsp;;<br>-conclure un contrat avec vous et l\u2019ex\u00e9cuter&nbsp;;<br>-livrer le produit achet\u00e9 sur ce Site web&nbsp;;<br>-r\u00e9diger et vous envoyer des factures et des bons de livraison&nbsp;;<br>-collecter et percevoir vos paiements&nbsp;;<br>-vous envoyer des notifications et correspondre avec vous&nbsp;;<br>-refl\u00e9ter des informations sur les achats pr\u00e9c\u00e9dents&nbsp;;<br>-envoyer par courrier, courrier \u00e9lectronique ou d\u2019une autre mani\u00e8re nos actualit\u00e9s et autres informations li\u00e9es \u00e0 nos services que nous jugeons n\u00e9cessaires pour vous (si vous ne souhaitez pas recevoir de communications marketing \u00e0 l\u2019avenir, vous pouvez \u00e0 tout moment refuser de recevoir ce type d\u2019actualit\u00e9s et d\u2019informations en nous en informant par e-mail ou en cliquant sur le lien interactif sous la notification re\u00e7ue).<br>Base juridique du traitement des donn\u00e9es personnelles&nbsp;:<br>Les donn\u00e9es personnelles sont trait\u00e9es sur les bases juridiques suivantes conform\u00e9ment<br>\u00e0 l\u2019article&nbsp;6 du RGPD&nbsp;:<br>\u2013 ex\u00e9cution d\u2019un contrat (art.&nbsp;6, paragraphe&nbsp;1, point&nbsp;b), du RGPD)&nbsp;;<br>\u2013 respect des obligations l\u00e9gales (art.&nbsp;6, paragraphe&nbsp;1, point&nbsp;c), du RGPD)&nbsp;;<br>\u2013 int\u00e9r\u00eats l\u00e9gitimes de la Soci\u00e9t\u00e9, tels que la garantie du bon<br>fonctionnement du Site web et du service client (art.&nbsp;6, paragraphe&nbsp;1, point&nbsp;f), du RGPD)&nbsp;;<br>\u2013 consentement de la personne concern\u00e9e, si n\u00e9cessaire (art.&nbsp;6, paragraphe&nbsp;1, point&nbsp;a), du RGPD).    <br>Vos donn\u00e9es personnelles ne sont pas conserv\u00e9es plus longtemps que n\u00e9cessaire aux fins des donn\u00e9es collect\u00e9es. Lorsque les donn\u00e9es personnelles ne sont plus n\u00e9cessaires ou expirent, elles seront d\u00e9truites.<br>Les donn\u00e9es personnelles sont conserv\u00e9es aussi longtemps que n\u00e9cessaire pour remplir les obligations contractuelles<br>et se conformer aux exigences l\u00e9gales applicables, y compris<br>les lois comptables et fiscales.<br>Marketing direct<br>La soci\u00e9t\u00e9 peut vous envoyer par voie \u00e9lectronique (e-mail, SMS ou autre forme) des informations sur des produits similaires \u00e0 ceux que vous avez achet\u00e9s sur le Site web et transf\u00e9rer vos donn\u00e9es aux destinataires de ces donn\u00e9es qui utilisent les donn\u00e9es personnelles que vous avez fournies \u00e0 l\u2019administrateur du Site web \u00e0 des fins de marketing direct. La liste des destinataires de ces informations peut changer, mais le but restera le m\u00eame&nbsp;; si vous souhaitez recevoir une liste des destinataires des informations, informez-nous par e-mail \u00e0 l\u2019adresse&nbsp;:<br>info@onabits.com.<br>Si vous ne souhaitez pas recevoir d\u2019offres de marketing direct, vous pouvez nous informer de votre refus en \u00e9crivant \u00e0 l\u2019adresse e-mail&nbsp;: info@onabits.com ou en cliquant sur le lien appropri\u00e9 dans chaque communication de marketing direct qui vous est envoy\u00e9e.  <\/p><p>5. Divulgation d\u2019informations<br>Le Vendeur peut divulguer des informations vous concernant \u00e0 ses employ\u00e9s, gestionnaires, interm\u00e9diaires, fournisseurs et sous-traitants si cela est raisonnablement n\u00e9cessaire pour livrer les biens que vous avez achet\u00e9s sur le Site et pour refl\u00e9ter votre historique d\u2019achats pr\u00e9c\u00e9dent, ou \u00e0 d\u2019autres fins pr\u00e9vues dans la pr\u00e9sente Politique de confidentialit\u00e9.<br>Nous pouvons \u00e9galement divulguer des informations vous concernant si&nbsp;:<br>nous devons le faire conform\u00e9ment \u00e0 la loi&nbsp;;<br>pour prot\u00e9ger vos droits ou int\u00e9r\u00eats (y compris la divulgation d\u2019informations vous concernant \u00e0 des tiers afin de recouvrer des cr\u00e9ances).<br>Les informations personnelles ne sont pas divulgu\u00e9es \u00e0 des tiers \u00e0 des fins qui ne sont pas pr\u00e9vues dans la Politique de confidentialit\u00e9.<\/p><p>6. S\u00e9curit\u00e9 de vos donn\u00e9es personnelles<br>Vos donn\u00e9es personnelles sont trait\u00e9es conform\u00e9ment \u00e0 la l\u00e9gislation de la R\u00e9publique de Lettonie et de l\u2019Union europ\u00e9enne, qui r\u00e9glemente le traitement et la protection de ces donn\u00e9es. Lors du traitement de vos donn\u00e9es personnelles, nous utilisons des mesures de s\u00e9curit\u00e9 techniques qui assurent la protection des donn\u00e9es personnelles contre la destruction, les modifications, la divulgation accidentelles ou ill\u00e9gales, ainsi que tout autre traitement ill\u00e9gal.<br>La transmission de donn\u00e9es personnelles sur Internet est connue pour \u00eatre non s\u00e9curis\u00e9e et nous ne pouvons pas garantir la transmission s\u00e9curis\u00e9e des donn\u00e9es sur Internet. <\/p><p>7. Votre consentement et vos droits<br>En vous inscrivant en tant qu\u2019utilisateur du Site web ou en utilisant d\u2019une autre mani\u00e8re les services propos\u00e9s sur le Site web, y compris en achetant un produit, vous confirmez que vous connaissez la pr\u00e9sente Politique de confidentialit\u00e9 et que vous l\u2019acceptez, et vous nous accordez ainsi le droit de collecter, stocker, syst\u00e9matiser, utiliser et traiter aux fins sp\u00e9cifi\u00e9es dans la pr\u00e9sente Politique de confidentialit\u00e9 toutes vos donn\u00e9es personnelles mentionn\u00e9es ici et qui nous sont transf\u00e9r\u00e9es lors de l\u2019utilisation du Site web.<br>Vous pouvez soumettre une demande \u00e9crite (par courrier postal ou \u00e9lectronique) si vous souhaitez recevoir des informations sur les sources et le type de donn\u00e9es personnelles vous concernant que le Vendeur a collect\u00e9es, dans quel but ces donn\u00e9es sont trait\u00e9es, \u00e0 quels destinataires de donn\u00e9es elles sont transf\u00e9r\u00e9es. Nous r\u00e9pondons \u00e0 ces soumissions conform\u00e9ment aux proc\u00e9dures \u00e9nonc\u00e9es dans les actes juridiques et essayons de vous fournir des informations d\u00e8s que possible, mais en g\u00e9n\u00e9ral dans les 30&nbsp;jours \u00e0 compter du moment de la r\u00e9ception de la soumission.<br>En r\u00e9ponse \u00e0 votre demande, ces informations sont fournies par \u00e9crit en les envoyant \u00e0 l\u2019adresse postale ou \u00e9lectronique indiqu\u00e9e. Les informations sur les sources et le type de donn\u00e9es personnelles vous concernant qui ont \u00e9t\u00e9 collect\u00e9es, dans quel but elles sont trait\u00e9es et \u00e0 quels destinataires de donn\u00e9es elles ont \u00e9t\u00e9 soumises au cours de la derni\u00e8re ann\u00e9e, sont fournies gratuitement une fois au cours de l\u2019ann\u00e9e civile. D\u00e8s r\u00e9ception de la demande, nous avons le droit de demander la pi\u00e8ce d\u2019identit\u00e9 du demandeur ou une copie de ce document.<br>Vous avez \u00e9galement le droit de demander que les donn\u00e9es personnelles incorrectes soient corrig\u00e9es, d\u2019arr\u00eater le traitement (\u00e0 l\u2019exception du stockage) de vos donn\u00e9es personnelles si les donn\u00e9es sont trait\u00e9es en violation des dispositions de la pr\u00e9sente Politique de confidentialit\u00e9&nbsp;; dans ces cas, vous devez nous soumettre une demande \u00e9crite (par courrier postal ou \u00e9lectronique). Sur la base de votre demande \u00e9crite, nous pouvons supprimer toutes vos informations personnelles, y compris votre historique d\u2019achats. D\u00e8s r\u00e9ception de la demande, nous avons le droit de demander la pi\u00e8ce d\u2019identit\u00e9 du demandeur ou une copie de ce document.<br>Vous avez \u00e9galement le droit de d\u00e9poser une plainte aupr\u00e8s de l\u2019Inspection nationale des donn\u00e9es<br>de la R\u00e9publique de Lettonie ou aupr\u00e8s d\u2019une autre autorit\u00e9 de contr\u00f4le comp\u00e9tente.     <\/p><p>8. Responsabilit\u00e9<br>En vous inscrivant sur notre Site web, vous assumez la responsabilit\u00e9 de la confidentialit\u00e9 de votre mot de passe et de vos donn\u00e9es d\u2019utilisateur, ainsi que de toute activit\u00e9 (transfert d\u2019informations, passation de commandes, etc.) sur notre Site web. Si les services propos\u00e9s sur notre Site web sont utilis\u00e9s par un tiers utilisant vos donn\u00e9es d\u2019inscription, nous consid\u00e9rons que les informations sont transf\u00e9r\u00e9es et utilis\u00e9es par vous. Si vous perdez vos donn\u00e9es d\u2019inscription, vous devez nous en informer par courrier postal, t\u00e9l\u00e9phone ou e-mail.<br>Vous \u00eates responsable de vous assurer que les donn\u00e9es qui nous sont fournies sont exactes, correctes et d\u00e9taill\u00e9es. Si vos donn\u00e9es pr\u00e9c\u00e9demment soumises (coordonn\u00e9es) ont chang\u00e9, veuillez nous en informer par e-mail. Nous ne sommes pas responsables des pertes subies en raison du fait que vous avez soumis des donn\u00e9es incorrectes ou insuffisantes ou que vous ne nous avez pas inform\u00e9s des modifications apport\u00e9es aux donn\u00e9es.    <\/p><p>9. Modifications de la Politique de confidentialit\u00e9<br>Nous nous r\u00e9servons le droit de mettre \u00e0 jour ou de modifier la Politique de confidentialit\u00e9 \u00e0 tout moment. Une telle Politique de confidentialit\u00e9 renouvel\u00e9e ou modifi\u00e9e entrera en vigueur \u00e0 partir du moment de sa publication sur le Site web. Afin que vous soyez inform\u00e9 des \u00e9ventuelles modifications de la Politique de confidentialit\u00e9, vous devez visiter ce Site web de temps \u00e0 autre et vous assurer que vous \u00eates satisfait de la version actuelle de la Politique de confidentialit\u00e9.  <\/p><p>10. Coordonn\u00e9es<br>Si vous avez des questions li\u00e9es aux dispositions de la pr\u00e9sente Politique de confidentialit\u00e9, veuillez nous contacter \u00e0 l\u2019adresse suivante&nbsp;:<br>SIA \u00ab&nbsp;Beauty Baltic&nbsp;\u00bb<br>R\u016bpniec\u012bbas iela 32B\u20131H, R\u012bga, LV-1045<br>Num\u00e9ro d\u2019enregistrement 40203077960<br>Num\u00e9ro d\u2019enregistrement TVA LV40203077960 <\/p><p>Adresse e-mail&nbsp;: info@onabits.com<br>Num\u00e9ro de t\u00e9l\u00e9phone de contact&nbsp;: +371 25867806<\/p><p>La derni\u00e8re mise \u00e0 jour de la Politique de confidentialit\u00e9 a \u00e9t\u00e9 effectu\u00e9e le 01.11.2025.<\/p>\t\t\t\t\t\t\t\t<\/div>\n\t\t\t\t\t<\/div>\n\t\t\t\t<\/div>\n\t\t\t\t<\/div>\n\t\t","protected":false},"excerpt":{"rendered":"<p>Politique de confidentialit\u00e9 Derni\u00e8re mise \u00e0 jour : novembre 2025 1. Que signifie cette politique de confidentialit\u00e9&nbsp;?Nous accordons une grande importance \u00e0 la confidentialit\u00e9 et \u00e0 la s\u00e9curit\u00e9 de vos [&hellip;]<\/p>\n","protected":false},"author":1,"featured_media":0,"parent":0,"menu_order":0,"comment_status":"closed","ping_status":"closed","template":"","meta":{"pagelayer_contact_templates":[],"_pagelayer_content":"","footnotes":""},"class_list":["post-1987","page","type-page","status-publish","hentry"],"_links":{"self":[{"href":"https:\/\/onabits.com\/fr\/wp-json\/wp\/v2\/pages\/1987","targetHints":{"allow":["GET"]}}],"collection":[{"href":"https:\/\/onabits.com\/fr\/wp-json\/wp\/v2\/pages"}],"about":[{"href":"https:\/\/onabits.com\/fr\/wp-json\/wp\/v2\/types\/page"}],"author":[{"embeddable":true,"href":"https:\/\/onabits.com\/fr\/wp-json\/wp\/v2\/users\/1"}],"replies":[{"embeddable":true,"href":"https:\/\/onabits.com\/fr\/wp-json\/wp\/v2\/comments?post=1987"}],"version-history":[{"count":1,"href":"https:\/\/onabits.com\/fr\/wp-json\/wp\/v2\/pages\/1987\/revisions"}],"predecessor-version":[{"id":1988,"href":"https:\/\/onabits.com\/fr\/wp-json\/wp\/v2\/pages\/1987\/revisions\/1988"}],"wp:attachment":[{"href":"https:\/\/onabits.com\/fr\/wp-json\/wp\/v2\/media?parent=1987"}],"curies":[{"name":"wp","href":"https:\/\/api.w.org\/{rel}","templated":true}]}}