{"id":1641,"date":"2026-01-05T13:32:28","date_gmt":"2026-01-05T10:32:28","guid":{"rendered":"https:\/\/onabits.com\/product\/fraise-en-carbure-ona-906202\/"},"modified":"2026-01-05T13:32:28","modified_gmt":"2026-01-05T10:32:28","slug":"fraise-en-carbure-ona-906202","status":"publish","type":"product","link":"https:\/\/onabits.com\/fr\/produit\/fraise-en-carbure-ona-906202\/","title":{"rendered":"Fraise en carbure ONA 906202"},"content":{"rendered":"<p>Fraise professionnelle en carbure pour le retrait de mati\u00e8re lors des manucures et p\u00e9dicures.<\/p>\n<p>Con\u00e7ue pour un retrait ou un affinage s\u00fbr et efficace du gel, du vernis semi-permanent, de l\u2019acrylique ou des rev\u00eatements hybrides, selon le grain de la fraise.<\/p>\n<p>Assure un fonctionnement lisse et pr\u00e9cis sans accumulation de chaleur.<\/p>\n<p>Des exemples d\u2019applications de fraises \u00e0 ongles sont fournis \u00e0 titre de r\u00e9f\u00e9rence et peuvent varier en fonction de la technique de travail du technicien.<\/p>\n<p><a href=\"https:\/\/onabits.com\/fr\/instructions\/\">Cliquez ici<\/a> pour acc\u00e9der aux manuels d\u2019utilisation et aux consignes de s\u00e9curit\u00e9.<\/p>\n","protected":false},"excerpt":{"rendered":"<p>Forme&nbsp;: conique<\/p>\n<p>Diam\u00e8tre de la partie active, mm&nbsp;: 2,3<\/p>\n<p>Longueur de la partie active, mm&nbsp;: 14,2<\/p>\n<p>Diam\u00e8tre de la tige, mm&nbsp;: 2,35<\/p>\n<p>Type de coupe&nbsp;: coupe crois\u00e9e (triple)<\/p>\n<p>Granulom\u00e9trie&nbsp;: moyenne (violet)<\/p>\n<p>Mod\u00e8le&nbsp;: ONA 906202<\/p>\n","protected":false},"featured_media":1642,"comment_status":"open","ping_status":"closed","template":"","meta":{"pagelayer_contact_templates":[],"_pagelayer_content":""},"product_brand":[65],"product_cat":[87,116],"product_tag":[],"class_list":{"0":"post-1641","1":"product","2":"type-product","3":"status-publish","4":"has-post-thumbnail","6":"product_brand-ona-bits","7":"product_cat-fraises-en-carbure-ona","8":"product_cat-violet-moyen","10":"first","11":"outofstock","12":"taxable","13":"shipping-taxable","14":"purchasable","15":"product-type-simple"},"_links":{"self":[{"href":"https:\/\/onabits.com\/fr\/wp-json\/wp\/v2\/product\/1641","targetHints":{"allow":["GET"]}}],"collection":[{"href":"https:\/\/onabits.com\/fr\/wp-json\/wp\/v2\/product"}],"about":[{"href":"https:\/\/onabits.com\/fr\/wp-json\/wp\/v2\/types\/product"}],"replies":[{"embeddable":true,"href":"https:\/\/onabits.com\/fr\/wp-json\/wp\/v2\/comments?post=1641"}],"wp:featuredmedia":[{"embeddable":true,"href":"https:\/\/onabits.com\/fr\/wp-json\/wp\/v2\/media\/1642"}],"wp:attachment":[{"href":"https:\/\/onabits.com\/fr\/wp-json\/wp\/v2\/media?parent=1641"}],"wp:term":[{"taxonomy":"product_brand","embeddable":true,"href":"https:\/\/onabits.com\/fr\/wp-json\/wp\/v2\/product_brand?post=1641"},{"taxonomy":"product_cat","embeddable":true,"href":"https:\/\/onabits.com\/fr\/wp-json\/wp\/v2\/product_cat?post=1641"},{"taxonomy":"product_tag","embeddable":true,"href":"https:\/\/onabits.com\/fr\/wp-json\/wp\/v2\/product_tag?post=1641"}],"curies":[{"name":"wp","href":"https:\/\/api.w.org\/{rel}","templated":true}]}}