{"id":1429,"date":"2025-11-27T23:49:04","date_gmt":"2025-11-27T20:49:04","guid":{"rendered":"https:\/\/onabits.com\/termini-e-condizioni\/"},"modified":"2026-01-25T19:13:39","modified_gmt":"2026-01-25T16:13:39","slug":"termini-e-condizioni","status":"publish","type":"page","link":"https:\/\/onabits.com\/it\/termini-e-condizioni\/","title":{"rendered":"Termini e condizioni"},"content":{"rendered":"\t\t<div data-elementor-type=\"wp-page\" data-elementor-id=\"1429\" class=\"elementor elementor-1429 elementor-534\">\n\t\t\t\t<div class=\"elementor-element elementor-element-005ede4 e-flex e-con-boxed e-con e-parent\" data-id=\"005ede4\" data-element_type=\"container\">\n\t\t\t\t\t<div class=\"e-con-inner\">\n\t\t\t\t<div class=\"elementor-element elementor-element-10804ed elementor-widget elementor-widget-heading\" data-id=\"10804ed\" data-element_type=\"widget\" data-widget_type=\"heading.default\">\n\t\t\t\t\t<h2 class=\"elementor-heading-title elementor-size-default\">Termini e condizioni<\/h2>\t\t\t\t<\/div>\n\t\t\t\t<div class=\"elementor-element elementor-element-ac4a274 elementor-widget elementor-widget-text-editor\" data-id=\"ac4a274\" data-element_type=\"widget\" data-widget_type=\"text-editor.default\">\n\t\t\t\t\t\t\t\t\t<p>Termini e condizioni (versione inglese)<\/p><p>Ultimo aggiornamento: novembre 2025<\/p><p>I presenti Termini e condizioni (i Termini) regolano il rapporto tra:<br>SIA \u201cBeauty Baltic\u201d<br>N. reg.: 40203077960<br>Indirizzo: R\u016bpniec\u012bbas iela 32B\u20131H, R\u012bga, LV-1045, Lettonia<br>E-mail: info@onabits.com<br>Telefono: +37125867806<br>(di seguito \u2013 la Societ\u00e0)<br>e qualsiasi persona fisica che effettui un ordine su onabits.com (il Cliente).<br>Utilizzando il Sito web o effettuando un ordine, il Cliente accetta i presenti Termini.<br>\u2e3b<br>1. Definizioni<br>1.1. Sito web \u2013 https:\/\/onabits.com\/<br>1.2. Cliente \u2013 una persona fisica che acquista beni tramite il Sito web<br>1.3. Beni \u2013 prodotti di bellezza, per unghie e prodotti correlati offerti sul Sito web<br>1.4. Ordine \u2013 una domanda di acquisto presentata dal Cliente<br>1.5. Accordo \u2013 il contratto a distanza stabilito al momento della conferma dell&#8217;Ordine<br>\u2e3b<br>2. Oggetto dell&#8217;Accordo<br>2.1. La Societ\u00e0 si impegna a fornire i Beni e il Cliente si impegna a pagarli e ad accettarli.<br>2.2. Le immagini dei prodotti sul Sito web sono a scopo informativo; i colori e l&#8217;aspetto possono variare.<br>2.3. Le informazioni possono cambiare senza preavviso.<br>\u2e3b<br>3. Procedura d&#8217;Ordine<br>3.1. Gli ordini vengono effettuati tramite il carrello online. Importo minimo dell&#8217;ordine: 25 \u20ac.<br>3.2. Il Cliente deve fornire dati personali accurati.<br>3.3. Effettuando un ordine, il Cliente conferma l&#8217;accettazione di:<br>\u2014 Termini e condizioni<br>\u2014 Informativa sulla privacy<br>\u2014 Informazioni su consegna e pagamento<br>3.4. Un&#8217;e-mail di conferma dell&#8217;ordine verr\u00e0 inviata dopo l&#8217;invio.<br>\u2e3b<br>4. Prezzi e Pagamento<br>4.1. Tutti i prezzi includono l&#8217;IVA al 21% ed escludono i costi di consegna.<br>4.2. I prezzi possono cambiare in qualsiasi momento.<br>4.3. I metodi di pagamento includono:<br>carta di credito<br>internet banking<br>altre opzioni elencate sul Sito web<br>4.4. Se il pagamento fallisce, l&#8217;ordine \u00e8 nullo.<br>\u2e3b<br>5. Consegna<br>5.1. La consegna \u00e8 disponibile in Lettonia, UE e altre regioni (ove applicabile).<br>5.2. Gli ordini vengono spediti entro 1\u20133 giorni lavorativi dopo il pagamento.<br>5.3. Le spese di spedizione vengono calcolate al momento del pagamento.<br>5.4. Il rischio di perdita o danneggiamento si trasferisce al Cliente al momento della ricezione fisica dei Beni,<br>a meno che il Cliente non abbia scelto un corriere non offerto dalla Societ\u00e0.<br>5.5. Il Cliente deve ispezionare il pacco al momento della ricezione. I danni devono essere registrati con il corriere.<br>\u2e3b<br>6. Diritto di Recesso e Resi<br>6.1. Il Cliente pu\u00f2 restituire i Beni entro 14 giorni in base alla legge europea sui consumatori.<br>6.2. Il Cliente ha il diritto di recedere dal contratto senza fornire alcuna motivazione<br>entro 14 giorni dal giorno in cui il Cliente acquisisce il possesso fisico dei Beni.<br>Per esercitare il diritto di recesso, il Cliente deve informare la Societ\u00e0 della decisione<br>di recedere dal contratto tramite e-mail prima della scadenza del periodo di recesso.<br>6.3. I resi sono accettati solo se i Beni:<br>non sono usati;<br>sono nelle condizioni e nell&#8217;imballaggio originali;<br>non mostrano segni di usura.<br>6.4. I prodotti sigillati per motivi di protezione della salute o di igiene<br>e che sono stati aperti dopo la consegna non possono essere restituiti,<br>ove applicabile e in conformit\u00e0 con la legge europea sui consumatori.<br>6.5. La spedizione di reso \u00e8 a carico del Cliente.<br>6.6. I rimborsi vengono elaborati entro 14 giorni con il metodo di pagamento originale.<br>\u2e3b<br>7. Responsabilit\u00e0<br>7.1. La Societ\u00e0 non \u00e8 responsabile per:<br>interruzioni del Sito web;<br>differenze di visualizzazione causate dalle impostazioni del dispositivo;<br>ritardi del corriere;<br>danni causati da un uso improprio dei Beni.<br>7.2. La Societ\u00e0 non \u00e8 responsabile per le perdite causate da un uso improprio da parte del Cliente.<br>7.3. Nulla in questi Termini limita i diritti legali del Cliente ai sensi della legge applicabile.<br>\u2e3b<br>8. Propriet\u00e0 Intellettuale<br>8.1. Tutti i materiali del Sito web, inclusi loghi, testi e contenuti visivi, sono di propriet\u00e0 della Societ\u00e0.<br>8.2. La copia o la distribuzione non autorizzata \u00e8 vietata.<br>\u2e3b<br>9. Modifiche<br>9.1. La Societ\u00e0 pu\u00f2 aggiornare questi Termini in qualsiasi momento.<br>9.2. Gli aggiornamenti entrano in vigore al momento della pubblicazione.<br>9.3. L&#8217;uso continuato del Sito web costituisce accettazione dei Termini aggiornati.<br>\u2e3b<br>10. Legge Applicabile<br>10.1. I presenti Termini sono regolati dalle leggi della Lettonia e dell&#8217;Unione Europea.<br>10.2. Le controversie saranno risolte nei tribunali della Lettonia.<br>\u2e3b<br>11. Informazioni di Contatto<br>SIA \u201cBeauty Baltic\u201d<br>R\u016bpniec\u012bbas iela 32B\u20131H, R\u012bga, LV-1045, Lettonia<br>E-mail: info@onabits.com<br>Telefono: +37125867806<br>Numero di registrazione: 40203077960<br>Partita IVA: LV40203077960<br><br>La Societ\u00e0 agisce come venditore e importatore dei Beni nell&#8217;Unione Europea.<\/p>\t\t\t\t\t\t\t\t<\/div>\n\t\t\t\t\t<\/div>\n\t\t\t\t<\/div>\n\t\t<div class=\"elementor-element elementor-element-9dda08a e-flex e-con-boxed e-con e-parent\" data-id=\"9dda08a\" data-element_type=\"container\">\n\t\t\t\t\t<div class=\"e-con-inner\">\n\t\t\t\t\t<\/div>\n\t\t\t\t<\/div>\n\t\t\t\t<\/div>\n\t\t","protected":false},"excerpt":{"rendered":"<p>Termini e condizioni Termini e condizioni (versione inglese) Ultimo aggiornamento: novembre 2025 I presenti Termini e condizioni (i Termini) regolano il rapporto tra:SIA \u201cBeauty Baltic\u201dN. reg.: 40203077960Indirizzo: R\u016bpniec\u012bbas iela 32B\u20131H, [&hellip;]<\/p>\n","protected":false},"author":1,"featured_media":0,"parent":0,"menu_order":0,"comment_status":"closed","ping_status":"closed","template":"","meta":{"pagelayer_contact_templates":[],"_pagelayer_content":"","footnotes":""},"class_list":["post-1429","page","type-page","status-publish","hentry"],"_links":{"self":[{"href":"https:\/\/onabits.com\/it\/wp-json\/wp\/v2\/pages\/1429","targetHints":{"allow":["GET"]}}],"collection":[{"href":"https:\/\/onabits.com\/it\/wp-json\/wp\/v2\/pages"}],"about":[{"href":"https:\/\/onabits.com\/it\/wp-json\/wp\/v2\/types\/page"}],"author":[{"embeddable":true,"href":"https:\/\/onabits.com\/it\/wp-json\/wp\/v2\/users\/1"}],"replies":[{"embeddable":true,"href":"https:\/\/onabits.com\/it\/wp-json\/wp\/v2\/comments?post=1429"}],"version-history":[{"count":1,"href":"https:\/\/onabits.com\/it\/wp-json\/wp\/v2\/pages\/1429\/revisions"}],"predecessor-version":[{"id":1430,"href":"https:\/\/onabits.com\/it\/wp-json\/wp\/v2\/pages\/1429\/revisions\/1430"}],"wp:attachment":[{"href":"https:\/\/onabits.com\/it\/wp-json\/wp\/v2\/media?parent=1429"}],"curies":[{"name":"wp","href":"https:\/\/api.w.org\/{rel}","templated":true}]}}