{"id":1256,"date":"2025-11-28T14:15:57","date_gmt":"2025-11-28T11:15:57","guid":{"rendered":"https:\/\/onabits.com\/apie-mus\/"},"modified":"2026-01-25T18:41:15","modified_gmt":"2026-01-25T15:41:15","slug":"apie-mus","status":"publish","type":"page","link":"https:\/\/onabits.com\/lt\/apie-mus\/","title":{"rendered":"Apie mus"},"content":{"rendered":"\n<p>ONA Bits \u2014 profesional\u016bs nag\u0173 frezavimo antgaliai, sukurti pagal Europos standartus.<\/p>\n\n<p>Prek\u0117s \u017eenklas gim\u0117 i\u0161 paprastos id\u0117jos: profesional\u016bs frezavimo antgaliai tur\u0117t\u0173 palaikyti technik\u0105, o ne j\u0105 apsunkinti.<\/p>\n\n<p>ONA Bits d\u0117mesys sutelktas \u012f kruop\u0161\u010diai atrinktas med\u017eiagas ir kontroliuojam\u0105 gamyb\u0105, si\u016blant \u012frankius, skirtus profesionaliam naudojimui.<\/p>\n\n<p>ONA Bits mes tikime, kad tobuli rezultatai prasideda nuo tinkam\u0173 \u012franki\u0173.<\/p>\n","protected":false},"excerpt":{"rendered":"<p>ONA Bits \u2014 profesional\u016bs nag\u0173 frezavimo antgaliai, sukurti pagal Europos standartus. Prek\u0117s \u017eenklas gim\u0117 i\u0161 paprastos id\u0117jos: profesional\u016bs frezavimo antgaliai tur\u0117t\u0173 palaikyti technik\u0105, o ne j\u0105 apsunkinti. ONA Bits d\u0117mesys [&hellip;]<\/p>\n","protected":false},"author":1,"featured_media":0,"parent":0,"menu_order":0,"comment_status":"closed","ping_status":"closed","template":"","meta":{"pagelayer_contact_templates":[],"_pagelayer_content":"","footnotes":""},"class_list":["post-1256","page","type-page","status-publish","hentry"],"_links":{"self":[{"href":"https:\/\/onabits.com\/lt\/wp-json\/wp\/v2\/pages\/1256","targetHints":{"allow":["GET"]}}],"collection":[{"href":"https:\/\/onabits.com\/lt\/wp-json\/wp\/v2\/pages"}],"about":[{"href":"https:\/\/onabits.com\/lt\/wp-json\/wp\/v2\/types\/page"}],"author":[{"embeddable":true,"href":"https:\/\/onabits.com\/lt\/wp-json\/wp\/v2\/users\/1"}],"replies":[{"embeddable":true,"href":"https:\/\/onabits.com\/lt\/wp-json\/wp\/v2\/comments?post=1256"}],"version-history":[{"count":1,"href":"https:\/\/onabits.com\/lt\/wp-json\/wp\/v2\/pages\/1256\/revisions"}],"predecessor-version":[{"id":1257,"href":"https:\/\/onabits.com\/lt\/wp-json\/wp\/v2\/pages\/1256\/revisions\/1257"}],"wp:attachment":[{"href":"https:\/\/onabits.com\/lt\/wp-json\/wp\/v2\/media?parent=1256"}],"curies":[{"name":"wp","href":"https:\/\/api.w.org\/{rel}","templated":true}]}}