{"id":1260,"date":"2025-11-27T00:54:37","date_gmt":"2025-11-26T21:54:37","guid":{"rendered":"https:\/\/onabits.com\/pristatymo-ir-mokejimo-informacija\/"},"modified":"2026-03-12T23:45:27","modified_gmt":"2026-03-12T20:45:27","slug":"pristatymo-ir-mokejimo-informacija","status":"publish","type":"page","link":"https:\/\/onabits.com\/lt\/pristatymo-ir-mokejimo-informacija\/","title":{"rendered":"Pristatymo ir mok\u0117jimo informacija"},"content":{"rendered":"\t\t<div data-elementor-type=\"wp-page\" data-elementor-id=\"1260\" class=\"elementor elementor-1260 elementor-2\">\n\t\t\t\t<div class=\"elementor-element elementor-element-8f260d9 e-flex e-con-boxed e-con e-parent\" data-id=\"8f260d9\" data-element_type=\"container\">\n\t\t\t\t\t<div class=\"e-con-inner\">\n\t\t\t\t<div class=\"elementor-element elementor-element-3644a5b elementor-widget elementor-widget-heading\" data-id=\"3644a5b\" data-element_type=\"widget\" data-widget_type=\"heading.default\">\n\t\t\t\t\t<h2 class=\"elementor-heading-title elementor-size-default\">Pristatymo ir mok\u0117jimo informacija<\/h2>\t\t\t\t<\/div>\n\t\t\t\t\t<\/div>\n\t\t\t\t<\/div>\n\t\t<div class=\"elementor-element elementor-element-77275ed0 e-flex e-con-boxed e-con e-parent\" data-id=\"77275ed0\" data-element_type=\"container\">\n\t\t\t\t\t<div class=\"e-con-inner\">\n\t\t\t\t<div class=\"elementor-element elementor-element-4d5031b7 elementor-widget elementor-widget-text-editor\" data-id=\"4d5031b7\" data-element_type=\"widget\" data-widget_type=\"text-editor.default\">\n\t\t\t\t\t\t\t\t\t<p>Siekiant u\u017etikrinti visi\u0161k\u0105 klient\u0173 pasitenkinim\u0105, stengiam\u0117s pasi\u016blyti grei\u010diausius, naudingiausius ir patogiausius pristatymo ir mok\u0117jimo b\u016bdus.<\/p><h4 class=\"wp-block-heading\"><strong>Pristatymo galimyb\u0117s, kainos (su PVM) ir laikotarpiai<\/strong><\/h4><h4 class=\"wp-block-heading\"><strong>LATVIJA<\/strong><strong>:<\/strong><\/h4><ul class=\"wp-block-list\"><li>Omniva siunt\u0173 terminalai: 2,99 \u20ac (1-3 dienos). Nemokamas pristatymas u\u017esakymams, kuri\u0173 bendra vert\u0117 yra 50,00 \u20ac ir daugiau.<\/li><\/ul><h4 class=\"wp-block-heading\"><strong>ESTIJA, LIETUVA:<\/strong><\/h4><ul class=\"wp-block-list\"><li>Omniva siunt\u0173 terminalai: 4,99 \u20ac (2-4 dienos). Nemokamas pristatymas u\u017esakymams, kuri\u0173 bendra vert\u0117 yra 50,00 \u20ac ir daugiau.<\/li><\/ul><h4 class=\"wp-block-heading\"><strong>EUROPOS S\u0104JUNGA (ES):<\/strong><\/h4><ul class=\"wp-block-list\"><li>Omniva International (ekonomin\u0117) (pa\u0161tas): 9,99 \u20ac (7\u201321 diena);<\/li><li>Kurjerio pristatymas (Fedex): 25,00 \u20ac (7-10 dien\u0173).<\/li><\/ul><h4 class=\"wp-block-heading\"><strong>VISAME PASAULYJE:<\/strong><\/h4><p>Pa\u0161tas: 25,00 \u20ac (10-30 dien\u0173)<\/p><h5 class=\"wp-block-heading\"><em>PASTABA<\/em><\/h5><ol class=\"wp-block-list\"><li>Pristatymo galimyb\u0117s priklauso nuo j\u016bs\u0173 pristatymo adreso, ir j\u016bs matysite pristatymo galimybes ir mokes\u010dius atsiskaitymo metu prie\u0161 priimdami u\u017esakym\u0105 ir atlikdami mok\u0117jim\u0105.<\/li><li>Gali b\u016bti apribojim\u0173 d\u0117l siuntos svorio ir dyd\u017eio kiekvienam pristatymo b\u016bdui. Jei svoris ir\/ar dydis vir\u0161ija transportavimo ribas, galime atsisakyti siuntos ir gr\u0105\u017einti mok\u0117jim\u0105 arba papra\u0161yti sumok\u0117ti papildom\u0105 mokest\u012f, jei sutinkate. Bet kuriuo atveju susisieksime su jumis, jei tokia b\u016btinyb\u0117 atsiras.<\/li><li>Kai siunta yra apdorojama, pateikiamas sekimo numeris, kad gal\u0117tum\u0117te steb\u0117ti savo siunt\u0105.<\/li><li>Pristatymo laikai yra apytiksliai ir gali skirtis priklausomai nuo paskirties vietos<br>ir i\u0161orini\u0173 veiksni\u0173, kuri\u0173 Bendrov\u0117 nekontroliuoja.<\/li><li>\u0160e\u0161tadieniais, sekmadieniais ir valstybini\u0173 \u0161ven\u010di\u0173 dienomis pristatymas ir siuntimas nevykdomas.<\/li><li>Pristatymams u\u017e Europos S\u0105jungos rib\u0173 gali b\u016bti taikomi muitai, mokes\u010diai ir kiti<br>importo mokes\u010diai, kurie yra Kliento atsakomyb\u0117.<\/li><\/ol><h5 class=\"wp-block-heading\">OMNIVA siunt\u0173 terminalai (tik Latvija, Estija ir Lietuva)<\/h5><p>Latvijoje, Estijoje ir Lietuvoje yra daug OMNIVA siunt\u0173 terminal\u0173.<\/p><p>Apytikslis pristatymo laikotarpis yra 1-3 darbo dienos Latvijai, 2-4 darbo dienos Estijai ir Lietuvai.<\/p><p>Daugiau informacijos ve\u017e\u0117jo svetain\u0117je: https:\/\/www.omniva.lv\/<\/p><h5 class=\"wp-block-heading\">Tarptautinis pa\u0161tas \u2013 POST (ES ir pasaulinis pristatymas)<\/h5><p>Tarptautinis pa\u0161tas gali si\u0173sti siuntas iki 2 kg. Jei norite \u012fsigyti preki\u0173, sverian\u010di\u0173 daugiau nei 2 kg, pra\u0161ome ra\u0161yti u\u017eklausos el. lai\u0161k\u0105 adresu info@onabits.com ir apra\u0161yti savo reikalavimus.<\/p><p>Apytikslis pristatymo laikotarpis yra 4-7 dienos Latvijoje, 5-10 dien\u0173 Estijoje ir Lietuvoje, 7-15 dien\u0173 Europos S\u0105jungoje, 10-30 dien\u0173 u\u017e Europos S\u0105jungos rib\u0173.<\/p><p>Daugiau informacijos ve\u017e\u0117jo svetain\u0117je: https:\/\/pasts.lv<\/p><h4 class=\"wp-block-heading\"><strong>Mok\u0117jimo galimyb\u0117s<\/strong><\/h4><p>Galite pasirinkti bet kuri\u0105 i\u0161 \u0161i\u0173 mok\u0117jimo galimybi\u0173:<\/p><h5 class=\"wp-block-heading\">1. Debeto ir kredito kortel\u0117s (apdorojamos per <a href=\"https:\/\/www.paypal.com\/\">PayPal<\/a><span class=\"s1\">)<\/span><\/h5><h5>2. <a href=\"https:\/\/www.paypal.com\/\">PayPal<\/a> mok\u0117jimo sistema<\/h5><h5 class=\"wp-block-heading\">3. <label for=\"payment_method_bacs\">Tiesioginis banko pervedimas<\/label> <\/h5><p>Vis\u0105 mok\u0117jimo informacij\u0105 gausite el. pa\u0161tu i\u0161 karto po u\u017esakymo pateikimo. J\u016bs\u0173 u\u017esakymas bus apdorotas gavus mok\u0117jim\u0105 \u012f m\u016bs\u0173 banko s\u0105skait\u0105.<\/p>\t\t\t\t\t\t\t\t<\/div>\n\t\t\t\t\t<\/div>\n\t\t\t\t<\/div>\n\t\t\t\t<\/div>\n\t\t","protected":false},"excerpt":{"rendered":"<p>Pristatymo ir mok\u0117jimo informacija Siekiant u\u017etikrinti visi\u0161k\u0105 klient\u0173 pasitenkinim\u0105, stengiam\u0117s pasi\u016blyti grei\u010diausius, naudingiausius ir patogiausius pristatymo ir mok\u0117jimo b\u016bdus. Pristatymo galimyb\u0117s, kainos (su PVM) ir laikotarpiai LATVIJA: Omniva siunt\u0173 terminalai: [&hellip;]<\/p>\n","protected":false},"author":1,"featured_media":0,"parent":0,"menu_order":0,"comment_status":"closed","ping_status":"open","template":"","meta":{"pagelayer_contact_templates":[],"_pagelayer_content":"","footnotes":""},"class_list":["post-1260","page","type-page","status-publish","hentry"],"_links":{"self":[{"href":"https:\/\/onabits.com\/lt\/wp-json\/wp\/v2\/pages\/1260","targetHints":{"allow":["GET"]}}],"collection":[{"href":"https:\/\/onabits.com\/lt\/wp-json\/wp\/v2\/pages"}],"about":[{"href":"https:\/\/onabits.com\/lt\/wp-json\/wp\/v2\/types\/page"}],"author":[{"embeddable":true,"href":"https:\/\/onabits.com\/lt\/wp-json\/wp\/v2\/users\/1"}],"replies":[{"embeddable":true,"href":"https:\/\/onabits.com\/lt\/wp-json\/wp\/v2\/comments?post=1260"}],"version-history":[{"count":2,"href":"https:\/\/onabits.com\/lt\/wp-json\/wp\/v2\/pages\/1260\/revisions"}],"predecessor-version":[{"id":2553,"href":"https:\/\/onabits.com\/lt\/wp-json\/wp\/v2\/pages\/1260\/revisions\/2553"}],"wp:attachment":[{"href":"https:\/\/onabits.com\/lt\/wp-json\/wp\/v2\/media?parent=1260"}],"curies":[{"name":"wp","href":"https:\/\/api.w.org\/{rel}","templated":true}]}}