{"id":1333,"date":"2026-01-02T21:33:13","date_gmt":"2026-01-02T18:33:13","guid":{"rendered":"https:\/\/onabits.com\/instrukcijos\/"},"modified":"2026-03-03T23:10:52","modified_gmt":"2026-03-03T20:10:52","slug":"instrukcijos","status":"publish","type":"page","link":"https:\/\/onabits.com\/lt\/instrukcijos\/","title":{"rendered":"Instrukcijos"},"content":{"rendered":"\t\t<div data-elementor-type=\"wp-page\" data-elementor-id=\"1333\" class=\"elementor elementor-1333 elementor-603\">\n\t\t\t\t<div class=\"elementor-element elementor-element-279641ab e-flex e-con-boxed e-con e-parent\" data-id=\"279641ab\" data-element_type=\"container\">\n\t\t\t\t\t<div class=\"e-con-inner\">\n\t\t\t\t<div class=\"elementor-element elementor-element-189d7af5 elementor-widget elementor-widget-text-editor\" data-id=\"189d7af5\" data-element_type=\"widget\" data-widget_type=\"text-editor.default\">\n\t\t\t\t\t\t\t\t\t<h6><b>ONA Bits &#8211; Naudotojo vadovas ir saugos instrukcijos<\/b><\/h6><p><strong>1. Produkto <\/strong><strong>paskirtis<\/strong><\/p><p>\u0160ie nag\u0173 antgaliai skirti profesionaliam naudojimui maniki\u016bro ir pediki\u016bro technikams, \u012fskaitant nat\u016brali\u0173 ir dirbtini\u0173 nag\u0173 med\u017eiag\u0173 apdorojim\u0105.<\/p><p>Neskirta medicininiam ar odontologiniam naudojimui<\/p><p><strong>2. Technin\u0117s specifikacijos<\/strong><\/p><p>\u012erankio tipas: karbido nag\u0173 antgaliai.<\/p><p>Kotelio skersmuo: 2,35 mm<\/p><p>Darbin\u0117s dalies med\u017eiaga: volframo karbidas<\/p><p><strong>\u017dym\u0117jimas pagal <\/strong><strong>\u0161iurk\u0161tum\u0105<\/strong><strong> (spalvotas \u017eiedas)<\/strong><\/p><p>Gr\u0105\u017eto \u0161iurk\u0161tumas nustatomas pagal spalvot\u0105 \u017eied\u0105 ant kotelio:<\/p><p>  Geltonas \u017eiedas \u2013 Labai smulkus<\/p><p>  Raudonas \u017eiedas \u2013 Smulkus<\/p><p>  M\u0117lynas \u017eiedas \u2013 Vidutinis<\/p><p>  Violetinis \u017eiedas \u2013 Vidutinis<\/p><p>  \u017dalias \u017eiedas \u2013 \u0160iurk\u0161tus<\/p><p>  Juodas \u017eiedas \u2013 Labai \u0161iurk\u0161tus<\/p><p>Spalvotas \u017eym\u0117jimas skirtas pad\u0117ti profesionalams pasirinkti tinkam\u0105 nag\u0173 antgal\u012f proced\u016brai.<\/p><p><strong>3. Maksimalus sukimosi greitis<\/strong><\/p><p>Nevir\u0161ykite did\u017eiausio leistino sukimosi grei\u010dio.<\/p><p>Vir\u0161ijus rekomenduojam\u0105 greit\u012f, gali kilti perkaitimas, gr\u0105\u017eto pa\u017eeidimas ar asmenin\u0117 trauma.<\/p><p><strong>Rekomenduojamas maksimalus greitis pagal <\/strong><strong>\u0161iurk\u0161tum\u0105<\/strong><\/p><figure class=\"wp-block-table\"><table class=\"has-fixed-layout\"><thead><tr><td><strong>Spalvotas \u017eiedas<\/strong><\/td><td><strong>\u0160iurk\u0161tumas<\/strong><\/td><td><strong>Maksimalus greitis (RPM)<\/strong><\/td><\/tr><\/thead><tbody><tr><td>Geltonas<\/td><td>Labai smulkus<\/td><td>iki 35 000 RPM<\/td><\/tr><tr><td>Raudonas<\/td><td>Smulkus<\/td><td>iki 35 000 RPM<\/td><\/tr><tr><td>M\u0117lynas<\/td><td>Vidutinis<\/td><td>iki 35 000 RPM<\/td><\/tr><tr><td>Violetinis<\/td><td>Vidutinis-\u0161iurk\u0161tus<\/td><td>iki 35 000 RPM<\/td><\/tr><tr><td>\u017dalias<\/td><td>\u0160iurk\u0161tus<\/td><td>iki 25 000 RPM<\/td><\/tr><tr><td>Juodas<\/td><td>Labai \u0161iurk\u0161tus<\/td><td>iki 20 000 RPM<\/td><\/tr><\/tbody><\/table><\/figure><p>Dideli darbiniai skersmenys paprastai reikalauja ma\u017eesni\u0173 sukimosi grei\u010di\u0173.<\/p><p>Ne visi elektriniai nag\u0173 gr\u0105\u017etai yra sukurti saugiai veikti maksimaliu nurodytu grei\u010diu.<\/p><p>Tikrasis darbinis greitis turi b\u016bti pasirinktas profesionalaus naudotojo, atsi\u017evelgiant \u012f gr\u0105\u017eto<\/p><p>skersmen\u012f, \u0161iurk\u0161tum\u0105, apdorojam\u0105 med\u017eiag\u0105, taikom\u0105 technik\u0105 ir elektrinio nag\u0173 gr\u0105\u017eto specifikacijas.<\/p><p><strong>4<\/strong><strong>. Saugos <\/strong><strong>priemon\u0117s<\/strong><\/p><p><strong>\u012eSP\u0116JIMAS<\/strong><\/p><p><strong>Netinkamas naudojimas gali sukelti su\u017ealojimus, perkaitim\u0105 ar nag\u0173 gr\u0105\u017eto antgalio <\/strong><strong>pa\u017eeidim\u0105<\/strong><strong>.<\/strong><\/p><ul class=\"wp-block-list\"><li><strong>Tik p<\/strong><strong>rofesionaliems nag\u0173 technikams<\/strong><\/li><li><strong>\u012esitikinkite, kad kotelis yra visi\u0161kai \u012fki\u0161tas ir tvirtai pritvirtintas.<\/strong><\/li><li>Nenaudokite pa\u017eeist\u0173, deformuot\u0173 ar nusid\u0117v\u0117jusi\u0173 produkt\u0173.<\/li><li>Nedelsdami nutraukite naudojim\u0105, jei atsiranda atsipalaidavimas ar nenormalios vibracijos.<\/li><li>\u012ed\u0117kite ir i\u0161traukite antgal\u012f tik visi\u0161kai sustojus sukimuisi.<\/li><li>Venkite kontakto su darbiniu pavir\u0161iumi veikimo metu.<\/li><li>Visada naudokite tinkam\u0105 asmenin\u0119 apsaugos \u012frang\u0105.<\/li><li>Laikykite vaikams nepasiekiamoje vietoje.<\/li><\/ul><p><strong>5<\/strong><strong>. <\/strong><strong>Paruo\u0161imas naudojimui<\/strong><\/p><p>\u2022 Prie\u0161 kiekvien\u0105 naudojim\u0105 patikrinkite antgal\u012f, ar n\u0117ra defekt\u0173.<\/p><p>\u2022 \u012estatykite antgal\u012f pagal rankinio prietaiso instrukcijas.<\/p><p>\u2022 Prie\u0161 liesdami nag\u0105, nustatykite prietaisui pasirinkt\u0105 darbin\u012f greit\u012f.<\/p><p>\u2022 Nenaudokite per didelio spaudimo (maksimalus kontaktinis sl\u0117gis &lt; 2 N).<\/p><p>\u2022 Laikykite lengvai, tarsi ra\u0161ikl\u012f.<\/p><p>\u2022 Dirbkite skland\u017eiais, kontroliuojamais judesiais.<\/p><p>\u2022 Nedelsdami nutraukite naudojim\u0105, jei atsiranda ne\u012fprasta vibracija, per didelis kar\u0161tis ar suma\u017e\u0117ja pjovimo efektyvumas.<\/p><p><strong>6<\/strong><strong>. Valymas, dezinfekcija ir sterilizacija<\/strong><\/p><p><strong>6<\/strong><strong>.1 Bendroji dalis<\/strong><\/p><p>\u2022 Produktai tiekiami nesteril\u016bs.<\/p><p>\u2022 Valymas, dezinfekcija ir sterilizacija yra privalomi po kiekvieno naudojimo.<\/p><p>\u2022 Tinkamas pakartotinis apdorojimas yra b\u016btinas siekiant u\u017etikrinti saug\u0173 profesional\u0173 naudojim\u0105.<\/p><p><strong>6<\/strong><strong>.2 Valymas ir dezinfekcija<\/strong><\/p><p>\u2022 I\u0161valykite produkt\u0105 i\u0161kart po kiekvieno naudojimo, kad pa\u0161alintum\u0117te matomus liku\u010dius.<\/p><p>\u2022 Naudokite tik ES patvirtintus dezinfekavimo skys\u010dius daugkartinio naudojimo instrumentams (PT2 pagal BPR ES Nr. 528\/2012).<\/p><p>\u2022 Laikykit\u0117s ploviklio ir dezinfekavimo priemoni\u0173 gamintoj\u0173 nurodym\u0173.<\/p><p>\u2022 Ultragarso valymas leid\u017eiamas; \u012fsitikinkite, kad produktai nesilie\u010dia vienas su kitu.<\/p><p>\u2022 Jei lieka liku\u010di\u0173, pakartokite valymo proces\u0105.<\/p><p>\u2022 Prie\u0161 sterilizavim\u0105 visi\u0161kai i\u0161d\u017eiovinkite produkt\u0105.<\/p><p>Nenaudokite metalini\u0173 vielini\u0173 \u0161epe\u010di\u0173 ar abrazyvini\u0173 \u012franki\u0173, kurie gali pa\u017eeisti pjovimo pavir\u0161i\u0173.<\/p><p><strong>6<\/strong><strong>.3 Sterilizacija<\/strong><\/p><p>Po valymo ir dezinfekcijos produktas turi b\u016bti sterilizuotas.<\/p><p>Gar\u0173 sterilizacija (autoklavas) &#8211; <strong>pageidautina<\/strong>:<\/p><p>\u2022 Temperat\u016bra: 121 \u00b0C<\/p><p>\u2022 Laikas: 30 minu\u010di\u0173<\/p><p>Sauso kar\u0161\u010dio sterilizacija (kar\u0161to oro \/ sauso kar\u0161\u010dio krosnel\u0117):<\/p><p>\u2022 Temperat\u016bra: iki 180 \u00b0C<\/p><p>\u2022 Ekspozicijos laikas: pagal sterilizatoriaus gamintojo instrukcijas<\/p><p><strong>Nevir\u0161ykite rekomenduojam\u0173 sterilizavimo parametr\u0173.<\/strong><\/p><p>ONA Bits neatsako u\u017e netinkam\u0105 valym\u0105, dezinfekcij\u0105 ar sterilizacij\u0105, atlikt\u0105 naudotojo.<\/p><p><strong>7<\/strong><strong>. Laikymas<\/strong><\/p><ul class=\"wp-block-list\"><li>Laikykite sausoje, stabilioje aplinkoje.<\/li><li>Temperat\u016bra: 5 \u00b0C \u2013 40 \u00b0C<\/li><li>Santykin\u0117 dr\u0117gm\u0117: \u017eemiau 90 %<\/li><li>Venkite sm\u016bgi\u0173, kritim\u0173 ir kontakto tarp produkt\u0173.<\/li><li>Laikykite atokiau nuo r\u016bg\u0161\u010di\u0173, \u0161arm\u0173 ir kenksming\u0173 chemini\u0173 med\u017eiag\u0173.<\/li><\/ul><p><strong>8<\/strong><strong>. Tarnavimo laikas<\/strong><\/p><ul class=\"wp-block-list\"><li>Toliau naudojant nusid\u0117v\u0117jusius produktus gali kilti su\u017ealojim\u0173 ar prastas veikimas.<\/li><li>Pakeiskite produkt\u0105, jei jis yra pa\u017eeistas, nusid\u0117v\u0117j\u0119s arba suma\u017e\u0117j\u0119s pjovimo efektyvumas.<\/li><li>Vidutinis tarnavimo laikas priklauso nuo technikos, grei\u010dio, spaudimo ir apdorojimo kokyb\u0117s.<\/li><\/ul><p><strong>9. \u0160alinimas<\/strong><\/p><p>\u0160alinkite produkt\u0105 pagal vietos aplinkos ir atliek\u0173 reglamentus.<\/p><div class=\"wp-block-file\"><a id=\"wp-block-file--media-4d835bbc-933f-4cfb-b59d-8fbfbe8a47a8\" href=\"https:\/\/onabits.com\/wp-content\/uploads\/2026\/01\/ONA-Bits-User-Manual-and-Safety-Instruction.pdf\"><strong>ONA Bits naudotojo vadovas ir saugos instrukcijos<\/strong><\/a> <a class=\"wp-block-file__button wp-element-button\" href=\"https:\/\/onabits.com\/wp-content\/uploads\/2026\/01\/ONA-Bits-User-Manual-and-Safety-Instruction.pdf\" download=\"\" aria-describedby=\"wp-block-file--media-4d835bbc-933f-4cfb-b59d-8fbfbe8a47a8\">Atsisi\u0173sti<\/a><\/div>\t\t\t\t\t\t\t\t<\/div>\n\t\t\t\t\t<\/div>\n\t\t\t\t<\/div>\n\t\t\t\t<\/div>\n\t\t","protected":false},"excerpt":{"rendered":"<p>ONA Bits &#8211; Naudotojo vadovas ir saugos instrukcijos 1. Produkto paskirtis \u0160ie nag\u0173 antgaliai skirti profesionaliam naudojimui maniki\u016bro ir pediki\u016bro technikams, \u012fskaitant nat\u016brali\u0173 ir dirbtini\u0173 nag\u0173 med\u017eiag\u0173 apdorojim\u0105. Neskirta medicininiam [&hellip;]<\/p>\n","protected":false},"author":1,"featured_media":0,"parent":0,"menu_order":0,"comment_status":"closed","ping_status":"closed","template":"","meta":{"pagelayer_contact_templates":[],"_pagelayer_content":"","footnotes":""},"class_list":["post-1333","page","type-page","status-publish","hentry"],"_links":{"self":[{"href":"https:\/\/onabits.com\/lt\/wp-json\/wp\/v2\/pages\/1333","targetHints":{"allow":["GET"]}}],"collection":[{"href":"https:\/\/onabits.com\/lt\/wp-json\/wp\/v2\/pages"}],"about":[{"href":"https:\/\/onabits.com\/lt\/wp-json\/wp\/v2\/types\/page"}],"author":[{"embeddable":true,"href":"https:\/\/onabits.com\/lt\/wp-json\/wp\/v2\/users\/1"}],"replies":[{"embeddable":true,"href":"https:\/\/onabits.com\/lt\/wp-json\/wp\/v2\/comments?post=1333"}],"version-history":[{"count":5,"href":"https:\/\/onabits.com\/lt\/wp-json\/wp\/v2\/pages\/1333\/revisions"}],"predecessor-version":[{"id":2439,"href":"https:\/\/onabits.com\/lt\/wp-json\/wp\/v2\/pages\/1333\/revisions\/2439"}],"wp:attachment":[{"href":"https:\/\/onabits.com\/lt\/wp-json\/wp\/v2\/media?parent=1333"}],"curies":[{"name":"wp","href":"https:\/\/api.w.org\/{rel}","templated":true}]}}