{"id":1336,"date":"2025-11-27T00:54:37","date_gmt":"2025-11-26T21:54:37","guid":{"rendered":"https:\/\/onabits.com\/privatumo-politika\/"},"modified":"2026-01-25T19:00:19","modified_gmt":"2026-01-25T16:00:19","slug":"privatumo-politika","status":"publish","type":"page","link":"https:\/\/onabits.com\/lt\/privatumo-politika\/","title":{"rendered":"Privatumo politika"},"content":{"rendered":"\t\t<div data-elementor-type=\"wp-page\" data-elementor-id=\"1336\" class=\"elementor elementor-1336 elementor-3\">\n\t\t\t\t<div class=\"elementor-element elementor-element-ca9eee2 e-flex e-con-boxed e-con e-parent\" data-id=\"ca9eee2\" data-element_type=\"container\">\n\t\t\t\t\t<div class=\"e-con-inner\">\n\t\t\t\t<div class=\"elementor-element elementor-element-6b46635 elementor-widget elementor-widget-heading\" data-id=\"6b46635\" data-element_type=\"widget\" data-widget_type=\"heading.default\">\n\t\t\t\t\t<h2 class=\"elementor-heading-title elementor-size-default\">Privatumo politika<\/h2>\t\t\t\t<\/div>\n\t\t\t\t\t<\/div>\n\t\t\t\t<\/div>\n\t\t<div class=\"elementor-element elementor-element-6148264e e-flex e-con-boxed e-con e-parent\" data-id=\"6148264e\" data-element_type=\"container\">\n\t\t\t\t\t<div class=\"e-con-inner\">\n\t\t\t\t<div class=\"elementor-element elementor-element-55a2ca1f elementor-widget elementor-widget-text-editor\" data-id=\"55a2ca1f\" data-element_type=\"widget\" data-widget_type=\"text-editor.default\">\n\t\t\t\t\t\t\t\t\t<p>Paskutin\u012f kart\u0105 atnaujinta: 2025 m. lapkritis<\/p><p>1. K\u0105 rei\u0161kia \u0161i privatumo politika?<br>Mums r\u016bpi j\u016bs\u0173 privatumas ir asmens duomen\u0173 saugumas. \u012egyvendinant Europos Parlamento ir Tarybos reglament\u0105 (ES) 2016\/679 (2016 m. baland\u017eio 27 d.) d\u0117l fizini\u0173 asmen\u0173 apsaugos tvarkant asmens duomenis ir d\u0117l laisvo toki\u0173 duomen\u0173 jud\u0117jimo, kuriuo panaikinama Direktyva 95\/46\/EB (Bendrasis duomen\u0173 apsaugos reglamentas), mes u\u017etikriname ypa\u010d skaidr\u0173 ir s\u0105\u017eining\u0105 j\u016bs\u0173 asmens duomen\u0173 tvarkym\u0105.<br>\u0160i privatumo politika (toliau \u2013 Privatumo politika) atspindi taisykles, kuri\u0173 turi laikytis visi svetain\u0117s https:\/\/onabits.com\/ (toliau \u2013 Svetain\u0117) lankytojai (toliau \u2013 Lankytojai).<br>Laikoma, kad Lankytojas susipa\u017eino su Privatumo politika ir sutiko jos laikytis, jei jis apsilank\u0117 Svetain\u0117je, u\u017esiregistravo joje ir (arba) \u012fsigijo Svetain\u0117je parduodamas prekes. Jei Lankytojas nesutinka su \u0161ia Privatumo politika, tam tikros Svetain\u0117s funkcijos<br>gali b\u016bti neprieinamos.  <\/p><p>2. Kokius duomenis mes renkame?<br>Mes renkame ir tvarkome tik tuos asmens duomenis, kurie yra b\u016btini siekiant tiksl\u0173, kuriems jie yra tvarkomi.<br>Si\u016blydami jums prekes Svetain\u0117je, SIA \u201eBeauty Baltic\u201c: registracijos numeris 40203077960, adresas: R\u016bpniec\u012bbas iela 32B\u20131H, Ryga, LV-1045 (toliau \u2013 Pardav\u0117jas) gali rinkti, saugoti ir naudoti asmens duomenis.<br>Registracija svetain\u0117je: vardas, pavard\u0117, \u012fmon\u0117s pavadinimas (neprivaloma), el. pa\u0161to adresas, telefono numeris.<br>Pirkimai: vardas, pavard\u0117, \u012fmon\u0117s pavadinimas (neprivaloma), mobiliojo telefono numeris, pristatymo b\u016bdas, pristatymo adresas (kai taikoma), mok\u0117jimo b\u016bdas, mok\u0117jimo duomenys.<br>informacija apie j\u016bs\u0173 kompiuter\u012f, j\u016bs\u0173 apsilankymus ir pirkimus Svetain\u0117je, \u012fskaitant j\u016bs\u0173 IP adres\u0105, taip pat laik\u0105 ir dat\u0105, kada u\u017esiregistravote Svetain\u0117je;<br>Bet kokia kita informacija, kuri\u0105 galite pateikti mums naudodamiesi m\u016bs\u0173 Svetaine ir si\u016blomomis paslaugomis arba bendraudami su mumis.<\/p><p>3. Slapukai<br>Slapukai yra informacija, kuri\u0105 \u017einiatinklio serveris siun\u010dia \u017einiatinklio nar\u0161yklei ir kuri\u0105 nar\u0161ykl\u0117 saugo. Mes naudojame \u201eGoogle Analytics\u201c, kad analizuotume Svetain\u0117s naudojim\u0105. \u0160ios priemon\u0117s generuoja statistik\u0105 ir kit\u0105 informacij\u0105 apie Svetain\u0117s naudojim\u0105 su slapukais, kurie saugomi Lankytoj\u0173 kompiuteriuose. Informacija apie apsilankym\u0105 Svetain\u0117je naudojama tinklo naudojimo ataskaitoms kurti. \u0160i\u0105 informacij\u0105 saugo \u201eGoogle\u201c arba pana\u0161i paslaug\u0173 teik\u0117ja. Mes taip pat naudojame slapukus, kad atpa\u017eintume jus kaip Lankytoj\u0105, kuris jau naudojosi Svetaine.<br>Dauguma \u017einiatinklio nar\u0161ykli\u0173 leid\u017eia atsisakyti vis\u0173 slapuk\u0173, kai kurios nar\u0161ykl\u0117s leid\u017eia atsisakyti tik tre\u010di\u0173j\u0173 \u0161ali\u0173 slapuk\u0173. Tod\u0117l, priklausomai nuo j\u016bs\u0173 nar\u0161ykl\u0117s, galite i\u0161 dalies arba visi\u0161kai atsisakyti vis\u0173 slapuk\u0173, ta\u010diau atkreipiame j\u016bs\u0173 d\u0117mes\u012f \u012f tai, kad slapuk\u0173 blokavimas neigiamai veikia m\u016bs\u0173 Svetain\u0117s naudojim\u0105, be j\u0173 negal\u0117site naudotis visomis Svetain\u0117s si\u016blomomis funkcijomis.<br>Apsilankius Svetain\u0117je, Lankytojui rodoma slapuk\u0173 juosta, teikianti informacij\u0105 apie slapuk\u0173 naudojim\u0105.<br>Slapukai, kuriems reikalingas sutikimas, naudojami tik po to, kai Lankytojas dav\u0117 ai\u0161k\u0173 sutikim\u0105 per slapuk\u0173 juost\u0105. Lankytojas gali bet kada at\u0161aukti arba pakeisti sutikim\u0105 per slapuk\u0173 nustatymus.<br>Jei Lankytojas turi klausim\u0173 d\u0117l slapuk\u0173 naudojimo, pra\u0161ome susisiekti su Paslaug\u0173 teik\u0117ju, si\u0173sdami el. lai\u0161k\u0105 adresu info@onabits.com       <\/p><p>4. J\u016bs\u0173 asmens duomen\u0173 naudojimas<br>Mes naudojame surinktus asmens duomenis tik \u0161ioje Privatumo politikoje nurodytais tikslais.<br>Mes galime naudoti j\u016bs\u0173 asmens duomenis:<br>-suteikti jums galimyb\u0119 naudotis m\u016bs\u0173 Svetaine ir si\u016blomomis paslaugomis;<br>-sudaryti su jumis sutart\u012f ir j\u0105 vykdyti;<br>-pristatyti \u0161ioje Svetain\u0117je \u012fsigyt\u0105 prek\u0119;<br>-i\u0161ra\u0161yti ir i\u0161si\u0173sti jums s\u0105skaitas ir pristatymo lapelius;<br>-rinkti ir surinkti j\u016bs\u0173 mok\u0117jimus;<br>-si\u0173sti jums prane\u0161imus ir susira\u0161in\u0117ti su jumis;<br>-atspind\u0117ti informacij\u0105 apie ankstesnius pirkimus;<br>-si\u0173sti pa\u0161tu, elektroniniu pa\u0161tu ar kitaip m\u016bs\u0173 naujienas ir kit\u0105 informacij\u0105, susijusi\u0105 su m\u016bs\u0173 paslaugomis, kuri\u0105 laikome jums b\u016btina (jei ateityje nenorite gauti rinkodaros prane\u0161im\u0173, galite bet kada atsisakyti \u0161io tipo naujien\u0173 ir informacijos, prane\u0161dami mums apie tai el. pa\u0161tu arba paspaud\u0119 interaktyvi\u0105 nuorod\u0105 po gautu prane\u0161imu).<br>Asmens duomen\u0173 tvarkymo teisinis pagrindas:<br>Asmens duomenys tvarkomi \u0161iais teisiniais pagrindais pagal BDAR 6 straipsn\u012f:<br>\u2013 sutarties vykdymas (BDAR 6(1)(b) straipsnis);<br>\u2013 teisini\u0173 \u012fsipareigojim\u0173 vykdymas (BDAR 6(1)(c) straipsnis);<br>\u2013 Bendrov\u0117s teis\u0117ti interesai, tokie kaip tinkamas Svetain\u0117s veikimas ir klient\u0173 aptarnavimas (BDAR 6(1)(f) straipsnis);<br>\u2013 duomen\u0173 subjekto sutikimas, kai to reikalaujama (BDAR 6(1)(a) straipsnis).    <br>J\u016bs\u0173 asmens duomenys n\u0117ra saugomi ilgiau, nei b\u016btina surinkt\u0173 duomen\u0173 tikslui pasiekti. Kai asmens duomenys nebereikalingi arba pasibaigia j\u0173 galiojimas, jie bus sunaikinti.<br>Asmens duomenys saugomi tiek, kiek reikia sutartiniams \u012fsipareigojimams vykdyti ir taikomiems teis\u0117s aktams, \u012fskaitant apskaitos ir mokes\u010di\u0173 \u012fstatymus, laikytis.<br>Tiesiogin\u0117 rinkodara<br>Bendrov\u0117 gali si\u0173sti jums elektronin\u0117mis ry\u0161io priemon\u0117mis (el. pa\u0161tu, trump\u0105ja \u017einute ar kita forma) informacij\u0105 apie produktus, pana\u0161ius \u012f tuos, kuriuos \u012fsigijote Svetain\u0117je, ir perduoti j\u016bs\u0173 duomenis tiems duomen\u0173 gav\u0117jams, kurie naudoja asmens duomenis, kuriuos pateik\u0117te Svetain\u0117s administratoriui tiesiogin\u0117s rinkodaros tikslais. \u0160ios informacijos gav\u0117j\u0173 s\u0105ra\u0161as gali keistis, ta\u010diau tikslas i\u0161liks tas pats; jei norite gauti informacijos gav\u0117j\u0173 s\u0105ra\u0161\u0105, prane\u0161kite mums el. pa\u0161tu adresu: info@onabits.com.<br>Jei nenorite gauti tiesiogin\u0117s rinkodaros pasi\u016blym\u0173, galite prane\u0161ti mums apie savo atsisakym\u0105 ra\u0161ydami el. pa\u0161tu adresu: info@onabits.com arba paspaud\u0119 atitinkam\u0105 nuorod\u0105 kiekviename jums siun\u010diamame tiesiogin\u0117s rinkodaros prane\u0161ime.  <\/p><p>5. Informacijos atskleidimas<br>Pardav\u0117jas gali atskleisti informacij\u0105 apie jus savo darbuotojams, vadovams, tarpininkams, tiek\u0117jams ir subrangovams, jei tai yra pagr\u012fstai b\u016btina, kad b\u016bt\u0173 pristatytos j\u016bs\u0173 \u012fsigytos prek\u0117s Svetain\u0117je ir atspind\u0117ta j\u016bs\u0173 ankstesni\u0173 pirkim\u0173 istorija, arba kitais \u0161ioje Privatumo politikoje numatytais tikslais.<br>Mes taip pat galime atskleisti informacij\u0105 apie jus, jei:<br>tai privalome padaryti pagal \u012fstatym\u0105;<br>apsaugoti j\u016bs\u0173 teises ar interesus (\u012fskaitant informacijos apie jus atskleidim\u0105 tre\u010diosioms \u0161alims, siekiant atgauti skolas).<br>Asmenin\u0117 informacija n\u0117ra atskleid\u017eiama tre\u010diosioms \u0161alims d\u0117l tikslo, kuris n\u0117ra numatytas Privatumo politikoje.<\/p><p>6. J\u016bs\u0173 asmens duomen\u0173 saugumas<br>J\u016bs\u0173 asmens duomenys tvarkomi laikantis Latvijos Respublikos ir Europos S\u0105jungos teis\u0117s akt\u0173, reglamentuojan\u010di\u0173 \u0161i\u0173 duomen\u0173 tvarkym\u0105 ir apsaug\u0105. Tvarkydami j\u016bs\u0173 asmens duomenis, naudojame technines saugumo priemones, u\u017etikrinan\u010dias asmens duomen\u0173 apsaug\u0105 nuo atsitiktinio ar neteis\u0117to sunaikinimo, pakeitimo, atskleidimo, taip pat bet kokio kito neteis\u0117to tvarkymo.<br>Asmens duomen\u0173 perdavimas internetu yra \u017einomas kaip nesaugus ir mes negalime garantuoti saugaus duomen\u0173 perdavimo internetu. <\/p><p>7. J\u016bs\u0173 sutikimas ir teis\u0117s<br>Registruodamiesi kaip Svetain\u0117s naudotojas arba kitaip naudodamiesi Svetain\u0117je si\u016blomomis paslaugomis, \u012fskaitant produkto \u012fsigijim\u0105, patvirtinate, kad esate susipa\u017ein\u0119 su \u0161ia Privatumo politika ir sutinkate su ja, taip suteikdami mums teis\u0119 rinkti, saugoti, sisteminti, naudoti ir tvarkyti \u0161ioje Privatumo politikoje nurodytais tikslais visus j\u016bs\u0173 asmens duomenis, kurie \u010dia pamin\u0117ti ir perduoti mums naudojantis Svetaine.<br>Galite pateikti ra\u0161ytin\u012f pra\u0161ym\u0105 (pa\u0161tu arba elektroniniu pa\u0161tu), jei norite gauti informacij\u0105 apie \u0161altinius ir kokius j\u016bs\u0173 asmens duomenis Pardav\u0117jas surinko, kokiu tikslu \u0161ie duomenys yra tvarkomi, kokiems duomen\u0173 gav\u0117jams jie perduodami. \u012e tokius pra\u0161ymus atsakome pagal teis\u0117s aktuose nustatytas proced\u016bras ir stengiam\u0117s suteikti jums informacij\u0105 kuo grei\u010diau, bet paprastai per 30 dien\u0173 nuo pra\u0161ymo gavimo momento.<br>Atsakydami \u012f j\u016bs\u0173 pra\u0161ym\u0105, tokia informacija pateikiama ra\u0161tu, siun\u010diant j\u0105 nurodytu pa\u0161to arba elektroninio pa\u0161to adresu. Informacija apie \u0161altinius ir kokius j\u016bs\u0173 asmens duomenis buvo surinkta, kokiu tikslu jie yra tvarkomi ir kokiems duomen\u0173 gav\u0117jams jie buvo pateikti per pastaruosius metus, teikiama nemokamai vien\u0105 kart\u0105 per kalendorinius metus. Gav\u0119 pra\u0161ym\u0105, turime teis\u0119 reikalauti pateikti parei\u0161k\u0117jo tapatyb\u0117s dokument\u0105 arba \u0161io dokumento kopij\u0105.<br>Taip pat turite teis\u0119 reikalauti, kad b\u016bt\u0173 i\u0161taisyti neteisingi asmens duomenys, sustabdyti j\u016bs\u0173 asmens duomen\u0173 tvarkym\u0105 (i\u0161skyrus saugojim\u0105), jei duomenys tvarkomi pa\u017eeid\u017eiant \u0161ios Privatumo politikos nuostatas; \u0161iais atvejais turite pateikti mums ra\u0161ytin\u012f pra\u0161ym\u0105 (pa\u0161tu arba elektroniniu pa\u0161tu). Remdamiesi j\u016bs\u0173 ra\u0161ytiniu pra\u0161ymu, galime i\u0161trinti vis\u0105 j\u016bs\u0173 asmenin\u0119 informacij\u0105, \u012fskaitant pirkim\u0173 istorij\u0105. Gav\u0119 pra\u0161ym\u0105, turime teis\u0119 reikalauti pateikti parei\u0161k\u0117jo tapatyb\u0117s dokument\u0105 arba \u0161io dokumento kopij\u0105.<br>Taip pat turite teis\u0119 pateikti skund\u0105 Latvijos Respublikos duomen\u0173 valstybinei inspekcijai arba kitai kompetentingai prie\u017ei\u016bros institucijai.     <\/p><p>8. Atsakomyb\u0117<br>Registruodamiesi m\u016bs\u0173 Svetain\u0117je, prisiimate atsakomyb\u0119 u\u017e savo slapta\u017eod\u017eio ir naudotojo duomen\u0173 konfidencialum\u0105, taip pat u\u017e bet koki\u0105 veikl\u0105 (informacijos perdavim\u0105, u\u017esakym\u0173 pateikim\u0105 ir kt.) m\u016bs\u0173 Svetain\u0117je. Jei m\u016bs\u0173 Svetain\u0117je si\u016blomas paslaugas naudoja tre\u010dioji \u0161alis, naudodamasi j\u016bs\u0173 registracijos duomenimis, laikome, kad informacija perduodama ir naudojama j\u016bs\u0173. Jei prarasite savo registracijos duomenis, turite prane\u0161ti mums pa\u0161tu, telefonu arba el. pa\u0161tu.<br>J\u016bs esate atsakingi u\u017e tai, kad pateikti duomenys b\u016bt\u0173 tiksl\u016bs, teisingi ir i\u0161sam\u016bs. Jei j\u016bs\u0173 anks\u010diau pateikti duomenys (kontaktin\u0117 informacija) pasikeit\u0117, pra\u0161ome prane\u0161ti mums el. pa\u0161tu. Mes neatsakome u\u017e nuostolius, patirtus d\u0117l to, kad pateik\u0117te neteisingus ar nepakankamus duomenis arba neprane\u0161\u0117te mums apie duomen\u0173 pasikeitimus.    <\/p><p>9. Privatumo politikos pakeitimai<br>Mes pasiliekame teis\u0119 bet kada atnaujinti arba pakeisti Privatumo politik\u0105. Tokia atnaujinta arba pakeista Privatumo politika \u012fsigalioja nuo jos paskelbimo Svetain\u0117je momento. Kad b\u016btum\u0117te informuoti apie galimus Privatumo politikos pakeitimus, tur\u0117tum\u0117te kartais apsilankyti \u0161ioje Svetain\u0117je ir \u012fsitikinti, kad esate patenkinti dabartine Privatumo politikos versija.  <\/p><p>10. Kontaktin\u0117 informacija<br>Jei turite klausim\u0173, susijusi\u0173 su \u0161ios Privatumo politikos nuostatomis, pra\u0161ome susisiekti su mumis \u0161iuo adresu:<br>SIA \u201eBeauty Baltic\u201c<br>R\u016bpniec\u012bbas iela 32B\u20131H, Ryga, LV-1045<br>Registracijos nr. 40203077960<br>PVM registracijos nr. LV40203077960 <\/p><p>El. pa\u0161to adresas: info@onabits.com<br>Kontaktinis telefono numeris: +371 25867806<\/p><p>Paskutinis Privatumo politikos atnaujinimas buvo atliktas 2025-11-01.<\/p>\t\t\t\t\t\t\t\t<\/div>\n\t\t\t\t\t<\/div>\n\t\t\t\t<\/div>\n\t\t\t\t<\/div>\n\t\t","protected":false},"excerpt":{"rendered":"<p>Privatumo politika Paskutin\u012f kart\u0105 atnaujinta: 2025 m. lapkritis 1. K\u0105 rei\u0161kia \u0161i privatumo politika?Mums r\u016bpi j\u016bs\u0173 privatumas ir asmens duomen\u0173 saugumas. \u012egyvendinant Europos Parlamento ir Tarybos reglament\u0105 (ES) 2016\/679 (2016 [&hellip;]<\/p>\n","protected":false},"author":1,"featured_media":0,"parent":0,"menu_order":0,"comment_status":"closed","ping_status":"closed","template":"","meta":{"pagelayer_contact_templates":[],"_pagelayer_content":"","footnotes":""},"class_list":["post-1336","page","type-page","status-publish","hentry"],"_links":{"self":[{"href":"https:\/\/onabits.com\/lt\/wp-json\/wp\/v2\/pages\/1336","targetHints":{"allow":["GET"]}}],"collection":[{"href":"https:\/\/onabits.com\/lt\/wp-json\/wp\/v2\/pages"}],"about":[{"href":"https:\/\/onabits.com\/lt\/wp-json\/wp\/v2\/types\/page"}],"author":[{"embeddable":true,"href":"https:\/\/onabits.com\/lt\/wp-json\/wp\/v2\/users\/1"}],"replies":[{"embeddable":true,"href":"https:\/\/onabits.com\/lt\/wp-json\/wp\/v2\/comments?post=1336"}],"version-history":[{"count":1,"href":"https:\/\/onabits.com\/lt\/wp-json\/wp\/v2\/pages\/1336\/revisions"}],"predecessor-version":[{"id":1337,"href":"https:\/\/onabits.com\/lt\/wp-json\/wp\/v2\/pages\/1336\/revisions\/1337"}],"wp:attachment":[{"href":"https:\/\/onabits.com\/lt\/wp-json\/wp\/v2\/media?parent=1336"}],"curies":[{"name":"wp","href":"https:\/\/api.w.org\/{rel}","templated":true}]}}