{"id":1871,"date":"2026-01-05T13:32:30","date_gmt":"2026-01-05T10:32:30","guid":{"rendered":"https:\/\/onabits.com\/product\/karbidinis-antgalis-ona-round-1-6\/"},"modified":"2026-01-05T13:32:30","modified_gmt":"2026-01-05T10:32:30","slug":"karbidinis-antgalis-ona-round-1-6","status":"publish","type":"product","link":"https:\/\/onabits.com\/lt\/produktas\/karbidinis-antgalis-ona-round-1-6\/","title":{"rendered":"Karbidinis antgalis ONA Round 1.6"},"content":{"rendered":"<p>Profesionalus karbidinis antgalis med\u017eiagos \u0161alinimui maniki\u016bro ir pediki\u016bro proced\u016brose.<\/p>\n<p>Sukurtas saugiam ir efektyviam gelio, gelinio lako, akrilo ar hibridini\u0173 dang\u0173 \u0161alinimui arba apdirbimui \u2014 priklausomai nuo antgalio \u0161iurk\u0161tumo.<\/p>\n<p>U\u017etikrina skland\u0173, tiksl\u0173 darb\u0105 be \u0161ilumos kaupimosi.<\/p>\n<p>Nag\u0173 antgali\u0173 naudojimo pavyzd\u017eiai pateikiami kaip nuoroda ir gali skirtis priklausomai nuo techniko darbo technikos.<\/p>\n<p><a href=\"https:\/\/onabits.com\/lt\/instrukcijos\/\">Spustel\u0117kite \u010dia<\/a> nor\u0117dami pasiekti naudotojo vadovus ir saugos instrukcijas.<\/p>\n","protected":false},"excerpt":{"rendered":"<p>Forma: apvali<\/p>\n<p>Darbin\u0117s dalies skersmuo, mm: 1,6<\/p>\n<p>Darbin\u0117s dalies ilgis, mm: 2,35<\/p>\n<p>Koto skersmuo, mm: 2,35<\/p>\n<p>Pjovimo tipas: kry\u017eminis<\/p>\n<p>Grubumas: grubus (\u017ealias)<\/p>\n<p>Modelis: ONA Round 1.6<\/p>\n","protected":false},"featured_media":1872,"comment_status":"open","ping_status":"closed","template":"","meta":{"pagelayer_contact_templates":[],"_pagelayer_content":""},"product_brand":[65],"product_cat":[81,93],"product_tag":[],"class_list":{"0":"post-1871","1":"product","2":"type-product","3":"status-publish","4":"has-post-thumbnail","6":"product_brand-ona-bits","7":"product_cat-ona-karbidiniai-antgaliai","8":"product_cat-zalia-stambi","10":"first","11":"instock","12":"taxable","13":"shipping-taxable","14":"purchasable","15":"product-type-simple"},"_links":{"self":[{"href":"https:\/\/onabits.com\/lt\/wp-json\/wp\/v2\/product\/1871","targetHints":{"allow":["GET"]}}],"collection":[{"href":"https:\/\/onabits.com\/lt\/wp-json\/wp\/v2\/product"}],"about":[{"href":"https:\/\/onabits.com\/lt\/wp-json\/wp\/v2\/types\/product"}],"replies":[{"embeddable":true,"href":"https:\/\/onabits.com\/lt\/wp-json\/wp\/v2\/comments?post=1871"}],"wp:featuredmedia":[{"embeddable":true,"href":"https:\/\/onabits.com\/lt\/wp-json\/wp\/v2\/media\/1872"}],"wp:attachment":[{"href":"https:\/\/onabits.com\/lt\/wp-json\/wp\/v2\/media?parent=1871"}],"wp:term":[{"taxonomy":"product_brand","embeddable":true,"href":"https:\/\/onabits.com\/lt\/wp-json\/wp\/v2\/product_brand?post=1871"},{"taxonomy":"product_cat","embeddable":true,"href":"https:\/\/onabits.com\/lt\/wp-json\/wp\/v2\/product_cat?post=1871"},{"taxonomy":"product_tag","embeddable":true,"href":"https:\/\/onabits.com\/lt\/wp-json\/wp\/v2\/product_tag?post=1871"}],"curies":[{"name":"wp","href":"https:\/\/api.w.org\/{rel}","templated":true}]}}