{"id":1252,"date":"2025-11-28T14:15:57","date_gmt":"2025-11-28T11:15:57","guid":{"rendered":"https:\/\/onabits.com\/par-mums\/"},"modified":"2026-01-25T18:39:55","modified_gmt":"2026-01-25T15:39:55","slug":"par-mums","status":"publish","type":"page","link":"https:\/\/onabits.com\/lv\/par-mums\/","title":{"rendered":"Par mums"},"content":{"rendered":"\n<p>ONA Bits \u2014 profesion\u0101li nagu fr\u0113zes uzga\u013ci, kas izstr\u0101d\u0101ti saska\u0146\u0101 ar Eiropas standartiem.<\/p>\n\n<p>Z\u012bmols rad\u0101s no vienk\u0101r\u0161as idejas: profesion\u0101liem fr\u0113zes uzga\u013ciem j\u0101atbalsta tehnika, nevis j\u0101padara t\u0101 sare\u017e\u0123\u012bt\u0101ka.<\/p>\n\n<p>ONA Bits koncentr\u0113jas uz r\u016bp\u012bgi atlas\u012btiem materi\u0101liem un kontrol\u0113tu ra\u017eo\u0161anu, pied\u0101v\u0101jot instrumentus, kas paredz\u0113ti profesion\u0101lai lieto\u0161anai.<\/p>\n\n<p>Uz\u0146\u0113mum\u0101 ONA Bits m\u0113s ticam, ka nevainojams rezult\u0101ts s\u0101kas ar pareizajiem instrumentiem.<\/p>\n","protected":false},"excerpt":{"rendered":"<p>ONA Bits \u2014 profesion\u0101li nagu fr\u0113zes uzga\u013ci, kas izstr\u0101d\u0101ti saska\u0146\u0101 ar Eiropas standartiem. Z\u012bmols rad\u0101s no vienk\u0101r\u0161as idejas: profesion\u0101liem fr\u0113zes uzga\u013ciem j\u0101atbalsta tehnika, nevis j\u0101padara t\u0101 sare\u017e\u0123\u012bt\u0101ka. ONA Bits koncentr\u0113jas [&hellip;]<\/p>\n","protected":false},"author":1,"featured_media":0,"parent":0,"menu_order":0,"comment_status":"closed","ping_status":"closed","template":"","meta":{"pagelayer_contact_templates":[],"_pagelayer_content":"","footnotes":""},"class_list":["post-1252","page","type-page","status-publish","hentry"],"_links":{"self":[{"href":"https:\/\/onabits.com\/lv\/wp-json\/wp\/v2\/pages\/1252","targetHints":{"allow":["GET"]}}],"collection":[{"href":"https:\/\/onabits.com\/lv\/wp-json\/wp\/v2\/pages"}],"about":[{"href":"https:\/\/onabits.com\/lv\/wp-json\/wp\/v2\/types\/page"}],"author":[{"embeddable":true,"href":"https:\/\/onabits.com\/lv\/wp-json\/wp\/v2\/users\/1"}],"replies":[{"embeddable":true,"href":"https:\/\/onabits.com\/lv\/wp-json\/wp\/v2\/comments?post=1252"}],"version-history":[{"count":1,"href":"https:\/\/onabits.com\/lv\/wp-json\/wp\/v2\/pages\/1252\/revisions"}],"predecessor-version":[{"id":1253,"href":"https:\/\/onabits.com\/lv\/wp-json\/wp\/v2\/pages\/1252\/revisions\/1253"}],"wp:attachment":[{"href":"https:\/\/onabits.com\/lv\/wp-json\/wp\/v2\/media?parent=1252"}],"curies":[{"name":"wp","href":"https:\/\/api.w.org\/{rel}","templated":true}]}}