{"id":1258,"date":"2025-11-27T00:54:37","date_gmt":"2025-11-26T21:54:37","guid":{"rendered":"https:\/\/onabits.com\/informacija-par-piegadi-un-apmaksu\/"},"modified":"2026-03-12T23:45:51","modified_gmt":"2026-03-12T20:45:51","slug":"informacija-par-piegadi-un-apmaksu","status":"publish","type":"page","link":"https:\/\/onabits.com\/lv\/informacija-par-piegadi-un-apmaksu\/","title":{"rendered":"Inform\u0101cija par pieg\u0101di un apmaksu"},"content":{"rendered":"\t\t<div data-elementor-type=\"wp-page\" data-elementor-id=\"1258\" class=\"elementor elementor-1258 elementor-2\">\n\t\t\t\t<div class=\"elementor-element elementor-element-8f260d9 e-flex e-con-boxed e-con e-parent\" data-id=\"8f260d9\" data-element_type=\"container\">\n\t\t\t\t\t<div class=\"e-con-inner\">\n\t\t\t\t<div class=\"elementor-element elementor-element-3644a5b elementor-widget elementor-widget-heading\" data-id=\"3644a5b\" data-element_type=\"widget\" data-widget_type=\"heading.default\">\n\t\t\t\t\t<h2 class=\"elementor-heading-title elementor-size-default\">Inform\u0101cija par pieg\u0101di un apmaksu<\/h2>\t\t\t\t<\/div>\n\t\t\t\t\t<\/div>\n\t\t\t\t<\/div>\n\t\t<div class=\"elementor-element elementor-element-77275ed0 e-flex e-con-boxed e-con e-parent\" data-id=\"77275ed0\" data-element_type=\"container\">\n\t\t\t\t\t<div class=\"e-con-inner\">\n\t\t\t\t<div class=\"elementor-element elementor-element-4d5031b7 elementor-widget elementor-widget-text-editor\" data-id=\"4d5031b7\" data-element_type=\"widget\" data-widget_type=\"text-editor.default\">\n\t\t\t\t\t\t\t\t\t<p>Lai nodro\u0161in\u0101tu piln\u012bgu klientu apmierin\u0101t\u012bbu, m\u0113s cen\u0161amies nodro\u0161in\u0101t \u0101tr\u0101kos, izdev\u012bg\u0101kos un \u0113rt\u0101kos produktu pieg\u0101des un apmaksas veidus.<\/p><h4 class=\"wp-block-heading\"><strong>Pieg\u0101des iesp\u0113jas, cenas (ar PVN) un termi\u0146i<\/strong><\/h4><h4 class=\"wp-block-heading\"><strong>LATVIJA<\/strong><strong>:<\/strong><\/h4><ul class=\"wp-block-list\"><li>Omniva pakom\u0101ti: 2,99 \u20ac (1-3 dienas). Bezmaksas pieg\u0101de pas\u016bt\u012bjumiem, kuru kop\u0113j\u0101 v\u0113rt\u012bba ir 50,00 \u20ac un vair\u0101k.<\/li><\/ul><h4 class=\"wp-block-heading\"><strong>IGAUNIJA, LIETUVA:<\/strong><\/h4><ul class=\"wp-block-list\"><li>Omniva pakom\u0101ti: 4,99 \u20ac (2-4 dienas). Bezmaksas pieg\u0101de pas\u016bt\u012bjumiem, kuru kop\u0113j\u0101 v\u0113rt\u012bba ir 50,00 \u20ac un vair\u0101k.<\/li><\/ul><h4 class=\"wp-block-heading\"><strong>EIROPAS SAVIEN\u012aBA (ES):<\/strong><\/h4><ul class=\"wp-block-list\"><li>Omniva International (ekonomisk\u0101 pieg\u0101de) (pasts): 9,99 \u20ac (7\u201321 dienas);<\/li><li>Pieg\u0101de ar kurjeru (Fedex): 25,00 \u20ac (7-10 dienas).<\/li><\/ul><h4 class=\"wp-block-heading\"><strong>VIS\u0100 PASAUL\u0112:<\/strong><\/h4><p>Pasts: 25,00 \u20ac (10-30 dienas)<\/p><h5 class=\"wp-block-heading\"><em>PAZI\u0145OJUMS<\/em><\/h5><ol class=\"wp-block-list\"><li>Pieg\u0101des iesp\u0113jas ir atkar\u012bgas no j\u016bsu pieg\u0101des adreses, un pieg\u0101des iesp\u0113jas un maksas b\u016bs redzamas nor\u0113\u0137inu proces\u0101 pirms pas\u016bt\u012bjuma apstiprin\u0101\u0161anas un maks\u0101juma veik\u0161anas.<\/li><li>Katram pieg\u0101des veidam var b\u016bt ierobe\u017eojumi attiec\u012bb\u0101 uz s\u016bt\u012bjuma svaru un izm\u0113ru. Ja svars un\/vai izm\u0113rs p\u0101rsniedz transport\u0113\u0161anas ierobe\u017eojumus, m\u0113s varam atteikt s\u016bt\u012bjumu un atgriezt maks\u0101jumu, vai ar\u012b m\u0113s varam l\u016bgt samaks\u0101t papildu maksu, ja j\u016bs piekr\u012btat. M\u0113s ar jums sazin\u0101simies jebkur\u0101 gad\u012bjum\u0101, ja rad\u012bsies \u0161\u0101da nepiecie\u0161am\u012bba.<\/li><li>Kad s\u016bt\u012bjums ir apstr\u0101d\u0101ts, tiek nodro\u0161in\u0101ts izseko\u0161anas numurs, lai sekotu l\u012bdzi j\u016bsu s\u016bt\u012bjumam.<\/li><li>Pieg\u0101des laiki ir aptuveni un var at\u0161\u0137irties atkar\u012bb\u0101 no galam\u0113r\u0137a<br>un \u0101r\u0113jiem faktoriem, kurus Uz\u0146\u0113mums nevar kontrol\u0113t.<\/li><li>Sestdien\u0101s, sv\u0113tdien\u0101s un valsts sv\u0113tku dien\u0101s pieg\u0101de un s\u016bt\u012bjumi netiek veikti.<\/li><li>Pieg\u0101d\u0113m \u0101rpus Eiropas Savien\u012bbas var tikt piem\u0113roti muitas nodok\u013ci, nodevas un citi<br>importa maks\u0101jumi, un par tiem ir atbild\u012bgs Klients.<\/li><\/ol><h5 class=\"wp-block-heading\">OMNIVA pakom\u0101ti (tikai Latvij\u0101, Igaunij\u0101 un Lietuv\u0101)<\/h5><p>Latvij\u0101, Igaunij\u0101 un Lietuv\u0101 ir pieejams liels skaits OMNIVA pakom\u0101tu.<\/p><p>Aptuvenais pieg\u0101des periods ir 1-3 darba dienas Latvij\u0101, 2-4 darba dienas Igaunij\u0101 un Lietuv\u0101.<\/p><p>Vair\u0101k inform\u0101cijas p\u0101rvad\u0101t\u0101ja t\u012bmek\u013ca vietn\u0113: https:\/\/www.omniva.lv\/<\/p><h5 class=\"wp-block-heading\">Starptautiskie s\u016bt\u012bjumi \u2013 PASTS (pieg\u0101de ES un vis\u0101 pasaul\u0113)<\/h5><p>Starptautiskie s\u016bt\u012bjumi var pieg\u0101d\u0101t pakas l\u012bdz 2 kg. Ja v\u0113laties ieg\u0101d\u0101ties preces, kas sver vair\u0101k par 2 kg, l\u016bdzu, rakstiet mums e-pastu uz info@onabits.com un aprakstiet savas pras\u012bbas.<\/p><p>Aptuvenais pieg\u0101des periods ir 4-7 dienas Latvij\u0101, 5-10 dienas Igaunij\u0101 un Lietuv\u0101, 7-15 dienas Eiropas Savien\u012bb\u0101, 10-30 dienas \u0101rpus Eiropas Savien\u012bbas.<\/p><p>Vair\u0101k inform\u0101cijas p\u0101rvad\u0101t\u0101ja t\u012bmek\u013ca vietn\u0113: https:\/\/pasts.lv<\/p><h4 class=\"wp-block-heading\"><strong>Apmaksas iesp\u0113jas<\/strong><\/h4><p>J\u016bs varat izv\u0113l\u0113ties jebkuru no \u0161\u012bm apmaksas iesp\u0113j\u0101m:<\/p><h5 class=\"wp-block-heading\">1. Debetkartes un kred\u012btkartes (apstr\u0101d\u0101 <a href=\"https:\/\/www.paypal.com\/\">PayPal<\/a><span class=\"s1\">)<\/span><\/h5><h5>2. <a href=\"https:\/\/www.paypal.com\/\">PayPal<\/a> maks\u0101jumu sist\u0113ma<\/h5><h5 class=\"wp-block-heading\">3. <label for=\"payment_method_bacs\">Tie\u0161ais bankas p\u0101rskait\u012bjums<\/label> <\/h5><p>J\u016bs sa\u0146emsiet visu maks\u0101juma inform\u0101ciju pa e-pastu uzreiz p\u0113c pas\u016bt\u012bjuma veik\u0161anas. J\u016bsu pas\u016bt\u012bjums tiks apstr\u0101d\u0101ts p\u0113c maks\u0101juma sa\u0146em\u0161anas m\u016bsu bankas kont\u0101.<\/p>\t\t\t\t\t\t\t\t<\/div>\n\t\t\t\t\t<\/div>\n\t\t\t\t<\/div>\n\t\t\t\t<\/div>\n\t\t","protected":false},"excerpt":{"rendered":"<p>Inform\u0101cija par pieg\u0101di un apmaksu Lai nodro\u0161in\u0101tu piln\u012bgu klientu apmierin\u0101t\u012bbu, m\u0113s cen\u0161amies nodro\u0161in\u0101t \u0101tr\u0101kos, izdev\u012bg\u0101kos un \u0113rt\u0101kos produktu pieg\u0101des un apmaksas veidus. Pieg\u0101des iesp\u0113jas, cenas (ar PVN) un termi\u0146i LATVIJA: [&hellip;]<\/p>\n","protected":false},"author":1,"featured_media":0,"parent":0,"menu_order":0,"comment_status":"closed","ping_status":"open","template":"","meta":{"pagelayer_contact_templates":[],"_pagelayer_content":"","footnotes":""},"class_list":["post-1258","page","type-page","status-publish","hentry"],"_links":{"self":[{"href":"https:\/\/onabits.com\/lv\/wp-json\/wp\/v2\/pages\/1258","targetHints":{"allow":["GET"]}}],"collection":[{"href":"https:\/\/onabits.com\/lv\/wp-json\/wp\/v2\/pages"}],"about":[{"href":"https:\/\/onabits.com\/lv\/wp-json\/wp\/v2\/types\/page"}],"author":[{"embeddable":true,"href":"https:\/\/onabits.com\/lv\/wp-json\/wp\/v2\/users\/1"}],"replies":[{"embeddable":true,"href":"https:\/\/onabits.com\/lv\/wp-json\/wp\/v2\/comments?post=1258"}],"version-history":[{"count":2,"href":"https:\/\/onabits.com\/lv\/wp-json\/wp\/v2\/pages\/1258\/revisions"}],"predecessor-version":[{"id":2554,"href":"https:\/\/onabits.com\/lv\/wp-json\/wp\/v2\/pages\/1258\/revisions\/2554"}],"wp:attachment":[{"href":"https:\/\/onabits.com\/lv\/wp-json\/wp\/v2\/media?parent=1258"}],"curies":[{"name":"wp","href":"https:\/\/api.w.org\/{rel}","templated":true}]}}