{"id":1264,"date":"2026-01-02T21:33:13","date_gmt":"2026-01-02T18:33:13","guid":{"rendered":"https:\/\/onabits.com\/instrukcijas\/"},"modified":"2026-03-03T23:12:01","modified_gmt":"2026-03-03T20:12:01","slug":"instrukcijas","status":"publish","type":"page","link":"https:\/\/onabits.com\/lv\/instrukcijas\/","title":{"rendered":"Instrukcijas"},"content":{"rendered":"\t\t<div data-elementor-type=\"wp-page\" data-elementor-id=\"1264\" class=\"elementor elementor-1264 elementor-603\">\n\t\t\t\t<div class=\"elementor-element elementor-element-279641ab e-flex e-con-boxed e-con e-parent\" data-id=\"279641ab\" data-element_type=\"container\">\n\t\t\t\t\t<div class=\"e-con-inner\">\n\t\t\t\t<div class=\"elementor-element elementor-element-189d7af5 elementor-widget elementor-widget-text-editor\" data-id=\"189d7af5\" data-element_type=\"widget\" data-widget_type=\"text-editor.default\">\n\t\t\t\t\t\t\t\t\t<h6><b>ONA uzga\u013ci \u2013 lietot\u0101ja rokasgr\u0101mata un dro\u0161\u012bbas instrukcijas<\/b><\/h6><p><strong>1. Produkta <\/strong><strong>izmanto\u0161anas m\u0113r\u0137is<\/strong><\/p><p>\u0160ie nagu apstr\u0101des uzga\u013ci ir paredz\u0113ti profesion\u0101lai lieto\u0161anai manik\u012bra un pedik\u012bra speci\u0101listiem, ietverot dab\u012bgu un m\u0101ksl\u012bgu nagu materi\u0101lu apstr\u0101di.<\/p><p>Nav paredz\u0113ts medic\u012bniskai vai zob\u0101rstniec\u012bbas lieto\u0161anai<\/p><p><strong>2. Tehnisk\u0101s specifik\u0101cijas<\/strong><\/p><p>Instrumenta veids: karb\u012bda nagu apstr\u0101des uzga\u013ci.<\/p><p>K\u0101ta diametrs: 2,35 mm<\/p><p>Darba da\u013cas materi\u0101ls: volframa karb\u012bds<\/p><p><strong>Mar\u0137\u0113jums p\u0113c <\/strong><strong>rupjuma pak\u0101pes<\/strong><strong> (kr\u0101su gredzens)<\/strong><\/p><p>Urbja uzga\u013ca rupjumu identific\u0113 p\u0113c kr\u0101saina gredzena uz k\u0101ta:<\/p><p> Dzeltens gredzens \u2013 \u012bpa\u0161i smalks<\/p><p> Sarkans gredzens \u2013 smalks<\/p><p> Zils gredzens \u2013 vid\u0113js<\/p><p> Violets gredzens \u2013 vid\u0113js<\/p><p> Za\u013c\u0161 gredzens \u2013 rupj\u0161<\/p><p> Melns gredzens \u2013 \u012bpa\u0161i rupj\u0161<\/p><p>Kr\u0101su mar\u0137\u0113jums ir paredz\u0113ts, lai pal\u012bdz\u0113tu profesion\u0101\u013ciem izv\u0113l\u0113ties atbilsto\u0161u nagu apstr\u0101des uzgali proced\u016brai.<\/p><p><strong>3. Maksim\u0101lais rot\u0101cijas \u0101trums<\/strong><\/p><p>Nep\u0101rsniedziet maksim\u0101lo pie\u013caujamo rot\u0101cijas \u0101trumu.<\/p><p>Ieteicam\u0101 \u0101truma p\u0101rsnieg\u0161ana var izrais\u012bt p\u0101rkar\u0161anu, urbja uzga\u013ca boj\u0101jumus vai miesas boj\u0101jumus.<\/p><p><strong>Ieteicamais maksim\u0101lais \u0101trums p\u0113c <\/strong><strong>rupjuma pak\u0101pes<\/strong><\/p><figure class=\"wp-block-table\"><table class=\"has-fixed-layout\"><thead><tr><td><strong>Kr\u0101su gredzens<\/strong><\/td><td><strong>Rupjums<\/strong><\/td><td><strong>Maksim\u0101lais \u0101trums (RPM)<\/strong><\/td><\/tr><\/thead><tbody><tr><td>Dzeltens<\/td><td>\u012apa\u0161i smalks<\/td><td>l\u012bdz 35 000 RPM<\/td><\/tr><tr><td>Sarkans<\/td><td>Smalks<\/td><td>l\u012bdz 35 000 RPM<\/td><\/tr><tr><td>Zils<\/td><td>Vid\u0113js<\/td><td>l\u012bdz 35 000 RPM<\/td><\/tr><tr><td>Violets<\/td><td>Vid\u0113ji rupj\u0161<\/td><td>l\u012bdz 35 000 RPM<\/td><\/tr><tr><td>Za\u013c\u0161<\/td><td>Rupj\u0161<\/td><td>l\u012bdz 25 000 RPM<\/td><\/tr><tr><td>Melns<\/td><td>\u012apa\u0161i rupj\u0161<\/td><td>l\u012bdz 20 000 RPM<\/td><\/tr><\/tbody><\/table><\/figure><p>Liel\u0101kiem darba diametriem parasti ir nepiecie\u0161ams maz\u0101ks rot\u0101cijas \u0101trums.<\/p><p>Ne visas elektrisk\u0101s nagu fr\u0113zes ir paredz\u0113tas dro\u0161ai darb\u012bbai ar maksim\u0101lo nor\u0101d\u012bto \u0101trumu.<\/p><p>Faktisko darb\u012bbas \u0101trumu j\u0101izv\u0113las profesion\u0101lam lietot\u0101jam, pamatojoties uz urbja uzgali<\/p><p>diametru, rupjumu, apstr\u0101d\u0101jamo materi\u0101lu, pielietoto tehniku un elektrisk\u0101s nagu fr\u0113zes specifik\u0101cij\u0101m.<\/p><p><strong>4<\/strong><strong>. Dro\u0161\u012bbas <\/strong><strong>pas\u0101kumi<\/strong><\/p><p><strong>BR\u012aDIN\u0100JUMS<\/strong><\/p><p><strong>Nepareiza lieto\u0161ana var izrais\u012bt traumas, p\u0101rkar\u0161anu vai <\/strong><strong>nagu fr\u0113zes uzga\u013ca<\/strong><strong> boj\u0101jumus.<\/strong><\/p><ul class=\"wp-block-list\"><li><strong>Tikai p<\/strong><strong>rofesion\u0101liem nagu tehni\u0137iem<\/strong><\/li><li><strong>P\u0101rliecinieties, ka k\u0101ts ir piln\u012bb\u0101 ievietots un dro\u0161i fiks\u0113ts.<\/strong><\/li><li>Neizmantojiet boj\u0101tus, deform\u0113tus vai nolietotus izstr\u0101d\u0101jumus.<\/li><li>Nekav\u0113joties p\u0101rtrauciet lieto\u0161anu, ja rodas atsl\u0101b\u0161ana vai neparasta vibr\u0101cija.<\/li><li>Ievietojiet un iz\u0146emiet uzgali tikai p\u0113c tam, kad rot\u0101cija ir piln\u012bb\u0101 apst\u0101jusies.<\/li><li>Darb\u012bbas laik\u0101 izvairieties no saskares ar darba da\u013cu.<\/li><li>Vienm\u0113r izmantojiet atbilsto\u0161us individu\u0101los aizsardz\u012bbas l\u012bdzek\u013cus.<\/li><li>Glab\u0101jiet b\u0113rniem nepieejam\u0101 viet\u0101.<\/li><\/ul><p><strong>5<\/strong><strong>. <\/strong><strong>Sagatavo\u0161ana lieto\u0161anai<\/strong><\/p><p>\u2022 Pirms katras lieto\u0161anas reizes p\u0101rbaudiet, vai uzgalim nav defektu.<\/p><p>\u2022 Uzst\u0101diet uzgali atbilsto\u0161i roktura instrukcij\u0101m.<\/p><p>\u2022 Pirms pieskar\u0161an\u0101s nagam iestatiet ier\u012bci izv\u0113l\u0113taj\u0101 darba \u0101trum\u0101.<\/p><p>\u2022 Nepielietojiet p\u0101rm\u0113r\u012bgu spiedienu (maksim\u0101lais kontakta spiediens &lt; 2 N).<\/p><p>\u2022 Turiet instrumentu viegli, l\u012bdz\u012bgi k\u0101 pildspalvu.<\/p><p>\u2022 Str\u0101d\u0101jiet ar glud\u0101m, kontrol\u0113t\u0101m kust\u012bb\u0101m.<\/p><p>\u2022 Nekav\u0113joties p\u0101rtrauciet lieto\u0161anu, ja rodas neparasta vibr\u0101cija, p\u0101rm\u0113r\u012bgs karstums vai samazin\u0101s grie\u0161anas efektivit\u0101te.<\/p><p><strong>6<\/strong><strong>. T\u012br\u012b\u0161ana, dezinfekcija un steriliz\u0101cija<\/strong><\/p><p><strong>6<\/strong><strong>.1 Visp\u0101r\u012bgi<\/strong><\/p><p>\u2022 Produkti tiek pieg\u0101d\u0101ti nesterili.<\/p><p>\u2022 P\u0113c katras lieto\u0161anas reizes oblig\u0101ta ir t\u012br\u012b\u0161ana, dezinfekcija un steriliz\u0101cija.<\/p><p>\u2022 Pareiza apstr\u0101de ir b\u016btiska, lai nodro\u0161in\u0101tu dro\u0161u profesion\u0101lu lieto\u0161anu.<\/p><p><strong>6<\/strong><strong>.2 T\u012br\u012b\u0161ana un dezinfekcija<\/strong><\/p><p>\u2022 Not\u012briet produktu t\u016bl\u012bt p\u0113c katras lieto\u0161anas reizes, lai no\u0146emtu redzamos atlikumus.<\/p><p>\u2022 Atk\u0101rtoti lietojamiem instrumentiem izmantojiet tikai ES apstiprin\u0101tus dezinfekcijas l\u012bdzek\u013cus (PT2 saska\u0146\u0101 ar BPR ES Nr. 528\/2012).<\/p><p>\u2022 Iev\u0113rojiet mazg\u0101\u0161anas un dezinfekcijas l\u012bdzek\u013cu ra\u017eot\u0101ju nor\u0101d\u012bjumus.<\/p><p>\u2022 Ultraska\u0146as t\u012br\u012b\u0161ana ir at\u013cauta; nodro\u0161iniet, lai produkti nesaskartos viens ar otru.<\/p><p>\u2022 Ja paliek nos\u0113dumi, atk\u0101rtojiet t\u012br\u012b\u0161anas procesu.<\/p><p>\u2022 Pirms steriliz\u0101cijas piln\u012bb\u0101 nosusiniet produktu.<\/p><p>Neizmantojiet met\u0101la stiep\u013cu sukas vai abraz\u012bvus instrumentus, kas var saboj\u0101t grie\u0161anas virsmu.<\/p><p><strong>6<\/strong><strong>.3 Steriliz\u0101cija<\/strong><\/p><p>P\u0113c t\u012br\u012b\u0161anas un dezinfekcijas produkts ir j\u0101steriliz\u0113.<\/p><p>Steriliz\u0101cija ar tvaiku (autokl\u0101vs) \u2013 <strong>ieteicams<\/strong>:<\/p><p>\u2022 Temperat\u016bra: 121 \u00b0C<\/p><p>\u2022 Laiks: 30 min\u016btes<\/p><p>Saus\u0101 karstuma steriliz\u0101cija (karsta gaisa \/ saus\u0101 karstuma kr\u0101sns):<\/p><p>\u2022 Temperat\u016bra: l\u012bdz 180 \u00b0C<\/p><p>\u2022 Iedarb\u012bbas laiks: saska\u0146\u0101 ar sterilizatora ra\u017eot\u0101ja nor\u0101d\u012bjumiem<\/p><p><strong>Nep\u0101rsniedziet ieteicamos steriliz\u0101cijas parametrus.<\/strong><\/p><p>ONA Bits nav atbild\u012bgs par nepareizu t\u012br\u012b\u0161anu, dezinfekciju vai steriliz\u0101ciju, ko veic lietot\u0101js.<\/p><p><strong>7<\/strong><strong>. Uzglab\u0101\u0161ana<\/strong><\/p><ul class=\"wp-block-list\"><li>Uzglab\u0101t saus\u0101, stabil\u0101 vid\u0113.<\/li><li>Temperat\u016bra: 5 \u00b0C \u2013 40 \u00b0C<\/li><li>Relat\u012bvais mitrums: zem 90 %<\/li><li>Izvairieties no triecieniem, kri\u0161anas un saskares starp produktiem.<\/li><li>Glab\u0101jiet prom no sk\u0101b\u0113m, s\u0101rmiem un kait\u012bg\u0101m \u0137\u012bmisk\u0101m viel\u0101m.<\/li><\/ul><p><strong>8<\/strong><strong>. Kalpo\u0161anas laiks<\/strong><\/p><ul class=\"wp-block-list\"><li>Turpinot lietot nolietotus izstr\u0101d\u0101jumus, var rasties traumas vai slikta veiktsp\u0113ja.<\/li><li>Nomainiet produktu, ja tas ir boj\u0101ts, nolietots vai ja ir samazin\u0101ta grie\u0161anas efektivit\u0101te.<\/li><li>Vid\u0113jais kalpo\u0161anas laiks ir atkar\u012bgs no tehnikas, \u0101truma, spiediena un apstr\u0101des kvalit\u0101tes.<\/li><\/ul><p><strong>9. Utiliz\u0101cija<\/strong><\/p><p>Atbr\u012bvojieties no produkta saska\u0146\u0101 ar viet\u0113jiem vides un atkritumu noteikumiem.<\/p><div class=\"wp-block-file\"><a id=\"wp-block-file--media-4d835bbc-933f-4cfb-b59d-8fbfbe8a47a8\" href=\"https:\/\/onabits.com\/wp-content\/uploads\/2026\/01\/ONA-Bits-User-Manual-and-Safety-Instruction.pdf\"><strong>ONA Bits lietot\u0101ja rokasgr\u0101mata un dro\u0161\u012bbas instrukcijas<\/strong><\/a> <a class=\"wp-block-file__button wp-element-button\" href=\"https:\/\/onabits.com\/wp-content\/uploads\/2026\/01\/ONA-Bits-User-Manual-and-Safety-Instruction.pdf\" download=\"\" aria-describedby=\"wp-block-file--media-4d835bbc-933f-4cfb-b59d-8fbfbe8a47a8\">Lejupiel\u0101d\u0113t<\/a><\/div>\t\t\t\t\t\t\t\t<\/div>\n\t\t\t\t\t<\/div>\n\t\t\t\t<\/div>\n\t\t\t\t<\/div>\n\t\t","protected":false},"excerpt":{"rendered":"<p>ONA uzga\u013ci \u2013 lietot\u0101ja rokasgr\u0101mata un dro\u0161\u012bbas instrukcijas 1. Produkta izmanto\u0161anas m\u0113r\u0137is \u0160ie nagu apstr\u0101des uzga\u013ci ir paredz\u0113ti profesion\u0101lai lieto\u0161anai manik\u012bra un pedik\u012bra speci\u0101listiem, ietverot dab\u012bgu un m\u0101ksl\u012bgu nagu materi\u0101lu [&hellip;]<\/p>\n","protected":false},"author":1,"featured_media":0,"parent":0,"menu_order":0,"comment_status":"closed","ping_status":"closed","template":"","meta":{"pagelayer_contact_templates":[],"_pagelayer_content":"","footnotes":""},"class_list":["post-1264","page","type-page","status-publish","hentry"],"_links":{"self":[{"href":"https:\/\/onabits.com\/lv\/wp-json\/wp\/v2\/pages\/1264","targetHints":{"allow":["GET"]}}],"collection":[{"href":"https:\/\/onabits.com\/lv\/wp-json\/wp\/v2\/pages"}],"about":[{"href":"https:\/\/onabits.com\/lv\/wp-json\/wp\/v2\/types\/page"}],"author":[{"embeddable":true,"href":"https:\/\/onabits.com\/lv\/wp-json\/wp\/v2\/users\/1"}],"replies":[{"embeddable":true,"href":"https:\/\/onabits.com\/lv\/wp-json\/wp\/v2\/comments?post=1264"}],"version-history":[{"count":5,"href":"https:\/\/onabits.com\/lv\/wp-json\/wp\/v2\/pages\/1264\/revisions"}],"predecessor-version":[{"id":2469,"href":"https:\/\/onabits.com\/lv\/wp-json\/wp\/v2\/pages\/1264\/revisions\/2469"}],"wp:attachment":[{"href":"https:\/\/onabits.com\/lv\/wp-json\/wp\/v2\/media?parent=1264"}],"curies":[{"name":"wp","href":"https:\/\/api.w.org\/{rel}","templated":true}]}}