{"id":1323,"date":"2025-11-27T23:49:04","date_gmt":"2025-11-27T20:49:04","guid":{"rendered":"https:\/\/onabits.com\/noteikumi-un-nosacijumi\/"},"modified":"2026-01-25T18:53:53","modified_gmt":"2026-01-25T15:53:53","slug":"noteikumi-un-nosacijumi","status":"publish","type":"page","link":"https:\/\/onabits.com\/lv\/noteikumi-un-nosacijumi\/","title":{"rendered":"Noteikumi un nosac\u012bjumi"},"content":{"rendered":"\t\t<div data-elementor-type=\"wp-page\" data-elementor-id=\"1323\" class=\"elementor elementor-1323 elementor-534\">\n\t\t\t\t<div class=\"elementor-element elementor-element-005ede4 e-flex e-con-boxed e-con e-parent\" data-id=\"005ede4\" data-element_type=\"container\">\n\t\t\t\t\t<div class=\"e-con-inner\">\n\t\t\t\t<div class=\"elementor-element elementor-element-10804ed elementor-widget elementor-widget-heading\" data-id=\"10804ed\" data-element_type=\"widget\" data-widget_type=\"heading.default\">\n\t\t\t\t\t<h2 class=\"elementor-heading-title elementor-size-default\">Noteikumi un nosac\u012bjumi<\/h2>\t\t\t\t<\/div>\n\t\t\t\t<div class=\"elementor-element elementor-element-ac4a274 elementor-widget elementor-widget-text-editor\" data-id=\"ac4a274\" data-element_type=\"widget\" data-widget_type=\"text-editor.default\">\n\t\t\t\t\t\t\t\t\t<p>Noteikumi un nosac\u012bjumi (versija ang\u013cu valod\u0101)<\/p><p>P\u0113d\u0113joreiz atjaunin\u0101ts: 2025. gada novembr\u012b<\/p><p>\u0160ie noteikumi un nosac\u012bjumi (turpm\u0101k tekst\u0101 \u2013 Noteikumi) regul\u0113 attiec\u012bbas starp:<br>SIA \u201cBeauty Baltic\u201d<br>Re\u0123. Nr.: 40203077960<br>Adrese: R\u016bpniec\u012bbas iela 32B\u20131H, R\u012bga, LV-1045, Latvija<br>E-pasts: info@onabits.com<br>T\u0101lrunis: +37125867806<br>(turpm\u0101k tekst\u0101 \u2013 Uz\u0146\u0113mums)<br>un jebkuru personu, kas veic pas\u016bt\u012bjumu vietn\u0113 onabits.com (turpm\u0101k tekst\u0101 \u2013 Klients).<br>Izmantojot Vietni vai veicot pas\u016bt\u012bjumu, Klients piekr\u012bt \u0161iem Noteikumiem.<br>\u2e3b<br>1. Defin\u012bcijas<br>1.1. Vietne \u2013 https:\/\/onabits.com\/<br>1.2. Klients \u2013 fiziska persona, kas ieg\u0101d\u0101jas preces, izmantojot Vietni<br>1.3. Preces \u2013 skaistumkop\u0161anas, nagu un saist\u012btie produkti, kas tiek pied\u0101v\u0101ti Vietn\u0113<br>1.4. Pas\u016bt\u012bjums \u2013 Klienta iesniegts pieteikums pirkumam<br>1.5. L\u012bgums \u2013 distances l\u012bgums, kas tiek nosl\u0113gts p\u0113c Pas\u016bt\u012bjuma apstiprin\u0101\u0161anas<br>\u2e3b<br>2. L\u012bguma priek\u0161mets<br>2.1. Uz\u0146\u0113mums piekr\u012bt pieg\u0101d\u0101t Preces, un Klients piekr\u012bt par t\u0101m samaks\u0101t un t\u0101s pie\u0146emt.<br>2.2. Pre\u010du att\u0113li Vietn\u0113 ir paredz\u0113ti tikai informat\u012bviem nol\u016bkiem; kr\u0101sas un izskats var at\u0161\u0137irties.<br>2.3. Inform\u0101cija var main\u012bties bez iepriek\u0161\u0113ja br\u012bdin\u0101juma.<br>\u2e3b<br>3. Pas\u016bt\u012bjuma noform\u0113\u0161anas k\u0101rt\u012bba<br>3.1. Pas\u016bt\u012bjumi tiek veikti, izmantojot tie\u0161saistes iepirkumu grozu. Minim\u0101l\u0101 pas\u016bt\u012bjuma summa: 25 EUR.<br>3.2. Klientam j\u0101sniedz prec\u012bzi personas dati.<br>3.3. Veicot pas\u016bt\u012bjumu, Klients apstiprina, ka piekr\u012bt:<br>\u2014 Noteikumiem un nosac\u012bjumiem<br>\u2014 Priv\u0101tuma politikai<br>\u2014 Pieg\u0101des un apmaksas inform\u0101cijai<br>3.4. P\u0113c pas\u016bt\u012bjuma iesnieg\u0161anas tiks nos\u016bt\u012bts pas\u016bt\u012bjuma apstiprin\u0101juma e-pasts.<br>\u2e3b<br>4. Cenas un apmaksa<br>4.1. Vis\u0101s cen\u0101s ir iek\u013cauts 21% PVN, un t\u0101s neietver pieg\u0101des izmaksas.<br>4.2. Cenas var main\u012bties jebkur\u0101 laik\u0101.<br>4.3. Apmaksas metodes ietver:<br>bankas karti<br>interneta banku<br>citas Vietn\u0113 nor\u0101d\u012bt\u0101s iesp\u0113jas<br>4.4. Ja maks\u0101jums neizdodas, pas\u016bt\u012bjums tiek atcelts.<br>\u2e3b<br>5. Pieg\u0101de<br>5.1. Pieg\u0101de ir pieejama Latvij\u0101, ES un citos re\u0123ionos (ja piem\u0113rojams).<br>5.2. Pas\u016bt\u012bjumi tiek nos\u016bt\u012bti 1\u20133 darba dienu laik\u0101 p\u0113c apmaksas.<br>5.3. Pieg\u0101des maksa tiek apr\u0113\u0137in\u0101ta pas\u016bt\u012b\u0161anas br\u012bd\u012b.<br>5.4. Risks par pre\u010du zudumu vai boj\u0101jumiem p\u0101riet Klientam p\u0113c pre\u010du fiziskas sa\u0146em\u0161anas,<br>iz\u0146emot gad\u012bjumus, kad Klients ir izv\u0113l\u0113jies p\u0101rvad\u0101t\u0101ju, ko Uz\u0146\u0113mums nepied\u0101v\u0101.<br>5.5. Klientam ir j\u0101p\u0101rbauda s\u016bt\u012bjums p\u0113c t\u0101 sa\u0146em\u0161anas. Boj\u0101jumi j\u0101re\u0123istr\u0113 kop\u0101 ar kurjeru.<br>\u2e3b<br>6. Atteikuma ties\u012bbas un atgrie\u0161ana<br>6.1. Klients var atgriezt Preces 14 dienu laik\u0101 saska\u0146\u0101 ar ES pat\u0113r\u0113t\u0101ju ties\u012bbu aktiem.<br>6.2. Klientam ir ties\u012bbas atteikties no l\u012bguma, nenor\u0101dot iemeslu,<br>14 dienu laik\u0101 no dienas, kad Klients ir ieguvis Pre\u010du fizisku vald\u012bjumu.<br>Lai izmantotu atteikuma ties\u012bbas, Klientam pirms atteikuma termi\u0146a beig\u0101m<br>pa e-pastu j\u0101inform\u0113 Uz\u0146\u0113mums par l\u0113mumu atteikties no l\u012bguma.<br>6.3. Atgrie\u0161ana tiek pie\u0146emta tikai tad, ja Preces:<br>nav lietotas;<br>ir ori\u0123in\u0101l\u0101 st\u0101vokl\u012b un iepakojum\u0101;<br>nav nodiluma paz\u012bmju.<br>6.4. Produktus, kas ir aizz\u012bmogoti vesel\u012bbas aizsardz\u012bbas vai higi\u0113nas apsv\u0113rumu d\u0113\u013c<br>un p\u0113c pieg\u0101des ir atz\u012bmogoti, nevar atgriezt,<br>ja piem\u0113rojams un saska\u0146\u0101 ar ES pat\u0113r\u0113t\u0101ju ties\u012bbu aktiem.<br>6.5. Atgrie\u0161anas pieg\u0101di apmaks\u0101 Klients.<br>6.6. Naudas atmaksa tiek apstr\u0101d\u0101ta 14 dienu laik\u0101 uz s\u0101kotn\u0113jo maks\u0101juma metodi.<br>\u2e3b<br>7. Atbild\u012bba<br>7.1. Uz\u0146\u0113mums nav atbild\u012bgs par:<br>Vietnes darb\u012bbas p\u0101rtraukumiem;<br>ier\u012bces iestat\u012bjumu izrais\u012bt\u0101m displeja at\u0161\u0137ir\u012bb\u0101m;<br>kurjeru kav\u0113jumiem;<br>boj\u0101jumiem, kas radu\u0161ies Pre\u010du nepareizas lieto\u0161anas rezult\u0101t\u0101.<br>7.2. Uz\u0146\u0113mums nav atbild\u012bgs par zaud\u0113jumiem, kas radu\u0161ies Klienta nepareizas lieto\u0161anas rezult\u0101t\u0101.<br>7.3. Nekas \u0161ajos Noteikumos neierobe\u017eo Klienta likum\u0101 noteikt\u0101s ties\u012bbas saska\u0146\u0101 ar piem\u0113rojamiem ties\u012bbu aktiem.<br>\u2e3b<br>8. Intelektu\u0101lais \u012bpa\u0161ums<br>8.1. Visi Vietnes materi\u0101li, tostarp logotipi, teksts un vizu\u0101lais saturs, pieder Uz\u0146\u0113mumam.<br>8.2. Neat\u013cauta kop\u0113\u0161ana vai izplat\u012b\u0161ana ir aizliegta.<br>\u2e3b<br>9. Groz\u012bjumi<br>9.1. Uz\u0146\u0113mums var atjaunin\u0101t \u0161os Noteikumus jebkur\u0101 laik\u0101.<br>9.2. Atjaunin\u0101jumi st\u0101jas sp\u0113k\u0101 p\u0113c public\u0113\u0161anas.<br>9.3. Turpinot izmantot Vietni, tiek pie\u0146emti atjaunin\u0101tie Noteikumi.<br>\u2e3b<br>10. Piem\u0113rojamie ties\u012bbu akti<br>10.1. \u0160os Noteikumus regul\u0113 Latvijas un Eiropas Savien\u012bbas ties\u012bbu akti.<br>10.2. Str\u012bdi tiks risin\u0101ti Latvijas ties\u0101s.<br>\u2e3b<br>11. Kontaktinform\u0101cija<br>SIA \u201cBeauty Baltic\u201d<br>R\u016bpniec\u012bbas iela 32B\u20131H, R\u012bga, LV-1045, Latvija<br>E-pasts: info@onabits.com<br>T\u0101lrunis: +37125867806<br>Re\u0123istr\u0101cijas numurs: 40203077960<br>PVN numurs: LV40203077960<br><br>Uz\u0146\u0113mums darbojas k\u0101 Pre\u010du p\u0101rdev\u0113js un import\u0113t\u0101js Eiropas Savien\u012bb\u0101.<\/p>\t\t\t\t\t\t\t\t<\/div>\n\t\t\t\t\t<\/div>\n\t\t\t\t<\/div>\n\t\t<div class=\"elementor-element elementor-element-9dda08a e-flex e-con-boxed e-con e-parent\" data-id=\"9dda08a\" data-element_type=\"container\">\n\t\t\t\t\t<div class=\"e-con-inner\">\n\t\t\t\t\t<\/div>\n\t\t\t\t<\/div>\n\t\t\t\t<\/div>\n\t\t","protected":false},"excerpt":{"rendered":"<p>Noteikumi un nosac\u012bjumi Noteikumi un nosac\u012bjumi (versija ang\u013cu valod\u0101) P\u0113d\u0113joreiz atjaunin\u0101ts: 2025. gada novembr\u012b \u0160ie noteikumi un nosac\u012bjumi (turpm\u0101k tekst\u0101 \u2013 Noteikumi) regul\u0113 attiec\u012bbas starp:SIA \u201cBeauty Baltic\u201dRe\u0123. Nr.: 40203077960Adrese: R\u016bpniec\u012bbas [&hellip;]<\/p>\n","protected":false},"author":1,"featured_media":0,"parent":0,"menu_order":0,"comment_status":"closed","ping_status":"closed","template":"","meta":{"pagelayer_contact_templates":[],"_pagelayer_content":"","footnotes":""},"class_list":["post-1323","page","type-page","status-publish","hentry"],"_links":{"self":[{"href":"https:\/\/onabits.com\/lv\/wp-json\/wp\/v2\/pages\/1323","targetHints":{"allow":["GET"]}}],"collection":[{"href":"https:\/\/onabits.com\/lv\/wp-json\/wp\/v2\/pages"}],"about":[{"href":"https:\/\/onabits.com\/lv\/wp-json\/wp\/v2\/types\/page"}],"author":[{"embeddable":true,"href":"https:\/\/onabits.com\/lv\/wp-json\/wp\/v2\/users\/1"}],"replies":[{"embeddable":true,"href":"https:\/\/onabits.com\/lv\/wp-json\/wp\/v2\/comments?post=1323"}],"version-history":[{"count":1,"href":"https:\/\/onabits.com\/lv\/wp-json\/wp\/v2\/pages\/1323\/revisions"}],"predecessor-version":[{"id":1324,"href":"https:\/\/onabits.com\/lv\/wp-json\/wp\/v2\/pages\/1323\/revisions\/1324"}],"wp:attachment":[{"href":"https:\/\/onabits.com\/lv\/wp-json\/wp\/v2\/media?parent=1323"}],"curies":[{"name":"wp","href":"https:\/\/api.w.org\/{rel}","templated":true}]}}