{"id":1331,"date":"2025-11-27T00:54:37","date_gmt":"2025-11-26T21:54:37","guid":{"rendered":"https:\/\/onabits.com\/privatuma-politika\/"},"modified":"2026-01-25T18:57:27","modified_gmt":"2026-01-25T15:57:27","slug":"privatuma-politika","status":"publish","type":"page","link":"https:\/\/onabits.com\/lv\/privatuma-politika\/","title":{"rendered":"Priv\u0101tuma politika"},"content":{"rendered":"\t\t<div data-elementor-type=\"wp-page\" data-elementor-id=\"1331\" class=\"elementor elementor-1331 elementor-3\">\n\t\t\t\t<div class=\"elementor-element elementor-element-ca9eee2 e-flex e-con-boxed e-con e-parent\" data-id=\"ca9eee2\" data-element_type=\"container\">\n\t\t\t\t\t<div class=\"e-con-inner\">\n\t\t\t\t<div class=\"elementor-element elementor-element-6b46635 elementor-widget elementor-widget-heading\" data-id=\"6b46635\" data-element_type=\"widget\" data-widget_type=\"heading.default\">\n\t\t\t\t\t<h2 class=\"elementor-heading-title elementor-size-default\">Priv\u0101tuma politika<\/h2>\t\t\t\t<\/div>\n\t\t\t\t\t<\/div>\n\t\t\t\t<\/div>\n\t\t<div class=\"elementor-element elementor-element-6148264e e-flex e-con-boxed e-con e-parent\" data-id=\"6148264e\" data-element_type=\"container\">\n\t\t\t\t\t<div class=\"e-con-inner\">\n\t\t\t\t<div class=\"elementor-element elementor-element-55a2ca1f elementor-widget elementor-widget-text-editor\" data-id=\"55a2ca1f\" data-element_type=\"widget\" data-widget_type=\"text-editor.default\">\n\t\t\t\t\t\t\t\t\t<p>P\u0113d\u0113joreiz atjaunin\u0101ts: 2025. gada novembr\u012b<\/p><p>1. Ko noz\u012bm\u0113 \u0161\u012b priv\u0101tuma politika?<br>Mums r\u016bp j\u016bsu priv\u0101tums un personas datu dro\u0161\u012bba. \u012astenojot Eiropas Parlamenta un Padomes Regulu (ES) 2016\/679 (2016. gada 27. apr\u012blis) par fizisku personu aizsardz\u012bbu attiec\u012bb\u0101 uz personas datu apstr\u0101di un \u0161\u0101du datu br\u012bvu apriti un ar ko atce\u013c Direkt\u012bvu 95\/46\/EK (Visp\u0101r\u012bg\u0101 datu aizsardz\u012bbas regula), m\u0113s nodro\u0161in\u0101m \u012bpa\u0161i p\u0101rredzamu un god\u012bgu j\u016bsu personas datu apstr\u0101di.<br>\u0160\u012b priv\u0101tuma politika (turpm\u0101k \u2013 Priv\u0101tuma politika) atspogu\u013co noteikumus, kas j\u0101iev\u0113ro visiem t\u012bmek\u013ca vietnes https:\/\/onabits.com\/ (turpm\u0101k \u2013 T\u012bmek\u013ca vietne) apmekl\u0113t\u0101jiem (turpm\u0101k \u2013 Apmekl\u0113t\u0101ji).<br>Tiek uzskat\u012bts, ka Apmekl\u0113t\u0101js ir iepazinies un piekritis iev\u0113rot Priv\u0101tuma politiku, ja vi\u0146\u0161 ir apmekl\u0113jis T\u012bmek\u013ca vietni, re\u0123istr\u0113jies taj\u0101 un (vai) ieg\u0101d\u0101jies T\u012bmek\u013ca vietn\u0113 p\u0101rdo\u0161an\u0101 eso\u0161os produktus. Ja Apmekl\u0113t\u0101js nepiekr\u012bt \u0161ai Priv\u0101tuma politikai, noteiktas T\u012bmek\u013ca vietnes funkcijas<br>var neb\u016bt pieejamas.  <\/p><p>2. K\u0101du inform\u0101ciju m\u0113s apkopojam?<br>M\u0113s apkopojam un apstr\u0101d\u0101jam tikai tos attiec\u012bgos personas datus, kas ir nepiecie\u0161ami, lai sasniegtu m\u0113r\u0137us, k\u0101diem tie tiek apstr\u0101d\u0101ti.<br>Pied\u0101v\u0101jot jums produktus T\u012bmek\u013ca vietn\u0113, SIA \u201cBeauty Baltic\u201d: re\u0123istr\u0101cijas numurs 40203077960, adrese: R\u016bpniec\u012bbas iela 32B\u20131H, R\u012bga, LV-1045 (turpm\u0101k \u2013 P\u0101rdev\u0113js) var apkopot, uzglab\u0101t un izmantot personas datus.<br>Re\u0123istr\u0101cija t\u012bmek\u013ca vietn\u0113: v\u0101rds, uzv\u0101rds, uz\u0146\u0113muma nosaukums (p\u0113c izv\u0113les), e-pasta adrese, t\u0101lru\u0146a numurs.<br>Pirkumu veik\u0161ana: v\u0101rds, uzv\u0101rds, uz\u0146\u0113muma nosaukums (p\u0113c izv\u0113les), mobil\u0101 t\u0101lru\u0146a numurs, pieg\u0101des veids, pieg\u0101des adrese (ja piem\u0113rojams), maks\u0101juma veids, maks\u0101juma inform\u0101cija.<br>inform\u0101cija par j\u016bsu datoru, j\u016bsu apmekl\u0113jumiem un pirkumiem T\u012bmek\u013ca vietn\u0113, tostarp j\u016bsu IP adrese, k\u0101 ar\u012b laiks un datums, kad re\u0123istr\u0113j\u0101ties T\u012bmek\u013ca vietn\u0113;<br>Jebkura cita inform\u0101cija, ko varat mums sniegt, izmantojot m\u016bsu Vietni un m\u016bsu pied\u0101v\u0101tos pakalpojumus vai sazinoties ar mums.<\/p><p>3. S\u012bkdatnes<br>S\u012bkdatnes satur inform\u0101ciju, ko t\u012bmek\u013ca serveris nos\u016bta t\u012bmek\u013ca p\u0101rl\u016bkprogrammai un ko t\u012bmek\u013ca p\u0101rl\u016bkprogramma saglab\u0101. M\u0113s izmantojam Google Analytics, lai analiz\u0113tu min\u0113t\u0101s T\u012bmek\u013ca vietnes lieto\u0161anu. \u0160ie r\u012bki \u0123ener\u0113 statistiku un citu inform\u0101ciju par T\u012bmek\u013ca vietnes lieto\u0161anu ar s\u012bkdatn\u0113m, kas tiek saglab\u0101tas Apmekl\u0113t\u0101ju datoros. Inform\u0101cija par Vietnes apmekl\u0113jumu tiek izmantota, lai izveidotu t\u012bkla lietojuma p\u0101rskatus. \u0160o inform\u0101ciju glab\u0101 Google vai l\u012bdz\u012bgs pakalpojumu sniedz\u0113js. M\u0113s izmantojam ar\u012b s\u012bkdatnes, lai atpaz\u012btu j\u016bs k\u0101 Apmekl\u0113t\u0101ju, kur\u0161 jau ir izmantojis Vietni.<br>Liel\u0101k\u0101 da\u013ca t\u012bmek\u013ca p\u0101rl\u016bkprogrammu \u013cauj atteikties no vis\u0101m s\u012bkdatn\u0113m, da\u017eas p\u0101rl\u016bkprogrammas \u013cauj atteikties tikai no tre\u0161o pu\u0161u s\u012bkdatn\u0113m. T\u0101p\u0113c atkar\u012bb\u0101 no j\u016bsu t\u012bmek\u013ca p\u0101rl\u016bkprogrammas j\u016bs varat da\u013c\u0113ji vai piln\u012bb\u0101 atteikties no vis\u0101m s\u012bkdatn\u0113m, ta\u010du m\u0113s v\u0113r\u0161am j\u016bsu uzman\u012bbu uz to, ka s\u012bkdat\u0146u blo\u0137\u0113\u0161ana negat\u012bvi ietekm\u0113 m\u016bsu T\u012bmek\u013ca vietnes lieto\u0161anu, bez t\u0101m j\u016bs nevar\u0113siet izmantot visas T\u012bmek\u013ca vietnes pied\u0101v\u0101t\u0101s funkcijas.<br>Apmekl\u0113jot T\u012bmek\u013ca vietni, Apmekl\u0113t\u0101jam tiek par\u0101d\u012bts s\u012bkdat\u0146u rekl\u0101mkarogs,<br>kas sniedz inform\u0101ciju par s\u012bkdat\u0146u izmanto\u0161anu.<br>S\u012bkdatnes, kur\u0101m nepiecie\u0161ama piekri\u0161ana, tiek izmantotas tikai p\u0113c tam, kad Apmekl\u0113t\u0101js ir devis<br>skaidru piekri\u0161anu, izmantojot s\u012bkdat\u0146u rekl\u0101mkarogu. Apmekl\u0113t\u0101js var atsaukt vai<br>main\u012bt piekri\u0161anu jebkur\u0101 laik\u0101, izmantojot s\u012bkdat\u0146u iestat\u012bjumus.<br>Ja Apmekl\u0113t\u0101jam ir k\u0101di jaut\u0101jumi par s\u012bkdat\u0146u izmanto\u0161anu, l\u016bdzu, sazinieties ar Pakalpojumu sniedz\u0113ju, nos\u016btot e-pastu uz adresi info@onabits.com       <\/p><p>4. J\u016bsu personas datu izmanto\u0161ana<br>M\u0113s izmantojam apkopotos personas datus tikai \u0161aj\u0101 Priv\u0101tuma politik\u0101 nor\u0101d\u012btajiem m\u0113r\u0137iem.<br>M\u0113s varam izmantot j\u016bsu personas datus, lai:<br>-dotu jums iesp\u0113ju izmantot m\u016bsu T\u012bmek\u013ca vietni un pied\u0101v\u0101tos pakalpojumus;<br>-nosl\u0113gtu ar jums l\u012bgumu un to izpild\u012btu;<br>-pieg\u0101d\u0101tu \u0161aj\u0101 T\u012bmek\u013ca vietn\u0113 ieg\u0101d\u0101to produktu;<br>-izrakst\u012btu un nos\u016bt\u012btu jums r\u0113\u0137inus un pavadz\u012bmes;<br>-iekas\u0113tu un apkopotu j\u016bsu maks\u0101jumus;<br>-nos\u016bt\u012btu jums pazi\u0146ojumus un sarakst\u012btos ar jums;<br>-atspogu\u013cotu inform\u0101ciju par iepriek\u0161\u0113jiem pirkumiem;<br>-nos\u016bt\u012btu pa pastu, elektronisko pastu vai cit\u0101 veid\u0101 m\u016bsu zi\u0146as un citu inform\u0101ciju, kas saist\u012bta ar m\u016bsu pakalpojumiem, ko uzskat\u0101m par jums nepiecie\u0161amu (ja nev\u0113laties turpm\u0101k sa\u0146emt m\u0101rketinga pazi\u0146ojumus, jebkur\u0101 laik\u0101 varat atteikties sa\u0146emt \u0161\u0101da veida zi\u0146as un inform\u0101ciju, pazi\u0146ojot mums par to pa e-pastu vai noklik\u0161\u0137inot uz interakt\u012bv\u0101s saites zem sa\u0146emt\u0101 pazi\u0146ojuma).<br>Personas datu apstr\u0101des juridiskais pamats:<br>Personas dati tiek apstr\u0101d\u0101ti saska\u0146\u0101 ar \u0161\u0101diem juridiskajiem pamatiem<br>atbilsto\u0161i GDPR 6. pantam:<br>\u2013 l\u012bguma izpilde (GDPR 6. panta 1. punkta b) apak\u0161punkts);<br>\u2013 juridisko pien\u0101kumu izpilde (GDPR 6. panta 1. punkta c) apak\u0161punkts);<br>\u2013 Sabiedr\u012bbas le\u0123it\u012bm\u0101s intereses, piem\u0113ram, nodro\u0161inot pien\u0101c\u012bgu<br>T\u012bmek\u013ca vietnes darb\u012bbu un klientu apkalpo\u0161anu (GDPR 6. panta 1. punkta f) apak\u0161punkts);<br>\u2013 datu subjekta piekri\u0161ana, ja nepiecie\u0161ams (GDPR 6. panta 1. punkta a) apak\u0161punkts).    <br>J\u016bsu personas dati netiek glab\u0101ti ilg\u0101k, nek\u0101 nepiecie\u0161ams apkopoto datu m\u0113r\u0137im. Kad personas dati vairs nav nepiecie\u0161ami vai to der\u012bguma termi\u0146\u0161 ir beidzies, tie tiks izn\u012bcin\u0101ti.<br>Personas dati tiek glab\u0101ti tik ilgi, cik nepiecie\u0161ams, lai izpild\u012btu l\u012bgumisk\u0101s<br>saist\u012bbas un iev\u0113rotu piem\u0113rojamos ties\u012bbu aktus, tostarp<br>gr\u0101matved\u012bbas un nodok\u013cu likumus.<br>Tie\u0161ais m\u0101rketings<br>Uz\u0146\u0113mums var jums nos\u016bt\u012bt pa elektronisko sakaru l\u012bdzek\u013ciem (e-pastu, \u012bszi\u0146u vai citu veidu) inform\u0101ciju par produktiem, kas ir l\u012bdz\u012bgi tiem, ko ieg\u0101d\u0101j\u0101ties T\u012bmek\u013ca vietn\u0113, un nodot j\u016bsu datus tiem datu sa\u0146\u0113m\u0113jiem, kuri izmanto personas datus, ko esat nodevis T\u012bmek\u013ca vietnes administratoram tie\u0161\u0101 m\u0101rketinga nol\u016bkiem. \u0160\u012bs inform\u0101cijas sa\u0146\u0113m\u0113ju saraksts var main\u012bties, bet m\u0113r\u0137is paliks nemain\u012bgs; ja v\u0113laties sa\u0146emt inform\u0101cijas sa\u0146\u0113m\u0113ju sarakstu, pazi\u0146ojiet mums pa e-pastu uz adresi:<br>info@onabits.com.<br>Ja nev\u0113laties sa\u0146emt tie\u0161\u0101 m\u0101rketinga pied\u0101v\u0101jumus, varat mums pazi\u0146ot par savu atteikumu, rakstot uz e-pasta adresi: info@onabits.com vai noklik\u0161\u0137inot uz atbilsto\u0161\u0101s saites katr\u0101 jums nos\u016bt\u012btaj\u0101 tie\u0161\u0101 m\u0101rketinga pazi\u0146ojum\u0101.  <\/p><p>5. Inform\u0101cijas atkl\u0101\u0161ana<br>P\u0101rdev\u0113js var atkl\u0101t inform\u0101ciju par jums saviem darbiniekiem, vad\u012bt\u0101jiem, starpniekiem, pieg\u0101d\u0101t\u0101jiem un apak\u0161uz\u0146\u0113m\u0113jiem, ja tas ir pamatoti nepiecie\u0161ams, lai pieg\u0101d\u0101tu preces, ko esat ieg\u0101d\u0101jies Vietn\u0113, un atspogu\u013cotu j\u016bsu iepriek\u0161\u0113jo pirkumu v\u0113sturi, vai citiem m\u0113r\u0137iem, kas paredz\u0113ti \u0161aj\u0101 Priv\u0101tuma politik\u0101.<br>M\u0113s varam ar\u012b atkl\u0101t inform\u0101ciju par jums, ja:<br>mums tas j\u0101dara saska\u0146\u0101 ar likumu;<br>lai aizsarg\u0101tu j\u016bsu ties\u012bbas vai intereses (tostarp atkl\u0101jot inform\u0101ciju par jums tre\u0161aj\u0101m person\u0101m, lai atg\u016btu par\u0101dus).<br>Personas inform\u0101cija netiek atkl\u0101ta tre\u0161aj\u0101m person\u0101m m\u0113r\u0137im, kas nav paredz\u0113ts Priv\u0101tuma politik\u0101.<\/p><p>6. J\u016bsu personas datu dro\u0161\u012bba<br>J\u016bsu personas dati tiek apstr\u0101d\u0101ti saska\u0146\u0101 ar Latvijas Republikas un Eiropas Savien\u012bbas ties\u012bbu aktiem, kas regul\u0113 \u0161o datu apstr\u0101di un aizsardz\u012bbu. Apstr\u0101d\u0101jot j\u016bsu personas datus, m\u0113s izmantojam tehniskus dro\u0161\u012bbas pas\u0101kumus, kas nodro\u0161ina personas datu aizsardz\u012bbu pret nejau\u0161u vai nelikum\u012bgu izn\u012bcin\u0101\u0161anu, izmai\u0146\u0101m, atkl\u0101\u0161anu, k\u0101 ar\u012b jebk\u0101du citu nelikum\u012bgu apstr\u0101di.<br>Ir zin\u0101ms, ka personas datu p\u0101rs\u016bt\u012b\u0161ana internet\u0101 nav dro\u0161a, un m\u0113s nevaram garant\u0113t datu dro\u0161u p\u0101rs\u016bt\u012b\u0161anu internet\u0101. <\/p><p>7. J\u016bsu piekri\u0161ana un ties\u012bbas<br>Re\u0123istr\u0113joties k\u0101 Vietnes lietot\u0101jam vai cit\u0101di izmantojot Vietn\u0113 pied\u0101v\u0101tos pakalpojumus, tostarp ieg\u0101d\u0101joties produktu, j\u016bs apstiprin\u0101t, ka esat iepazinies ar \u0161o Priv\u0101tuma politiku un piekr\u012btat tai, un t\u0101d\u0113j\u0101di pie\u0161\u0137irat mums ties\u012bbas apkopot, uzglab\u0101t, sistematiz\u0113t, izmantot un apstr\u0101d\u0101t \u0161aj\u0101 Priv\u0101tuma politik\u0101 nor\u0101d\u012btajiem m\u0113r\u0137iem visus j\u016bsu personas datus, kas \u0161eit min\u0113ti un nodoti mums Vietnes lieto\u0161anas laik\u0101.<br>J\u016bs varat iesniegt rakstisku iesniegumu (pa pastu vai elektronisko pastu), ja v\u0113laties sa\u0146emt inform\u0101ciju par avotiem un to, k\u0101dus j\u016bsu personas datus P\u0101rdev\u0113js ir apkopojis, k\u0101dam m\u0113r\u0137im \u0161ie dati tiek apstr\u0101d\u0101ti, k\u0101diem datu sa\u0146\u0113m\u0113jiem tie tiek nodoti. M\u0113s atbildam uz \u0161\u0101diem iesniegumiem saska\u0146\u0101 ar ties\u012bbu aktos noteikto k\u0101rt\u012bbu un cen\u0161amies sniegt jums inform\u0101ciju p\u0113c iesp\u0113jas \u0101tr\u0101k, bet parasti 30 dienu laik\u0101 no iesnieguma sa\u0146em\u0161anas br\u012b\u017ea.<br>Atbildot uz j\u016bsu iesniegumu, \u0161\u0101da inform\u0101cija tiek sniegta rakstiski, nos\u016btot to uz nor\u0101d\u012bto pasta vai elektronisk\u0101 pasta adresi. Inform\u0101cija par avotiem un to, k\u0101di j\u016bsu personas dati ir apkopoti, k\u0101dam m\u0113r\u0137im tie tiek apstr\u0101d\u0101ti un k\u0101diem datu sa\u0146\u0113m\u0113jiem tie ir iesniegti p\u0113d\u0113j\u0101 gada laik\u0101, tiek sniegta bez maksas vienu reizi kalend\u0101r\u0101 gada laik\u0101. Sa\u0146emot iesniegumu, mums ir ties\u012bbas piepras\u012bt iesniedz\u0113ja identit\u0101tes dokumentu vai \u0161\u012b dokumenta kopiju.<br>Jums ir ar\u012b ties\u012bbas piepras\u012bt, lai tiktu laboti nepareizi personas dati, lai tiktu p\u0101rtraukta j\u016bsu personas datu apstr\u0101de (iz\u0146emot uzglab\u0101\u0161anu), ja dati tiek apstr\u0101d\u0101ti, p\u0101rk\u0101pjot \u0161\u012bs Priv\u0101tuma politikas noteikumus; \u0161ajos gad\u012bjumos jums mums j\u0101iesniedz rakstisks iesniegums (pa pastu vai elektronisko pastu). Pamatojoties uz j\u016bsu rakstisku piepras\u012bjumu, m\u0113s varam izdz\u0113st visu j\u016bsu personisko inform\u0101ciju, tostarp j\u016bsu pirkumu v\u0113sturi. Sa\u0146emot iesniegumu, mums ir ties\u012bbas piepras\u012bt iesniedz\u0113ja identit\u0101tes dokumentu vai \u0161\u012b dokumenta kopiju.<br>Jums ir ar\u012b ties\u012bbas iesniegt s\u016bdz\u012bbu Datu valsts inspekcij\u0101<br>Latvijas Republik\u0101 vai cit\u0101 kompetent\u0101 uzraudz\u012bbas iest\u0101d\u0113.     <\/p><p>8. Atbild\u012bba<br>Re\u0123istr\u0113joties m\u016bsu T\u012bmek\u013ca vietn\u0113, j\u016bs uz\u0146ematies atbild\u012bbu par savas paroles un lietot\u0101ja datu konfidencialit\u0101ti, k\u0101 ar\u012b par jebkuru darb\u012bbu (inform\u0101cijas p\u0101rs\u016bt\u012b\u0161anu, pas\u016bt\u012bjumu veik\u0161anu utt.) m\u016bsu T\u012bmek\u013ca vietn\u0113. Ja m\u016bsu T\u012bmek\u013ca vietn\u0113 pied\u0101v\u0101tos pakalpojumus izmanto tre\u0161\u0101 persona, izmantojot j\u016bsu re\u0123istr\u0101cijas datus, m\u0113s uzskat\u0101m, ka inform\u0101ciju p\u0101rs\u016bt\u0101t un izmantojat j\u016bs. Ja pazaud\u0113jat savus re\u0123istr\u0101cijas datus, jums par to j\u0101pazi\u0146o mums pa pastu, t\u0101lruni vai e-pastu.<br>J\u016bs esat atbild\u012bgs par to, lai mums sniegtie dati b\u016btu prec\u012bzi, pareizi un detaliz\u0113ti. Ja j\u016bsu iepriek\u0161 iesniegtie dati (kontaktinform\u0101cija) ir main\u012bju\u0161ies, l\u016bdzu, pazi\u0146ojiet mums par to pa e-pastu. M\u0113s neesam atbild\u012bgi par zaud\u0113jumiem, kas radu\u0161ies t\u0101p\u0113c, ka esat iesniedzis nepareizus vai nepietiekamus datus vai neesat pazi\u0146ojis mums par datu izmai\u0146\u0101m.    <\/p><p>9. Priv\u0101tuma politikas izmai\u0146as<br>M\u0113s paturam ties\u012bbas jebkur\u0101 laik\u0101 atjaunin\u0101t vai main\u012bt Priv\u0101tuma politiku. \u0160\u0101da atjaunota vai main\u012bta Priv\u0101tuma politika st\u0101jas sp\u0113k\u0101 no public\u0113\u0161anas br\u012b\u017ea T\u012bmek\u013ca vietn\u0113. Lai j\u016bs b\u016btu inform\u0113ts par iesp\u0113jam\u0101m Priv\u0101tuma politikas izmai\u0146\u0101m, jums laiku pa laikam j\u0101apmekl\u0113 \u0161\u012b T\u012bmek\u013ca vietne un j\u0101p\u0101rliecin\u0101s, vai esat apmierin\u0101ts ar Priv\u0101tuma politikas pa\u0161reiz\u0113jo versiju.  <\/p><p>10. Kontaktinform\u0101cija<br>Ja jums ir k\u0101di jaut\u0101jumi saist\u012bb\u0101 ar \u0161\u012bs Priv\u0101tuma politikas noteikumiem, l\u016bdzu, sazinieties ar mums pa \u0161\u0101du adresi:<br>SIA \u201cBeauty Baltic\u201d<br>R\u016bpniec\u012bbas iela 32B\u20131H, R\u012bga, LV-1045<br>Re\u0123istr\u0101cijas Nr. 40203077960<br>PVN re\u0123istr\u0101cijas Nr. LV40203077960 <\/p><p>E-pasta adrese: info@onabits.com<br>Kontaktt\u0101lrunis: +371 25867806<\/p><p>Priv\u0101tuma politika p\u0113d\u0113jo reizi atjaunin\u0101ta 01.11.2025.<\/p>\t\t\t\t\t\t\t\t<\/div>\n\t\t\t\t\t<\/div>\n\t\t\t\t<\/div>\n\t\t\t\t<\/div>\n\t\t","protected":false},"excerpt":{"rendered":"<p>Priv\u0101tuma politika P\u0113d\u0113joreiz atjaunin\u0101ts: 2025. gada novembr\u012b 1. Ko noz\u012bm\u0113 \u0161\u012b priv\u0101tuma politika?Mums r\u016bp j\u016bsu priv\u0101tums un personas datu dro\u0161\u012bba. \u012astenojot Eiropas Parlamenta un Padomes Regulu (ES) 2016\/679 (2016. gada [&hellip;]<\/p>\n","protected":false},"author":1,"featured_media":0,"parent":0,"menu_order":0,"comment_status":"closed","ping_status":"closed","template":"","meta":{"pagelayer_contact_templates":[],"_pagelayer_content":"","footnotes":""},"class_list":["post-1331","page","type-page","status-publish","hentry"],"_links":{"self":[{"href":"https:\/\/onabits.com\/lv\/wp-json\/wp\/v2\/pages\/1331","targetHints":{"allow":["GET"]}}],"collection":[{"href":"https:\/\/onabits.com\/lv\/wp-json\/wp\/v2\/pages"}],"about":[{"href":"https:\/\/onabits.com\/lv\/wp-json\/wp\/v2\/types\/page"}],"author":[{"embeddable":true,"href":"https:\/\/onabits.com\/lv\/wp-json\/wp\/v2\/users\/1"}],"replies":[{"embeddable":true,"href":"https:\/\/onabits.com\/lv\/wp-json\/wp\/v2\/comments?post=1331"}],"version-history":[{"count":1,"href":"https:\/\/onabits.com\/lv\/wp-json\/wp\/v2\/pages\/1331\/revisions"}],"predecessor-version":[{"id":1332,"href":"https:\/\/onabits.com\/lv\/wp-json\/wp\/v2\/pages\/1331\/revisions\/1332"}],"wp:attachment":[{"href":"https:\/\/onabits.com\/lv\/wp-json\/wp\/v2\/media?parent=1331"}],"curies":[{"name":"wp","href":"https:\/\/api.w.org\/{rel}","templated":true}]}}