{"id":2162,"date":"2026-01-05T13:32:27","date_gmt":"2026-01-05T10:32:27","guid":{"rendered":"https:\/\/onabits.com\/product\/karbida-uzgalis-ona-907001\/"},"modified":"2026-01-05T13:32:27","modified_gmt":"2026-01-05T10:32:27","slug":"karbida-uzgalis-ona-907001","status":"publish","type":"product","link":"https:\/\/onabits.com\/lv\/products\/karbida-uzgalis-ona-907001\/","title":{"rendered":"Karb\u012bda uzgalis ONA 907001"},"content":{"rendered":"<p>Profesion\u0101ls karb\u012bda uzgalis materi\u0101la no\u0146em\u0161anai manik\u012bra un pedik\u012bra proced\u016br\u0101s.<\/p>\n<p>Paredz\u0113ts dro\u0161ai un efekt\u012bvai g\u0113la, g\u0113la lakas, akrila vai hibr\u012bda p\u0101rkl\u0101jumu no\u0146em\u0161anai vai apstr\u0101dei \u2014 atkar\u012bb\u0101 no uzga\u013ca raupjuma.<\/p>\n<p>Nodro\u0161ina vienm\u0113r\u012bgu, prec\u012bzu darb\u012bbu bez karstuma uzkr\u0101\u0161an\u0101s.<\/p>\n<p>Nagu uzga\u013cu pielietojuma piem\u0113ri ir sniegti k\u0101 atsauce un var at\u0161\u0137irties atkar\u012bb\u0101 no tehni\u0137a darba tehnikas.<\/p>\n<p><a href=\"https:\/\/onabits.com\/lv\/instrukcijas\/\">Noklik\u0161\u0137iniet \u0161eit<\/a>, lai piek\u013c\u016btu lietot\u0101ja rokasgr\u0101mat\u0101m un dro\u0161\u012bbas instrukcij\u0101m.<\/p>\n","protected":false},"excerpt":{"rendered":"<p>Forma: kukur\u016bza<\/p>\n<p>Darba da\u013cas diametrs, mm: 6,1<\/p>\n<p>Darba da\u013cas garums, mm: 13,5<\/p>\n<p>K\u0101ta diametrs, mm: 2,35<\/p>\n<p>Griezuma veids: krustenisks (tr\u012bsk\u0101r\u0161s)<\/p>\n<p>Rupjums: vid\u0113js (violets)<\/p>\n<p>Modelis: ONA 907001<\/p>\n","protected":false},"featured_media":907,"comment_status":"open","ping_status":"closed","template":"","meta":{"pagelayer_contact_templates":[],"_pagelayer_content":""},"product_brand":[65],"product_cat":[79,113],"product_tag":[],"class_list":{"0":"post-2162","1":"product","2":"type-product","3":"status-publish","4":"has-post-thumbnail","6":"product_brand-ona-bits","7":"product_cat-ona-karbida-uzgali","8":"product_cat-violets-videjs","10":"first","11":"instock","12":"taxable","13":"shipping-taxable","14":"purchasable","15":"product-type-simple"},"_links":{"self":[{"href":"https:\/\/onabits.com\/lv\/wp-json\/wp\/v2\/product\/2162","targetHints":{"allow":["GET"]}}],"collection":[{"href":"https:\/\/onabits.com\/lv\/wp-json\/wp\/v2\/product"}],"about":[{"href":"https:\/\/onabits.com\/lv\/wp-json\/wp\/v2\/types\/product"}],"replies":[{"embeddable":true,"href":"https:\/\/onabits.com\/lv\/wp-json\/wp\/v2\/comments?post=2162"}],"wp:featuredmedia":[{"embeddable":true,"href":"https:\/\/onabits.com\/lv\/wp-json\/wp\/v2\/media\/907"}],"wp:attachment":[{"href":"https:\/\/onabits.com\/lv\/wp-json\/wp\/v2\/media?parent=2162"}],"wp:term":[{"taxonomy":"product_brand","embeddable":true,"href":"https:\/\/onabits.com\/lv\/wp-json\/wp\/v2\/product_brand?post=2162"},{"taxonomy":"product_cat","embeddable":true,"href":"https:\/\/onabits.com\/lv\/wp-json\/wp\/v2\/product_cat?post=2162"},{"taxonomy":"product_tag","embeddable":true,"href":"https:\/\/onabits.com\/lv\/wp-json\/wp\/v2\/product_tag?post=2162"}],"curies":[{"name":"wp","href":"https:\/\/api.w.org\/{rel}","templated":true}]}}